{"id":23287,"date":"2024-09-17T16:42:35","date_gmt":"2024-09-17T14:42:35","guid":{"rendered":"https:\/\/www.lyoncitytour.fr\/city-locker\/"},"modified":"2025-02-21T10:48:57","modified_gmt":"2025-02-21T09:48:57","slug":"city-locker","status":"publish","type":"page","link":"https:\/\/www.lyoncitytour.fr\/de\/city-locker\/","title":{"rendered":"Gep\u00e4ckaufbewahrung"},"content":{"rendered":"\t\t<div data-elementor-type=\"wp-page\" data-elementor-id=\"23287\" class=\"elementor elementor-23287 elementor-17596\" data-elementor-settings=\"{&quot;ha_cmc_init_switcher&quot;:&quot;no&quot;}\" data-elementor-post-type=\"page\">\n\t\t\t\t<div class=\"elementor-element elementor-element-998cc3f e-flex e-con-boxed e-con e-parent\" data-id=\"998cc3f\" data-element_type=\"container\" data-e-type=\"container\" data-settings=\"{&quot;_ha_eqh_enable&quot;:false}\">\n\t\t\t\t\t<div class=\"e-con-inner\">\n\t\t\t\t<div class=\"elementor-element elementor-element-7452c6e ha-has-bg-overlay elementor-widget elementor-widget-heading\" data-id=\"7452c6e\" data-element_type=\"widget\" data-e-type=\"widget\" data-widget_type=\"heading.default\">\n\t\t\t\t<div class=\"elementor-widget-container\">\n\t\t\t\t\t<h2 class=\"elementor-heading-title elementor-size-default\">Genie\u00dfen Sie Lyon freih\u00e4ndig und mit ruhigem Gewissen mit unserem Partner CITY-LOCKER.<br><\/h2>\t\t\t\t<\/div>\n\t\t\t\t<\/div>\n\t\t\t\t\t<\/div>\n\t\t\t\t<\/div>\n\t\t<div class=\"elementor-element elementor-element-78e7acc e-flex e-con-boxed e-con e-parent\" data-id=\"78e7acc\" data-element_type=\"container\" data-e-type=\"container\" data-settings=\"{&quot;_ha_eqh_enable&quot;:false}\">\n\t\t\t\t\t<div class=\"e-con-inner\">\n\t\t<div class=\"elementor-element elementor-element-db8c384 e-grid e-con-full e-con e-child\" data-id=\"db8c384\" data-element_type=\"container\" data-e-type=\"container\" data-settings=\"{&quot;_ha_eqh_enable&quot;:false}\">\n\t\t\t\t<div class=\"elementor-element elementor-element-79629b1 elementor-widget elementor-widget-image\" data-id=\"79629b1\" data-element_type=\"widget\" data-e-type=\"widget\" data-widget_type=\"image.default\">\n\t\t\t\t<div class=\"elementor-widget-container\">\n\t\t\t\t\t\t\t\t\t\t\t\t\t\t\t<img fetchpriority=\"high\" decoding=\"async\" width=\"1695\" height=\"2057\" src=\"https:\/\/www.lyoncitytour.fr\/wp-content\/uploads\/City-Locker-LyonCordeliers-BD-1-2.jpg\" class=\"attachment-full size-full wp-image-22391\" alt=\"\" srcset=\"https:\/\/www.lyoncitytour.fr\/wp-content\/uploads\/City-Locker-LyonCordeliers-BD-1-2.jpg 1695w, https:\/\/www.lyoncitytour.fr\/wp-content\/uploads\/City-Locker-LyonCordeliers-BD-1-2-247x300.jpg 247w, https:\/\/www.lyoncitytour.fr\/wp-content\/uploads\/City-Locker-LyonCordeliers-BD-1-2-844x1024.jpg 844w, https:\/\/www.lyoncitytour.fr\/wp-content\/uploads\/City-Locker-LyonCordeliers-BD-1-2-768x932.jpg 768w, https:\/\/www.lyoncitytour.fr\/wp-content\/uploads\/City-Locker-LyonCordeliers-BD-1-2-1266x1536.jpg 1266w, https:\/\/www.lyoncitytour.fr\/wp-content\/uploads\/City-Locker-LyonCordeliers-BD-1-2-1688x2048.jpg 1688w, https:\/\/www.lyoncitytour.fr\/wp-content\/uploads\/City-Locker-LyonCordeliers-BD-1-2-370x449.jpg 370w, https:\/\/www.lyoncitytour.fr\/wp-content\/uploads\/City-Locker-LyonCordeliers-BD-1-2-760x922.jpg 760w, https:\/\/www.lyoncitytour.fr\/wp-content\/uploads\/City-Locker-LyonCordeliers-BD-1-2-600x728.jpg 600w\" sizes=\"(max-width: 1695px) 100vw, 1695px\" \/>\t\t\t\t\t\t\t\t\t\t\t\t\t\t\t<\/div>\n\t\t\t\t<\/div>\n\t\t\t\t<div class=\"elementor-element elementor-element-342e92f elementor-widget elementor-widget-text-editor\" data-id=\"342e92f\" data-element_type=\"widget\" data-e-type=\"widget\" data-widget_type=\"text-editor.default\">\n\t\t\t\t<div class=\"elementor-widget-container\">\n\t\t\t\t\t\t\t\t\t<p><strong>Genie\u00dfen Sie Lyon<\/strong>, ohne sich Sorgen um die Sicherheit Ihres Gep\u00e4cks machen zu m\u00fcssen!<\/p><p>Ihre Koffer und Taschen werden in <strong>einem vollst\u00e4ndig gesicherten Gesch\u00e4ft<\/strong> mit <strong>24-st\u00fcndiger Video\u00fcberwachung<\/strong> aufbewahrt. Das Gesch\u00e4ft befindet sich im Hyperzentrum, in der N\u00e4he der U-Bahnstation Cordeliers, 10 Minuten mit der U-Bahn von den Bahnh\u00f6fen Perrache und Part-Dieu entfernt. <\/p><p>Super schnelle und einfache Buchung. <span style=\"color: #ff6600;\"><strong>CITY-LOCKER ist 7 Tage die Woche von 8 bis 22 Uhr ge\u00f6ffnet<\/strong><\/span> . Sie sind v\u00f6llig autark und k\u00f6nnen im Laufe des Tages so oft auf Ihr Schlie\u00dffach zugreifen, wie Sie m\u00f6chten. <\/p><p>Unsere <strong>Telefonhotline steht Ihnen von 8.00 bis 22.00 Uhr<\/strong> zur Verf\u00fcgung, um Ihnen bei Bedarf w\u00e4hrend Ihres Besuchs zu helfen.<\/p><p>Online-Reservierungen auf unserer Website: https:\/\/lyon.city-locker.com\/fr\/<br><strong>Erhalten Sie 15% Rabatt mit dem Code CITYTOUR<\/strong><\/p>\t\t\t\t\t\t\t\t<\/div>\n\t\t\t\t<\/div>\n\t\t\t\t<div class=\"elementor-element elementor-element-fb4e19a elementor-widget elementor-widget-image\" data-id=\"fb4e19a\" data-element_type=\"widget\" data-e-type=\"widget\" data-widget_type=\"image.default\">\n\t\t\t\t<div class=\"elementor-widget-container\">\n\t\t\t\t\t\t\t\t\t\t\t\t\t\t\t<img decoding=\"async\" width=\"1024\" height=\"768\" src=\"https:\/\/www.lyoncitytour.fr\/wp-content\/uploads\/City-Locker-LyonCordeliers-BD-7-1024x768.jpg\" class=\"attachment-large size-large wp-image-22355\" alt=\"\" srcset=\"https:\/\/www.lyoncitytour.fr\/wp-content\/uploads\/City-Locker-LyonCordeliers-BD-7-1024x768.jpg 1024w, https:\/\/www.lyoncitytour.fr\/wp-content\/uploads\/City-Locker-LyonCordeliers-BD-7-300x225.jpg 300w, https:\/\/www.lyoncitytour.fr\/wp-content\/uploads\/City-Locker-LyonCordeliers-BD-7-768x576.jpg 768w, https:\/\/www.lyoncitytour.fr\/wp-content\/uploads\/City-Locker-LyonCordeliers-BD-7-1536x1152.jpg 1536w, https:\/\/www.lyoncitytour.fr\/wp-content\/uploads\/City-Locker-LyonCordeliers-BD-7-2048x1536.jpg 2048w, https:\/\/www.lyoncitytour.fr\/wp-content\/uploads\/City-Locker-LyonCordeliers-BD-7-370x278.jpg 370w, https:\/\/www.lyoncitytour.fr\/wp-content\/uploads\/City-Locker-LyonCordeliers-BD-7-760x570.jpg 760w, https:\/\/www.lyoncitytour.fr\/wp-content\/uploads\/City-Locker-LyonCordeliers-BD-7-600x450.jpg 600w\" sizes=\"(max-width: 1024px) 100vw, 1024px\" \/>\t\t\t\t\t\t\t\t\t\t\t\t\t\t\t<\/div>\n\t\t\t\t<\/div>\n\t\t\t\t<div class=\"elementor-element elementor-element-6a29a8f elementor-widget__width-initial elementor-widget elementor-widget-image\" data-id=\"6a29a8f\" data-element_type=\"widget\" data-e-type=\"widget\" data-widget_type=\"image.default\">\n\t\t\t\t<div class=\"elementor-widget-container\">\n\t\t\t\t\t\t\t\t\t\t\t\t\t\t\t<img decoding=\"async\" width=\"1024\" height=\"768\" src=\"https:\/\/www.lyoncitytour.fr\/wp-content\/uploads\/City-Locker-LyonCordeliers-BD-10-1024x768.jpg\" class=\"attachment-large size-large wp-image-22359\" alt=\"\" srcset=\"https:\/\/www.lyoncitytour.fr\/wp-content\/uploads\/City-Locker-LyonCordeliers-BD-10-1024x768.jpg 1024w, https:\/\/www.lyoncitytour.fr\/wp-content\/uploads\/City-Locker-LyonCordeliers-BD-10-300x225.jpg 300w, https:\/\/www.lyoncitytour.fr\/wp-content\/uploads\/City-Locker-LyonCordeliers-BD-10-768x576.jpg 768w, https:\/\/www.lyoncitytour.fr\/wp-content\/uploads\/City-Locker-LyonCordeliers-BD-10-1536x1152.jpg 1536w, https:\/\/www.lyoncitytour.fr\/wp-content\/uploads\/City-Locker-LyonCordeliers-BD-10-2048x1536.jpg 2048w, https:\/\/www.lyoncitytour.fr\/wp-content\/uploads\/City-Locker-LyonCordeliers-BD-10-370x278.jpg 370w, https:\/\/www.lyoncitytour.fr\/wp-content\/uploads\/City-Locker-LyonCordeliers-BD-10-760x570.jpg 760w, https:\/\/www.lyoncitytour.fr\/wp-content\/uploads\/City-Locker-LyonCordeliers-BD-10-600x450.jpg 600w\" sizes=\"(max-width: 1024px) 100vw, 1024px\" \/>\t\t\t\t\t\t\t\t\t\t\t\t\t\t\t<\/div>\n\t\t\t\t<\/div>\n\t\t\t\t<\/div>\n\t\t\t\t<div class=\"elementor-element elementor-element-2054b60 elementor-widget elementor-widget-button\" data-id=\"2054b60\" data-element_type=\"widget\" data-e-type=\"widget\" data-widget_type=\"button.default\">\n\t\t\t\t<div class=\"elementor-widget-container\">\n\t\t\t\t\t\t\t\t\t<div class=\"elementor-button-wrapper\">\n\t\t\t\t\t<a class=\"elementor-button elementor-button-link elementor-size-sm\" href=\"#\">\n\t\t\t\t\t\t<span class=\"elementor-button-content-wrapper\">\n\t\t\t\t\t\t<span class=\"elementor-button-icon\">\n\t\t\t\t<svg aria-hidden=\"true\" class=\"e-font-icon-svg e-far-hand-point-down\" viewBox=\"0 0 448 512\" xmlns=\"http:\/\/www.w3.org\/2000\/svg\"><path d=\"M188.8 512c45.616 0 83.2-37.765 83.2-83.2v-35.647a93.148 93.148 0 0 0 22.064-7.929c22.006 2.507 44.978-3.503 62.791-15.985C409.342 368.1 448 331.841 448 269.299V248c0-60.063-40-98.512-40-127.2v-2.679c4.952-5.747 8-13.536 8-22.12V32c0-17.673-12.894-32-28.8-32H156.8C140.894 0 128 14.327 128 32v64c0 8.584 3.048 16.373 8 22.12v2.679c0 6.964-6.193 14.862-23.668 30.183l-.148.129-.146.131c-9.937 8.856-20.841 18.116-33.253 25.851C48.537 195.798 0 207.486 0 252.8c0 56.928 35.286 92 83.2 92 8.026 0 15.489-.814 22.4-2.176V428.8c0 45.099 38.101 83.2 83.2 83.2zm0-48c-18.7 0-35.2-16.775-35.2-35.2V270.4c-17.325 0-35.2 26.4-70.4 26.4-26.4 0-35.2-20.625-35.2-44 0-8.794 32.712-20.445 56.1-34.926 14.575-9.074 27.225-19.524 39.875-30.799 18.374-16.109 36.633-33.836 39.596-59.075h176.752C364.087 170.79 400 202.509 400 248v21.299c0 40.524-22.197 57.124-61.325 50.601-8.001 14.612-33.979 24.151-53.625 12.925-18.225 19.365-46.381 17.787-61.05 4.95V428.8c0 18.975-16.225 35.2-35.2 35.2zM328 64c0-13.255 10.745-24 24-24s24 10.745 24 24-10.745 24-24 24-24-10.745-24-24z\"><\/path><\/svg>\t\t\t<\/span>\n\t\t\t\t\t\t\t\t\t<span class=\"elementor-button-text\">https:\/\/lyon.city-locker.com\/fr\/<\/span>\n\t\t\t\t\t<\/span>\n\t\t\t\t\t<\/a>\n\t\t\t\t<\/div>\n\t\t\t\t\t\t\t\t<\/div>\n\t\t\t\t<\/div>\n\t\t\t\t\t<\/div>\n\t\t\t\t<\/div>\n\t\t<div class=\"elementor-element elementor-element-f2421e0 e-flex e-con-boxed e-con e-parent\" data-id=\"f2421e0\" data-element_type=\"container\" data-e-type=\"container\" data-settings=\"{&quot;_ha_eqh_enable&quot;:false}\">\n\t\t\t\t\t<div class=\"e-con-inner\">\n\t\t\t\t<div class=\"elementor-element elementor-element-a6e8a46 elementor-widget elementor-widget-image\" data-id=\"a6e8a46\" data-element_type=\"widget\" data-e-type=\"widget\" data-widget_type=\"image.default\">\n\t\t\t\t<div class=\"elementor-widget-container\">\n\t\t\t\t\t\t\t\t\t\t\t\t\t\t\t<img loading=\"lazy\" decoding=\"async\" width=\"404\" height=\"153\" src=\"https:\/\/www.lyoncitytour.fr\/wp-content\/uploads\/Code-Promo.jpeg\" class=\"attachment-large size-large wp-image-22387\" alt=\"\" srcset=\"https:\/\/www.lyoncitytour.fr\/wp-content\/uploads\/Code-Promo.jpeg 404w, https:\/\/www.lyoncitytour.fr\/wp-content\/uploads\/Code-Promo-300x114.jpeg 300w, https:\/\/www.lyoncitytour.fr\/wp-content\/uploads\/Code-Promo-370x140.jpeg 370w\" sizes=\"(max-width: 404px) 100vw, 404px\" \/>\t\t\t\t\t\t\t\t\t\t\t\t\t\t\t<\/div>\n\t\t\t\t<\/div>\n\t\t\t\t\t<\/div>\n\t\t\t\t<\/div>\n\t\t<div class=\"elementor-element elementor-element-10f72a1 e-flex e-con-boxed e-con e-parent\" data-id=\"10f72a1\" data-element_type=\"container\" data-e-type=\"container\" data-settings=\"{&quot;_ha_eqh_enable&quot;:false}\">\n\t\t\t\t\t<div class=\"e-con-inner\">\n\t\t\t\t\t<\/div>\n\t\t\t\t<\/div>\n\t\t\t\t<\/div>\n\t\t","protected":false},"excerpt":{"rendered":"<p>Genie\u00dfen Sie Lyon freih\u00e4ndig und mit ruhigem Gewissen mit unserem Partner CITY-LOCKER. Genie\u00dfen Sie Lyon, ohne sich Sorgen um die Sicherheit Ihres Gep\u00e4cks machen zu m\u00fcssen! Ihre Koffer und Taschen werden in einem vollst\u00e4ndig gesicherten Gesch\u00e4ft mit 24-st\u00fcndiger Video\u00fcberwachung aufbewahrt. Das Gesch\u00e4ft befindet sich im Hyperzentrum, in der N\u00e4he der U-Bahnstation Cordeliers, 10 Minuten mit der U-Bahn von den Bahnh\u00f6fen&hellip;<\/p>\n","protected":false},"author":5,"featured_media":0,"parent":0,"menu_order":0,"comment_status":"closed","ping_status":"closed","template":"","meta":{"footnotes":""},"class_list":["post-23287","page","type-page","status-publish","hentry"],"yoast_head":"<!-- This site is optimized with the Yoast SEO plugin v27.4 - https:\/\/yoast.com\/product\/yoast-seo-wordpress\/ -->\n<title>Gep\u00e4ckaufbewahrung - Lyon City Tour<\/title>\n<meta name=\"robots\" content=\"index, follow, max-snippet:-1, max-image-preview:large, max-video-preview:-1\" \/>\n<link rel=\"canonical\" href=\"https:\/\/www.lyoncitytour.fr\/de\/city-locker\/\" \/>\n<meta property=\"og:locale\" content=\"de_DE\" \/>\n<meta property=\"og:type\" content=\"article\" \/>\n<meta property=\"og:title\" content=\"Gep\u00e4ckaufbewahrung - Lyon City Tour\" \/>\n<meta property=\"og:description\" content=\"Genie\u00dfen Sie Lyon freih\u00e4ndig und mit ruhigem Gewissen mit unserem Partner CITY-LOCKER. Genie\u00dfen Sie Lyon, ohne sich Sorgen um die Sicherheit Ihres Gep\u00e4cks machen zu m\u00fcssen! Ihre Koffer und Taschen werden in einem vollst\u00e4ndig gesicherten Gesch\u00e4ft mit 24-st\u00fcndiger Video\u00fcberwachung aufbewahrt. Das Gesch\u00e4ft befindet sich im Hyperzentrum, in der N\u00e4he der U-Bahnstation Cordeliers, 10 Minuten mit der U-Bahn von den Bahnh\u00f6fen&hellip;\" \/>\n<meta property=\"og:url\" content=\"https:\/\/www.lyoncitytour.fr\/de\/city-locker\/\" \/>\n<meta property=\"og:site_name\" content=\"Lyon City Tour\" \/>\n<meta property=\"article:modified_time\" content=\"2025-02-21T09:48:57+00:00\" \/>\n<meta property=\"og:image\" content=\"https:\/\/www.lyoncitytour.fr\/wp-content\/uploads\/City-Locker-LyonCordeliers-BD-1-2.jpg\" \/>\n\t<meta property=\"og:image:width\" content=\"1695\" \/>\n\t<meta property=\"og:image:height\" content=\"2057\" \/>\n\t<meta property=\"og:image:type\" content=\"image\/jpeg\" \/>\n<meta name=\"twitter:card\" content=\"summary_large_image\" \/>\n<meta name=\"twitter:label1\" content=\"Gesch\u00e4tzte Lesezeit\" \/>\n\t<meta name=\"twitter:data1\" content=\"1\u00a0Minute\" \/>\n<script type=\"application\/ld+json\" class=\"yoast-schema-graph\">{\"@context\":\"https:\\\/\\\/schema.org\",\"@graph\":[{\"@type\":\"WebPage\",\"@id\":\"https:\\\/\\\/www.lyoncitytour.fr\\\/de\\\/city-locker\\\/\",\"url\":\"https:\\\/\\\/www.lyoncitytour.fr\\\/de\\\/city-locker\\\/\",\"name\":\"Gep\u00e4ckaufbewahrung - Lyon City Tour\",\"isPartOf\":{\"@id\":\"https:\\\/\\\/www.lyoncitytour.fr\\\/de\\\/#website\"},\"primaryImageOfPage\":{\"@id\":\"https:\\\/\\\/www.lyoncitytour.fr\\\/de\\\/city-locker\\\/#primaryimage\"},\"image\":{\"@id\":\"https:\\\/\\\/www.lyoncitytour.fr\\\/de\\\/city-locker\\\/#primaryimage\"},\"thumbnailUrl\":\"https:\\\/\\\/www.lyoncitytour.fr\\\/wp-content\\\/uploads\\\/City-Locker-LyonCordeliers-BD-1-2.jpg\",\"datePublished\":\"2024-09-17T14:42:35+00:00\",\"dateModified\":\"2025-02-21T09:48:57+00:00\",\"breadcrumb\":{\"@id\":\"https:\\\/\\\/www.lyoncitytour.fr\\\/de\\\/city-locker\\\/#breadcrumb\"},\"inLanguage\":\"de\",\"potentialAction\":[{\"@type\":\"ReadAction\",\"target\":[\"https:\\\/\\\/www.lyoncitytour.fr\\\/de\\\/city-locker\\\/\"]}]},{\"@type\":\"ImageObject\",\"inLanguage\":\"de\",\"@id\":\"https:\\\/\\\/www.lyoncitytour.fr\\\/de\\\/city-locker\\\/#primaryimage\",\"url\":\"https:\\\/\\\/www.lyoncitytour.fr\\\/wp-content\\\/uploads\\\/City-Locker-LyonCordeliers-BD-1-2.jpg\",\"contentUrl\":\"https:\\\/\\\/www.lyoncitytour.fr\\\/wp-content\\\/uploads\\\/City-Locker-LyonCordeliers-BD-1-2.jpg\"},{\"@type\":\"BreadcrumbList\",\"@id\":\"https:\\\/\\\/www.lyoncitytour.fr\\\/de\\\/city-locker\\\/#breadcrumb\",\"itemListElement\":[{\"@type\":\"ListItem\",\"position\":1,\"name\":\"Accueil\",\"item\":\"https:\\\/\\\/www.lyoncitytour.fr\\\/de\\\/accueil\\\/\"},{\"@type\":\"ListItem\",\"position\":2,\"name\":\"Gep\u00e4ckaufbewahrung\"}]},{\"@type\":\"WebSite\",\"@id\":\"https:\\\/\\\/www.lyoncitytour.fr\\\/de\\\/#website\",\"url\":\"https:\\\/\\\/www.lyoncitytour.fr\\\/de\\\/\",\"name\":\"Lyon City Tour\",\"description\":\"\",\"publisher\":{\"@id\":\"https:\\\/\\\/www.lyoncitytour.fr\\\/de\\\/#organization\"},\"potentialAction\":[{\"@type\":\"SearchAction\",\"target\":{\"@type\":\"EntryPoint\",\"urlTemplate\":\"https:\\\/\\\/www.lyoncitytour.fr\\\/de\\\/?s={search_term_string}\"},\"query-input\":{\"@type\":\"PropertyValueSpecification\",\"valueRequired\":true,\"valueName\":\"search_term_string\"}}],\"inLanguage\":\"de\"},{\"@type\":\"Organization\",\"@id\":\"https:\\\/\\\/www.lyoncitytour.fr\\\/de\\\/#organization\",\"name\":\"Lyon City Tour\",\"url\":\"https:\\\/\\\/www.lyoncitytour.fr\\\/de\\\/\",\"logo\":{\"@type\":\"ImageObject\",\"inLanguage\":\"de\",\"@id\":\"https:\\\/\\\/www.lyoncitytour.fr\\\/de\\\/#\\\/schema\\\/logo\\\/image\\\/\",\"url\":\"https:\\\/\\\/www.lyoncitytour.fr\\\/wp-content\\\/uploads\\\/2019\\\/03\\\/logo.png\",\"contentUrl\":\"https:\\\/\\\/www.lyoncitytour.fr\\\/wp-content\\\/uploads\\\/2019\\\/03\\\/logo.png\",\"width\":572,\"height\":287,\"caption\":\"Lyon City Tour\"},\"image\":{\"@id\":\"https:\\\/\\\/www.lyoncitytour.fr\\\/de\\\/#\\\/schema\\\/logo\\\/image\\\/\"}}]}<\/script>\n<!-- \/ Yoast SEO plugin. -->","yoast_head_json":{"title":"Gep\u00e4ckaufbewahrung - Lyon City Tour","robots":{"index":"index","follow":"follow","max-snippet":"max-snippet:-1","max-image-preview":"max-image-preview:large","max-video-preview":"max-video-preview:-1"},"canonical":"https:\/\/www.lyoncitytour.fr\/de\/city-locker\/","og_locale":"de_DE","og_type":"article","og_title":"Gep\u00e4ckaufbewahrung - Lyon City Tour","og_description":"Genie\u00dfen Sie Lyon freih\u00e4ndig und mit ruhigem Gewissen mit unserem Partner CITY-LOCKER. Genie\u00dfen Sie Lyon, ohne sich Sorgen um die Sicherheit Ihres Gep\u00e4cks machen zu m\u00fcssen! Ihre Koffer und Taschen werden in einem vollst\u00e4ndig gesicherten Gesch\u00e4ft mit 24-st\u00fcndiger Video\u00fcberwachung aufbewahrt. Das Gesch\u00e4ft befindet sich im Hyperzentrum, in der N\u00e4he der U-Bahnstation Cordeliers, 10 Minuten mit der U-Bahn von den Bahnh\u00f6fen&hellip;","og_url":"https:\/\/www.lyoncitytour.fr\/de\/city-locker\/","og_site_name":"Lyon City Tour","article_modified_time":"2025-02-21T09:48:57+00:00","og_image":[{"width":1695,"height":2057,"url":"https:\/\/www.lyoncitytour.fr\/wp-content\/uploads\/City-Locker-LyonCordeliers-BD-1-2.jpg","type":"image\/jpeg"}],"twitter_card":"summary_large_image","twitter_misc":{"Gesch\u00e4tzte Lesezeit":"1\u00a0Minute"},"schema":{"@context":"https:\/\/schema.org","@graph":[{"@type":"WebPage","@id":"https:\/\/www.lyoncitytour.fr\/de\/city-locker\/","url":"https:\/\/www.lyoncitytour.fr\/de\/city-locker\/","name":"Gep\u00e4ckaufbewahrung - Lyon City Tour","isPartOf":{"@id":"https:\/\/www.lyoncitytour.fr\/de\/#website"},"primaryImageOfPage":{"@id":"https:\/\/www.lyoncitytour.fr\/de\/city-locker\/#primaryimage"},"image":{"@id":"https:\/\/www.lyoncitytour.fr\/de\/city-locker\/#primaryimage"},"thumbnailUrl":"https:\/\/www.lyoncitytour.fr\/wp-content\/uploads\/City-Locker-LyonCordeliers-BD-1-2.jpg","datePublished":"2024-09-17T14:42:35+00:00","dateModified":"2025-02-21T09:48:57+00:00","breadcrumb":{"@id":"https:\/\/www.lyoncitytour.fr\/de\/city-locker\/#breadcrumb"},"inLanguage":"de","potentialAction":[{"@type":"ReadAction","target":["https:\/\/www.lyoncitytour.fr\/de\/city-locker\/"]}]},{"@type":"ImageObject","inLanguage":"de","@id":"https:\/\/www.lyoncitytour.fr\/de\/city-locker\/#primaryimage","url":"https:\/\/www.lyoncitytour.fr\/wp-content\/uploads\/City-Locker-LyonCordeliers-BD-1-2.jpg","contentUrl":"https:\/\/www.lyoncitytour.fr\/wp-content\/uploads\/City-Locker-LyonCordeliers-BD-1-2.jpg"},{"@type":"BreadcrumbList","@id":"https:\/\/www.lyoncitytour.fr\/de\/city-locker\/#breadcrumb","itemListElement":[{"@type":"ListItem","position":1,"name":"Accueil","item":"https:\/\/www.lyoncitytour.fr\/de\/accueil\/"},{"@type":"ListItem","position":2,"name":"Gep\u00e4ckaufbewahrung"}]},{"@type":"WebSite","@id":"https:\/\/www.lyoncitytour.fr\/de\/#website","url":"https:\/\/www.lyoncitytour.fr\/de\/","name":"Lyon City Tour","description":"","publisher":{"@id":"https:\/\/www.lyoncitytour.fr\/de\/#organization"},"potentialAction":[{"@type":"SearchAction","target":{"@type":"EntryPoint","urlTemplate":"https:\/\/www.lyoncitytour.fr\/de\/?s={search_term_string}"},"query-input":{"@type":"PropertyValueSpecification","valueRequired":true,"valueName":"search_term_string"}}],"inLanguage":"de"},{"@type":"Organization","@id":"https:\/\/www.lyoncitytour.fr\/de\/#organization","name":"Lyon City Tour","url":"https:\/\/www.lyoncitytour.fr\/de\/","logo":{"@type":"ImageObject","inLanguage":"de","@id":"https:\/\/www.lyoncitytour.fr\/de\/#\/schema\/logo\/image\/","url":"https:\/\/www.lyoncitytour.fr\/wp-content\/uploads\/2019\/03\/logo.png","contentUrl":"https:\/\/www.lyoncitytour.fr\/wp-content\/uploads\/2019\/03\/logo.png","width":572,"height":287,"caption":"Lyon City Tour"},"image":{"@id":"https:\/\/www.lyoncitytour.fr\/de\/#\/schema\/logo\/image\/"}}]}},"_links":{"self":[{"href":"https:\/\/www.lyoncitytour.fr\/de\/wp-json\/wp\/v2\/pages\/23287","targetHints":{"allow":["GET"]}}],"collection":[{"href":"https:\/\/www.lyoncitytour.fr\/de\/wp-json\/wp\/v2\/pages"}],"about":[{"href":"https:\/\/www.lyoncitytour.fr\/de\/wp-json\/wp\/v2\/types\/page"}],"author":[{"embeddable":true,"href":"https:\/\/www.lyoncitytour.fr\/de\/wp-json\/wp\/v2\/users\/5"}],"replies":[{"embeddable":true,"href":"https:\/\/www.lyoncitytour.fr\/de\/wp-json\/wp\/v2\/comments?post=23287"}],"version-history":[{"count":0,"href":"https:\/\/www.lyoncitytour.fr\/de\/wp-json\/wp\/v2\/pages\/23287\/revisions"}],"wp:attachment":[{"href":"https:\/\/www.lyoncitytour.fr\/de\/wp-json\/wp\/v2\/media?parent=23287"}],"curies":[{"name":"wp","href":"https:\/\/api.w.org\/{rel}","templated":true}]}}