{"id":23485,"date":"2019-03-06T16:49:06","date_gmt":"2019-03-06T15:49:06","guid":{"rendered":"https:\/\/www.lyoncitytour.fr\/mentions-legales\/"},"modified":"2025-01-29T19:33:51","modified_gmt":"2025-01-29T18:33:51","slug":"mentions-legales","status":"publish","type":"page","link":"https:\/\/www.lyoncitytour.fr\/de\/mentions-legales\/","title":{"rendered":"Rechtlich"},"content":{"rendered":"\t\t<div data-elementor-type=\"wp-page\" data-elementor-id=\"23485\" class=\"elementor elementor-23485 elementor-47\" data-elementor-settings=\"{&quot;ha_cmc_init_switcher&quot;:&quot;no&quot;}\" data-elementor-post-type=\"page\">\n\t\t\t\t<div class=\"elementor-element elementor-element-60df2168 e-flex e-con-boxed e-con e-parent\" data-id=\"60df2168\" data-element_type=\"container\" data-e-type=\"container\" data-settings=\"{&quot;_ha_eqh_enable&quot;:false}\">\n\t\t\t\t\t<div class=\"e-con-inner\">\n\t\t\t\t<div class=\"elementor-element elementor-element-27f808da elementor-widget elementor-widget-text-editor\" data-id=\"27f808da\" data-element_type=\"widget\" data-e-type=\"widget\" data-widget_type=\"text-editor.default\">\n\t\t\t\t<div class=\"elementor-widget-container\">\n\t\t\t\t\t\t\t\t\t\n<p>Herausgeber der Website:<\/p>\n\n<p>Lyon Stadtrundfahrt<br>1 rue de la Martini\u00e8re, 69001 Lyon<br>Tel.: 04.78.56.32.39 <\/p>\n\n<p>S.A.R.L. mit einem Kapital von 250.000 Euro \u2013 R.C.S. Lyon 482 488 079<br>CNIL-Deklaration: Verarbeitung NS-048 Verwaltung von Kunden- und Interessentendateien.<br>CNIL-Quittung Nr. 1398235<\/p>\n\n<p>Verantwortlich f\u00fcr die Ver\u00f6ffentlichung: Olivier Michel<\/p>\n\n<p>Website-Design und -Produktion:<\/p>\n\n<p>DU-P<\/p>\n\n<p>Unterkunft:<\/p>\n\n<p>OVH<br>2 rue Kellermann, 59100 Roubaix<\/p>\n\n<p>Urheberrecht:<\/p>\n\n<p>Bei der www.lyoncitytour.fr Website handelt es sich um eine urheberrechtlich gesch\u00fctzte Sch\u00f6pfung. Die Texte, Zeichnungen, Fotos, Grafiken und andere Elemente dieser Website sind urheberrechtlich gesch\u00fctzt. Jegliche Vervielf\u00e4ltigung, Anpassung, \u00dcbersetzung, Anordnung, \u00f6ffentliche Wiedergabe, Vermietung und sonstige Verwertung, \u00c4nderung aller oder eines Teils dieser Websites in irgendeiner Form und mit welchen Mitteln, auch immer elektronisch, mechanisch oder auf andere Weise, ist ohne vorherige schriftliche Zustimmung von Lyon City Tour strengstens untersagt. Jede Verletzung dieser Rechte kann zivil- oder strafrechtlich verfolgt werden.   <\/p>\n\n<p>Verantwortung f\u00fcr den Inhalt:<\/p>\n\n<p>Lyon City Tour verwendet gr\u00f6\u00dfte Sorgfalt bei der Erstellung und Aktualisierung dieser Website. Lyon City Tour kann jedoch nicht f\u00fcr die Richtigkeit der darin enthaltenen Informationen garantieren. Dem Nutzer ist bekannt, dass die Informationen ohne vorherige Ank\u00fcndigung ge\u00e4ndert werden k\u00f6nnen. Lyon City Tour lehnt jede Verantwortung f\u00fcr den Inhalt der Website und deren Nutzung ab. Diese Website kann Links oder Verweise auf andere Websites enthalten. Lyon City Tour ist nicht verantwortlich f\u00fcr den Inhalt dieser anderen Websites und haftet nicht f\u00fcr Sch\u00e4den oder Nachteile, die sich daraus ergeben. Diese externen Links werden den Nutzern dieser Website ausschlie\u00dflich als Annehmlichkeit zur Verf\u00fcgung gestellt.      <\/p>\n\n<p>Kontaktformular:<\/p>\n\n<p>In \u00dcbereinstimmung mit dem Datenschutzgesetz (Art. 34 des Datenschutzgesetzes) haben Sie das Recht auf Zugang, Berichtigung und L\u00f6schung der Sie betreffenden Daten. Um dieses Recht auszu\u00fcben, wenden Sie sich bitte an Lyon City Tour. Die Informationen, die von Einzelpersonen \u00fcber die Kontaktformulare gesammelt werden, d\u00fcrfen nicht an andere Personen als Lyon City Tour weitergegeben werden. Sie werden nur in dem Kontext verwendet, f\u00fcr den sie erhoben wurden. Ihre Antworten sind jedoch optional und die Nichtbeantwortung hat keine besonderen Konsequenzen. Dennoch m\u00fcssen Ihre Antworten ausreichend sein, damit wir die Informationen verarbeiten k\u00f6nnen.     <\/p>\n\n<p><strong>ALLGEMEINE VERKAUFSBEDINGUNGEN<\/strong><\/p>\n\n<p>Allgemeine Verkaufs- und Nutzungsbedingungen f\u00fcr die www.lyoncitytour.fr Website<\/p>\n<p>Die Verkehrsunternehmen sind verpflichtet, die Fahrg\u00e4ste \u00fcber die Menge der w\u00e4hrend der Bef\u00f6rderungsleistung ausgesto\u00dfenen Treibhausgase zu informieren.<br>Dieser Wert wird als Kohlendioxid-\u00c4quivalent oder CO2e ausgedr\u00fcckt<\/p>\n<p>F\u00fcr Lyon City Tour: CO2e-Angaben = 29,5 g CO2e pro Passagier<\/p>\n\n<p>Lyon le Grand Tour \u2013 Lyon City Tour ist eine vereinfachte Aktiengesellschaft mit einem Kapital von 200.000 Euro, mit Sitz in 1 rue de la Martini\u00e8re, 69001 LYON, eingetragen im Handels- und Gesellschaftsregister von Lyon unter der Nummer 482 488 039.<br>\u2013 Finanzielle Garantie bei Lyonnaise de Banque.<br>\u2013 MMA, Hiscox und R\u00e9unir Berufshaftpflichtversicherung<\/p>\n\n<p>Lyon le Grand Tour \u2013 bietet auf der www.lyoncitytour.fr Website (im Folgenden die &#8222;Website&#8220;) einen Ticketservice f\u00fcr touristische Dienstleistungen an.<\/p>\n\n<p>Artikel 1. Definitionen und Geltungsbereich <\/p>\n\n<p>1.1 Definitionen<\/p>\n\n<p>Die folgenden Definitionen haben die gleiche Bedeutung, unabh\u00e4ngig davon, ob sie im Singular oder im Plural verwendet werden.<br>&#8222;Der Benutzer&#8220; bezieht sich auf jeden Benutzer der Website, der eine oder mehrere auf der Website angebotene Dienstleistungen durchsucht, liest, reserviert, bestellt und\/oder kauft.<br>&#8222;Partner&#8220; bezeichnet alle Anbieter von Dienstleistungen.<br>&#8222;Service&#8220; bezieht sich auf jede Erbringung von Dienstleistungen, die auf der Website angeboten werden.<\/p>\n\n<p>1.2 Geltungsbereich<\/p>\n\n<p>Diese Allgemeinen Verkaufs- und Nutzungsbedingungen (&#8222;im Folgenden die Allgemeinen Gesch\u00e4ftsbedingungen&#8220;) regeln das Angebot und die Erbringung der Dienstleistungen.<\/p>\n\n<p>Die Bestellung der Dienstleistungen ist nur den Nutzern vorbehalten, die zuvor die Allgemeinen Gesch\u00e4ftsbedingungen vollst\u00e4ndig gelesen und sie vorbehaltlos akzeptiert haben, indem sie das daf\u00fcr vorgesehene K\u00e4stchen angekreuzt haben. Ohne diese Annahme ist die Fortsetzung des Bestellvorgangs technisch unm\u00f6glich. <\/p>\n\n<p>Die Allgemeinen Gesch\u00e4ftsbedingungen k\u00f6nnen jederzeit und ohne Vorank\u00fcndigung ge\u00e4ndert werden, wobei davon ausgegangen wird, dass diese \u00c4nderungen nicht f\u00fcr Bestellungen von Dienstleistungen gelten, die bereits von Lyon City Tour im Namen und im Auftrag des\/der betreffenden Partner(s) angenommen wurden. Es ist daher zwingend erforderlich, dass der Nutzer die Allgemeinen Gesch\u00e4ftsbedingungen zum Zeitpunkt seiner Bestellung konsultiert und akzeptiert, insbesondere um die geltenden Bestimmungen sicherzustellen. <\/p>\n\n<p>Artikel 2. Bestellen Sie auf der Website der www.lyoncitytour.fr <\/p>\n\n<p>2.1 Kapazit\u00e4t \u2013 Nutzung der Website<\/p>\n\n<p>Die Funktion der Website besteht darin, den Benutzer bei der Suche nach Dienstleistungen zu unterst\u00fctzen und die entsprechenden Reservierungen vorzunehmen. Der Nutzer muss mindestens 18 Jahre alt sein und rechtlich in der Lage sein, einen Vertrag abzuschlie\u00dfen und diese Website in \u00dcbereinstimmung mit den Allgemeinen Gesch\u00e4ftsbedingungen zu nutzen. <\/p>\n\n<p>Au\u00dfer im Falle von Betrug, f\u00fcr den der Benutzer den Nachweis erbringen muss, ist der Benutzer finanziell verantwortlich f\u00fcr seine Handlungen auf der Website, insbesondere f\u00fcr die Verwendung seiner E-Mail-Adresse und seines Passworts. Sie garantiert auch die Richtigkeit und Genauigkeit der auf der Website bereitgestellten Informationen. <\/p>\n\n<p>Jede betr\u00fcgerische oder gegen diese Allgemeinen Gesch\u00e4ftsbedingungen versto\u00dfende Nutzung der Website rechtfertigt dazu, dass dem Benutzer jederzeit der Zugriff auf die von den Partnern angebotenen Dienste oder andere Funktionen der Website verweigert wird.<\/p>\n\n<p>2.2 Erteilen und Stornieren von Auftr\u00e4gen<\/p>\n\n<p>Der Nutzer kann erst dann \u00fcber die Website bestellen, wenn er diese Allgemeinen Gesch\u00e4ftsbedingungen sowie die Besonderen Gesch\u00e4ftsbedingungen der jeweiligen Partner best\u00e4tigt hat.<\/p>\n\n<p>Die Best\u00e4tigung der Bestellung, die die wesentlichen Elemente enth\u00e4lt, wie z. B. die Identifizierung der bestellten Dienstleistung(en) und den Preis, wird dem Benutzer innerhalb von maximal zwei Tagen nach dem Datum der Bestellung per E-Mail zugesandt.<\/p>\n\n<p>Alle Bedingungen f\u00fcr die Stornierung, m\u00f6gliche Berichtigung von Bestellungen und\/oder R\u00fcckerstattungen sind vor der Reservierung direkt auf der Website zug\u00e4nglich und werden gegebenenfalls in der Auftragsbest\u00e4tigung oder in den Besonderen Bedingungen erw\u00e4hnt.<\/p>\n\n<p>Jede Stornierung oder \u00c4nderungsanfrage (bis zu 24 Stunden vor dem geplanten Besuch) muss per E-Mail mit R\u00fcckschein an folgende Adresse gesendet werden: info@lyoncitytour.fr. Bei \u00c4nderungen durch den Nutzer k\u00f6nnen die gekauften Tickets zu einem sp\u00e4teren Zeitpunkt verwendet werden und sind 1 Jahr g\u00fcltig. F\u00fcr jeden Stornierungsantrag des Nutzers werden die vom Nutzer gezahlten Betr\u00e4ge innerhalb einer angemessenen Frist zur\u00fcckerstattet.  <\/p>\n\n<p>Nach Ablauf der Frist von 24 Stunden vor dem geplanten Besuch k\u00f6nnen Stornierungs- oder \u00c4nderungsanfragen nicht mehr ber\u00fccksichtigt werden.<\/p>\n\n<p>2.3 Zahlung und Kaufbeleg<\/p>\n\n<p>Die auf dieser Website genannten Preise sind in Euro angegeben und, sofern nicht anders angegeben, enthalten die gesetzliche Mehrwertsteuer.<\/p>\n\n<p>Die Zahlung muss zum Zeitpunkt der Buchung oder Bestellung per Kreditkarte \u00fcber das auf der Website eingerichtete sichere Zahlungssystem erfolgen.<\/p>\n\n<p>Es liegt dann in der Verantwortung des Benutzers, auf seinem Drucker den Gutschein auszudrucken, den er dem Dienstleister vorlegen muss, um die erworbenen Dienstleistungen in Anspruch zu nehmen: Dieser wird ihm per E-Mail zugesandt, sobald seine Reservierungen best\u00e4tigt sind.<\/p>\n\n<p>Der Nutzer ist daher verpflichtet, sich vorher zu vergewissern, dass er in der Lage ist, den Gutschein oder Gutschein auszudrucken: In keinem Fall kann der Bankbeleg allein als Kaufbeleg verwendet werden.<\/p>\n\n<p>Artikel 3. Schutz personenbezogener Daten <\/p>\n\n<p>Die Website wurde regelm\u00e4\u00dfig bei der franz\u00f6sischen Datenschutzbeh\u00f6rde CNIL angemeldet: Verarbeitung NS-048 Verwaltung von Kunden- und Interessentendateien. CNIL-Quittung Nr. 1398235. <\/p>\n\n<p>Die vom Benutzer auf der Website bereitgestellten Informationen erm\u00f6glichen die Bearbeitung und Ausf\u00fchrung seiner Bestellungen.<\/p>\n\n<p>In \u00dcbereinstimmung mit Artikel 32 des Datenschutzgesetzes vom 6. Januar 1978, ge\u00e4ndert durch das Gesetz 2004-801 vom 6. August 2004, sind die Informationen, die f\u00fcr die Bearbeitung und Ausf\u00fchrung von Bestellungen unerl\u00e4sslich sind, auf den Seiten der Website mit einem Sternchen gekennzeichnet.<\/p>\n\n<p>Andere Informationsanfragen, die eine optionale Beantwortung erfordern, oder Informationen \u00fcber das Interesse des Nutzers an den Angeboten, die an ihn gerichtet werden k\u00f6nnen, dienen dazu, ihn besser kennenzulernen und die ihm angebotenen Dienstleistungen zu verbessern.<\/p>\n\n<p>Artikel 4. Verantwortlichkeiten <\/p>\n\n<p>Die Preise, die unter Ber\u00fccksichtigung der aktuellen wirtschaftlichen Bedingungen festgelegt werden, sowie die Zeitpl\u00e4ne, Programme und Dauern der Dienstleistungen k\u00f6nnen sich \u00e4ndern: Die Preise beinhalten alle Dienstleistungen, die in der Beschreibung der jeweiligen Dienstleistung angegeben sind.<\/p>\n\n<p>Das Boarding kann nicht garantiert werden, wenn Sie nicht 10 Minuten vor Abfahrt ankommen.<\/p>\n\n<p>Fotos und Illustrationen<\/p>\n\n<p>Es werden alle Anstrengungen unternommen, um Fotos und Illustrationen zur Verf\u00fcgung zu stellen, die dem Nutzer einen \u00dcberblick \u00fcber die angebotenen Dienste geben.<\/p>\n\n<p>Artikel 5. Geltendes Recht <\/p>\n\n<p>Die Allgemeinen Gesch\u00e4ftsbedingungen unterliegen franz\u00f6sischem Recht. Alle Streitigkeiten im Zusammenhang mit ihrer Auslegung und\/oder Ausf\u00fchrung unterliegen einem Schiedsverfahren vor dem Gericht von Lyon. <\/p>\n\n<p>Artikel 6. Geistiges Eigentum <\/p>\n\n<p>Lyon le Grand Tour \/ Lyon City Tour ist Inhaber aller geistigen Eigentumsrechte f\u00fcr alle Elemente, die auf der Website erscheinen. Es ist daher verboten, die Website ganz oder teilweise ohne die ausdr\u00fcckliche schriftliche Genehmigung von Lyon le Grand Tour zu vervielf\u00e4ltigen, zu modifizieren, zu \u00fcbertragen oder zu verwerten: Die teilweise Vervielf\u00e4ltigung zu rein privaten Zwecken wird jedoch toleriert. Es ist verboten, Produkte weiterzuverkaufen oder die Website ohne die ausdr\u00fcckliche schriftliche Genehmigung von Lyon City Tour zu kommerziellen Zwecken zu nutzen.  <\/p>\n\t\t\t\t\t\t\t\t<\/div>\n\t\t\t\t<\/div>\n\t\t\t\t\t<\/div>\n\t\t\t\t<\/div>\n\t\t\t\t<\/div>\n\t\t","protected":false},"excerpt":{"rendered":"<p>Herausgeber der Website: Lyon Stadtrundfahrt1 rue de la Martini\u00e8re, 69001 LyonTel.: 04.78.56.32.39 S.A.R.L. mit einem Kapital von 250.000 Euro \u2013 R.C.S. Lyon 482 488 079CNIL-Deklaration: Verarbeitung NS-048 Verwaltung von Kunden- und Interessentendateien.CNIL-Quittung Nr. 1398235 Verantwortlich f\u00fcr die Ver\u00f6ffentlichung: Olivier Michel Website-Design und -Produktion: DU-P Unterkunft: OVH2 rue Kellermann, 59100 Roubaix Urheberrecht: Bei der www.lyoncitytour.fr Website handelt es sich um eine&hellip;<\/p>\n","protected":false},"author":1,"featured_media":0,"parent":0,"menu_order":0,"comment_status":"closed","ping_status":"closed","template":"","meta":{"footnotes":""},"class_list":["post-23485","page","type-page","status-publish","hentry"],"yoast_head":"<!-- This site is optimized with the Yoast SEO plugin v27.4 - https:\/\/yoast.com\/product\/yoast-seo-wordpress\/ -->\n<title>Rechtlich - Lyon City Tour<\/title>\n<meta name=\"description\" content=\"Lobende Erw\u00e4hnungen in Bezug auf Lyon City Tour. Unternehmensinformationen.\" \/>\n<meta name=\"robots\" content=\"index, follow, max-snippet:-1, max-image-preview:large, max-video-preview:-1\" \/>\n<link rel=\"canonical\" href=\"https:\/\/www.lyoncitytour.fr\/de\/mentions-legales\/\" \/>\n<meta property=\"og:locale\" content=\"de_DE\" \/>\n<meta property=\"og:type\" content=\"article\" \/>\n<meta property=\"og:title\" content=\"Rechtlich - Lyon City Tour\" \/>\n<meta property=\"og:description\" content=\"Lobende Erw\u00e4hnungen in Bezug auf Lyon City Tour. Unternehmensinformationen.\" \/>\n<meta property=\"og:url\" content=\"https:\/\/www.lyoncitytour.fr\/de\/mentions-legales\/\" \/>\n<meta property=\"og:site_name\" content=\"Lyon City Tour\" \/>\n<meta property=\"article:modified_time\" content=\"2025-01-29T18:33:51+00:00\" \/>\n<meta name=\"twitter:card\" content=\"summary_large_image\" \/>\n<meta name=\"twitter:label1\" content=\"Gesch\u00e4tzte Lesezeit\" \/>\n\t<meta name=\"twitter:data1\" content=\"7 Minuten\" \/>\n<script type=\"application\/ld+json\" class=\"yoast-schema-graph\">{\"@context\":\"https:\\\/\\\/schema.org\",\"@graph\":[{\"@type\":\"WebPage\",\"@id\":\"https:\\\/\\\/www.lyoncitytour.fr\\\/de\\\/mentions-legales\\\/\",\"url\":\"https:\\\/\\\/www.lyoncitytour.fr\\\/de\\\/mentions-legales\\\/\",\"name\":\"Rechtlich - Lyon City Tour\",\"isPartOf\":{\"@id\":\"https:\\\/\\\/www.lyoncitytour.fr\\\/de\\\/#website\"},\"datePublished\":\"2019-03-06T15:49:06+00:00\",\"dateModified\":\"2025-01-29T18:33:51+00:00\",\"description\":\"Lobende Erw\u00e4hnungen in Bezug auf Lyon City Tour. Unternehmensinformationen.\",\"breadcrumb\":{\"@id\":\"https:\\\/\\\/www.lyoncitytour.fr\\\/de\\\/mentions-legales\\\/#breadcrumb\"},\"inLanguage\":\"de\",\"potentialAction\":[{\"@type\":\"ReadAction\",\"target\":[\"https:\\\/\\\/www.lyoncitytour.fr\\\/de\\\/mentions-legales\\\/\"]}]},{\"@type\":\"BreadcrumbList\",\"@id\":\"https:\\\/\\\/www.lyoncitytour.fr\\\/de\\\/mentions-legales\\\/#breadcrumb\",\"itemListElement\":[{\"@type\":\"ListItem\",\"position\":1,\"name\":\"Accueil\",\"item\":\"https:\\\/\\\/www.lyoncitytour.fr\\\/de\\\/accueil\\\/\"},{\"@type\":\"ListItem\",\"position\":2,\"name\":\"Rechtlich\"}]},{\"@type\":\"WebSite\",\"@id\":\"https:\\\/\\\/www.lyoncitytour.fr\\\/de\\\/#website\",\"url\":\"https:\\\/\\\/www.lyoncitytour.fr\\\/de\\\/\",\"name\":\"Lyon City Tour\",\"description\":\"\",\"publisher\":{\"@id\":\"https:\\\/\\\/www.lyoncitytour.fr\\\/de\\\/#organization\"},\"potentialAction\":[{\"@type\":\"SearchAction\",\"target\":{\"@type\":\"EntryPoint\",\"urlTemplate\":\"https:\\\/\\\/www.lyoncitytour.fr\\\/de\\\/?s={search_term_string}\"},\"query-input\":{\"@type\":\"PropertyValueSpecification\",\"valueRequired\":true,\"valueName\":\"search_term_string\"}}],\"inLanguage\":\"de\"},{\"@type\":\"Organization\",\"@id\":\"https:\\\/\\\/www.lyoncitytour.fr\\\/de\\\/#organization\",\"name\":\"Lyon City Tour\",\"url\":\"https:\\\/\\\/www.lyoncitytour.fr\\\/de\\\/\",\"logo\":{\"@type\":\"ImageObject\",\"inLanguage\":\"de\",\"@id\":\"https:\\\/\\\/www.lyoncitytour.fr\\\/de\\\/#\\\/schema\\\/logo\\\/image\\\/\",\"url\":\"https:\\\/\\\/www.lyoncitytour.fr\\\/wp-content\\\/uploads\\\/2019\\\/03\\\/logo.png\",\"contentUrl\":\"https:\\\/\\\/www.lyoncitytour.fr\\\/wp-content\\\/uploads\\\/2019\\\/03\\\/logo.png\",\"width\":572,\"height\":287,\"caption\":\"Lyon City Tour\"},\"image\":{\"@id\":\"https:\\\/\\\/www.lyoncitytour.fr\\\/de\\\/#\\\/schema\\\/logo\\\/image\\\/\"}}]}<\/script>\n<!-- \/ Yoast SEO plugin. -->","yoast_head_json":{"title":"Rechtlich - Lyon City Tour","description":"Lobende Erw\u00e4hnungen in Bezug auf Lyon City Tour. Unternehmensinformationen.","robots":{"index":"index","follow":"follow","max-snippet":"max-snippet:-1","max-image-preview":"max-image-preview:large","max-video-preview":"max-video-preview:-1"},"canonical":"https:\/\/www.lyoncitytour.fr\/de\/mentions-legales\/","og_locale":"de_DE","og_type":"article","og_title":"Rechtlich - Lyon City Tour","og_description":"Lobende Erw\u00e4hnungen in Bezug auf Lyon City Tour. Unternehmensinformationen.","og_url":"https:\/\/www.lyoncitytour.fr\/de\/mentions-legales\/","og_site_name":"Lyon City Tour","article_modified_time":"2025-01-29T18:33:51+00:00","twitter_card":"summary_large_image","twitter_misc":{"Gesch\u00e4tzte Lesezeit":"7 Minuten"},"schema":{"@context":"https:\/\/schema.org","@graph":[{"@type":"WebPage","@id":"https:\/\/www.lyoncitytour.fr\/de\/mentions-legales\/","url":"https:\/\/www.lyoncitytour.fr\/de\/mentions-legales\/","name":"Rechtlich - Lyon City Tour","isPartOf":{"@id":"https:\/\/www.lyoncitytour.fr\/de\/#website"},"datePublished":"2019-03-06T15:49:06+00:00","dateModified":"2025-01-29T18:33:51+00:00","description":"Lobende Erw\u00e4hnungen in Bezug auf Lyon City Tour. Unternehmensinformationen.","breadcrumb":{"@id":"https:\/\/www.lyoncitytour.fr\/de\/mentions-legales\/#breadcrumb"},"inLanguage":"de","potentialAction":[{"@type":"ReadAction","target":["https:\/\/www.lyoncitytour.fr\/de\/mentions-legales\/"]}]},{"@type":"BreadcrumbList","@id":"https:\/\/www.lyoncitytour.fr\/de\/mentions-legales\/#breadcrumb","itemListElement":[{"@type":"ListItem","position":1,"name":"Accueil","item":"https:\/\/www.lyoncitytour.fr\/de\/accueil\/"},{"@type":"ListItem","position":2,"name":"Rechtlich"}]},{"@type":"WebSite","@id":"https:\/\/www.lyoncitytour.fr\/de\/#website","url":"https:\/\/www.lyoncitytour.fr\/de\/","name":"Lyon City Tour","description":"","publisher":{"@id":"https:\/\/www.lyoncitytour.fr\/de\/#organization"},"potentialAction":[{"@type":"SearchAction","target":{"@type":"EntryPoint","urlTemplate":"https:\/\/www.lyoncitytour.fr\/de\/?s={search_term_string}"},"query-input":{"@type":"PropertyValueSpecification","valueRequired":true,"valueName":"search_term_string"}}],"inLanguage":"de"},{"@type":"Organization","@id":"https:\/\/www.lyoncitytour.fr\/de\/#organization","name":"Lyon City Tour","url":"https:\/\/www.lyoncitytour.fr\/de\/","logo":{"@type":"ImageObject","inLanguage":"de","@id":"https:\/\/www.lyoncitytour.fr\/de\/#\/schema\/logo\/image\/","url":"https:\/\/www.lyoncitytour.fr\/wp-content\/uploads\/2019\/03\/logo.png","contentUrl":"https:\/\/www.lyoncitytour.fr\/wp-content\/uploads\/2019\/03\/logo.png","width":572,"height":287,"caption":"Lyon City Tour"},"image":{"@id":"https:\/\/www.lyoncitytour.fr\/de\/#\/schema\/logo\/image\/"}}]}},"_links":{"self":[{"href":"https:\/\/www.lyoncitytour.fr\/de\/wp-json\/wp\/v2\/pages\/23485","targetHints":{"allow":["GET"]}}],"collection":[{"href":"https:\/\/www.lyoncitytour.fr\/de\/wp-json\/wp\/v2\/pages"}],"about":[{"href":"https:\/\/www.lyoncitytour.fr\/de\/wp-json\/wp\/v2\/types\/page"}],"author":[{"embeddable":true,"href":"https:\/\/www.lyoncitytour.fr\/de\/wp-json\/wp\/v2\/users\/1"}],"replies":[{"embeddable":true,"href":"https:\/\/www.lyoncitytour.fr\/de\/wp-json\/wp\/v2\/comments?post=23485"}],"version-history":[{"count":0,"href":"https:\/\/www.lyoncitytour.fr\/de\/wp-json\/wp\/v2\/pages\/23485\/revisions"}],"wp:attachment":[{"href":"https:\/\/www.lyoncitytour.fr\/de\/wp-json\/wp\/v2\/media?parent=23485"}],"curies":[{"name":"wp","href":"https:\/\/api.w.org\/{rel}","templated":true}]}}