{"id":25986,"date":"2025-06-27T09:39:00","date_gmt":"2025-06-27T07:39:00","guid":{"rendered":"https:\/\/www.lyoncitytour.fr\/rewind-audioguide-sur-smartphone\/"},"modified":"2025-06-27T10:00:09","modified_gmt":"2025-06-27T08:00:09","slug":"rewind-audioguide-sur-smartphone","status":"publish","type":"page","link":"https:\/\/www.lyoncitytour.fr\/de\/rewind-audioguide-sur-smartphone\/","title":{"rendered":"REWIND Audioguide auf dem Smartphone"},"content":{"rendered":"\t\t<div data-elementor-type=\"wp-page\" data-elementor-id=\"25986\" class=\"elementor elementor-25986 elementor-25505\" data-elementor-settings=\"{&quot;ha_cmc_init_switcher&quot;:&quot;no&quot;}\" data-elementor-post-type=\"page\">\n\t\t\t\t<div class=\"elementor-element elementor-element-4396978 e-flex e-con-boxed e-con e-parent\" data-id=\"4396978\" data-element_type=\"container\" data-e-type=\"container\" data-settings=\"{&quot;_ha_eqh_enable&quot;:false}\">\n\t\t\t\t\t<div class=\"e-con-inner\">\n\t\t\t\t<div class=\"elementor-element elementor-element-3a4420b ha-has-bg-overlay elementor-widget elementor-widget-heading\" data-id=\"3a4420b\" data-element_type=\"widget\" data-e-type=\"widget\" data-widget_type=\"heading.default\">\n\t\t\t\t<div class=\"elementor-widget-container\">\n\t\t\t\t\t<h2 class=\"elementor-heading-title elementor-size-default\">Die Audiof\u00fchrung auf dem Smartphone mit REWIND  <\/h2>\t\t\t\t<\/div>\n\t\t\t\t<\/div>\n\t\t\t\t\t<\/div>\n\t\t\t\t<\/div>\n\t\t<div class=\"elementor-element elementor-element-0ac0f82 e-flex e-con-boxed e-con e-parent\" data-id=\"0ac0f82\" data-element_type=\"container\" data-e-type=\"container\" data-settings=\"{&quot;_ha_eqh_enable&quot;:false}\">\n\t\t\t\t\t<div class=\"e-con-inner\">\n\t\t\t\t<div class=\"elementor-element elementor-element-e9c8e18 elementor-arrows-position-inside elementor-pagination-position-outside ha-has-bg-overlay elementor-widget elementor-widget-image-carousel\" data-id=\"e9c8e18\" data-element_type=\"widget\" data-e-type=\"widget\" data-settings=\"{&quot;navigation&quot;:&quot;both&quot;,&quot;autoplay&quot;:&quot;yes&quot;,&quot;pause_on_hover&quot;:&quot;yes&quot;,&quot;pause_on_interaction&quot;:&quot;yes&quot;,&quot;autoplay_speed&quot;:5000,&quot;infinite&quot;:&quot;yes&quot;,&quot;speed&quot;:500}\" data-widget_type=\"image-carousel.default\">\n\t\t\t\t<div class=\"elementor-widget-container\">\n\t\t\t\t\t\t\t<div class=\"elementor-image-carousel-wrapper swiper\" role=\"region\" aria-roledescription=\"carousel\" aria-label=\"Carrousel d\u2019images\" dir=\"ltr\">\n\t\t\t<div class=\"elementor-image-carousel swiper-wrapper\" aria-live=\"off\">\n\t\t\t\t\t\t\t\t<div class=\"swiper-slide\" role=\"group\" aria-roledescription=\"slide\" aria-label=\"1 von 3\"><figure class=\"swiper-slide-inner\"><img decoding=\"async\" class=\"swiper-slide-image\" src=\"https:\/\/www.lyoncitytour.fr\/wp-content\/uploads\/Publications_Lyon_City_Tour_-240x300.jpg\" alt=\"Publications_Lyon_City_Tour_\" \/><\/figure><\/div><div class=\"swiper-slide\" role=\"group\" aria-roledescription=\"slide\" aria-label=\"2 von 3\"><figure class=\"swiper-slide-inner\"><img decoding=\"async\" class=\"swiper-slide-image\" src=\"https:\/\/www.lyoncitytour.fr\/wp-content\/uploads\/REWIND-GYG-245x300.png\" alt=\"REWIND GYG\" \/><\/figure><\/div><div class=\"swiper-slide\" role=\"group\" aria-roledescription=\"slide\" aria-label=\"3 von 3\"><figure class=\"swiper-slide-inner\"><img decoding=\"async\" class=\"swiper-slide-image\" src=\"https:\/\/www.lyoncitytour.fr\/wp-content\/uploads\/LCT-QR-NOUVEAU-Code.png\" alt=\"LCT - QR NOUVEAU Code\" \/><\/figure><\/div>\t\t\t<\/div>\n\t\t\t\t\t\t\t\t\t\t\t\t<div class=\"elementor-swiper-button elementor-swiper-button-prev\" role=\"button\" tabindex=\"0\">\n\t\t\t\t\t\t<svg aria-hidden=\"true\" class=\"e-font-icon-svg e-eicon-chevron-left\" viewBox=\"0 0 1000 1000\" xmlns=\"http:\/\/www.w3.org\/2000\/svg\"><path d=\"M646 125C629 125 613 133 604 142L308 442C296 454 292 471 292 487 292 504 296 521 308 533L604 854C617 867 629 875 646 875 663 875 679 871 692 858 704 846 713 829 713 812 713 796 708 779 692 767L438 487 692 225C700 217 708 204 708 187 708 171 704 154 692 142 675 129 663 125 646 125Z\"><\/path><\/svg>\t\t\t\t\t<\/div>\n\t\t\t\t\t<div class=\"elementor-swiper-button elementor-swiper-button-next\" role=\"button\" tabindex=\"0\">\n\t\t\t\t\t\t<svg aria-hidden=\"true\" class=\"e-font-icon-svg e-eicon-chevron-right\" viewBox=\"0 0 1000 1000\" xmlns=\"http:\/\/www.w3.org\/2000\/svg\"><path d=\"M696 533C708 521 713 504 713 487 713 471 708 454 696 446L400 146C388 133 375 125 354 125 338 125 325 129 313 142 300 154 292 171 292 187 292 204 296 221 308 233L563 492 304 771C292 783 288 800 288 817 288 833 296 850 308 863 321 871 338 875 354 875 371 875 388 867 400 854L696 533Z\"><\/path><\/svg>\t\t\t\t\t<\/div>\n\t\t\t\t\n\t\t\t\t\t\t\t\t\t<div class=\"swiper-pagination\"><\/div>\n\t\t\t\t\t\t\t\t\t<\/div>\n\t\t\t\t\t\t<\/div>\n\t\t\t\t<\/div>\n\t\t\t\t\t<\/div>\n\t\t\t\t<\/div>\n\t\t<div class=\"elementor-element elementor-element-5c62103 e-flex e-con-boxed e-con e-parent\" data-id=\"5c62103\" data-element_type=\"container\" data-e-type=\"container\" data-settings=\"{&quot;_ha_eqh_enable&quot;:false}\">\n\t\t\t\t\t<div class=\"e-con-inner\">\n\t\t\t\t<div class=\"elementor-element elementor-element-d0b6941 elementor-widget elementor-widget-heading\" data-id=\"d0b6941\" data-element_type=\"widget\" data-e-type=\"widget\" data-widget_type=\"heading.default\">\n\t\t\t\t<div class=\"elementor-widget-container\">\n\t\t\t\t\t<h2 class=\"elementor-heading-title elementor-size-default\">Was ist REWIND und warum?  <\/h2>\t\t\t\t<\/div>\n\t\t\t\t<\/div>\n\t\t\t\t\t<\/div>\n\t\t\t\t<\/div>\n\t\t<div class=\"elementor-element elementor-element-503d4ec e-flex e-con-boxed e-con e-parent\" data-id=\"503d4ec\" data-element_type=\"container\" data-e-type=\"container\" data-settings=\"{&quot;_ha_eqh_enable&quot;:false}\">\n\t\t\t\t\t<div class=\"e-con-inner\">\n\t\t\t\t<div class=\"elementor-element elementor-element-056600f elementor-widget elementor-widget-text-editor\" data-id=\"056600f\" data-element_type=\"widget\" data-e-type=\"widget\" data-widget_type=\"text-editor.default\">\n\t\t\t\t<div class=\"elementor-widget-container\">\n\t\t\t\t\t\t\t\t\t<p>Rewind ist die Anwendung, die Ihnen <span style=\"color: #ff0000;\"><strong>eine Audiof\u00fchrung von Ihrem Smartphone aus bietet!<\/strong><\/span><\/p><p>Alles, was Sie tun m\u00fcssen, ist, den QR-Code zu scannen, dann die Sprache Ihrer Wahl auszuw\u00e4hlen und der s\u00fc\u00dfen Stimme unseres Guides zu folgen! Geschichten und Anleitungen werden automatisch entsprechend der GPS-Position des Busses von Ihrem Telefon aus ausgel\u00f6st. <\/p><p>F\u00fcr einen \u00f6kologischeren und pers\u00f6nlicheren Besuch laden Sie die kommentierte Tour-App auf Ihr Smartphone herunter und <strong>bringen Sie am Tag des Besuchs Ihre eigenen Kopfh\u00f6rer mit:<\/strong> bequemer, langlebiger und abfallfreier! <strong>Lassen Sie uns gemeinsam die Verwendung von Einweg-Kopfh\u00f6rern reduzieren.<\/strong><\/p>\t\t\t\t\t\t\t\t<\/div>\n\t\t\t\t<\/div>\n\t\t\t\t\t<\/div>\n\t\t\t\t<\/div>\n\t\t<div class=\"elementor-element elementor-element-f8f404c e-flex e-con-boxed e-con e-parent\" data-id=\"f8f404c\" data-element_type=\"container\" data-e-type=\"container\" data-settings=\"{&quot;_ha_eqh_enable&quot;:false}\">\n\t\t\t\t\t<div class=\"e-con-inner\">\n\t\t\t\t<div class=\"elementor-element elementor-element-830cabe elementor-widget elementor-widget-text-editor\" data-id=\"830cabe\" data-element_type=\"widget\" data-e-type=\"widget\" data-widget_type=\"text-editor.default\">\n\t\t\t\t<div class=\"elementor-widget-container\">\n\t\t\t\t\t\t\t\t\t<p>Bei kulturellen Besichtigungen (Museen, Sehensw\u00fcrdigkeiten usw.) werden oft Einweg-Kopfh\u00f6rer mit den Audioguides verteilt. Diese Kopfh\u00f6rer sind zwar praktisch, bestehen aber in der Regel aus Kunststoff und sind f\u00fcr den einmaligen Gebrauch bestimmt, was unn\u00f6tigen Abfall erzeugt und zur Plastikverschmutzung beitr\u00e4gt. <\/p>\t\t\t\t\t\t\t\t<\/div>\n\t\t\t\t<\/div>\n\t\t\t\t\t<\/div>\n\t\t\t\t<\/div>\n\t\t<div class=\"elementor-element elementor-element-24ec97f e-flex e-con-boxed e-con e-parent\" data-id=\"24ec97f\" data-element_type=\"container\" data-e-type=\"container\" data-settings=\"{&quot;_ha_eqh_enable&quot;:false}\">\n\t\t\t\t\t<div class=\"e-con-inner\">\n\t\t\t\t<div class=\"elementor-element elementor-element-c6e6d65 elementor-widget elementor-widget-text-editor\" data-id=\"c6e6d65\" data-element_type=\"widget\" data-e-type=\"widget\" data-widget_type=\"text-editor.default\">\n\t\t\t\t<div class=\"elementor-widget-container\">\n\t\t\t\t\t\t\t\t\t<p style=\"text-align: center;\"><span style=\"color: #ff0000;\"><strong>Die verantwortungsvolle Alternative: eine gef\u00fchrte Touren-App auf dem Smartphone<\/strong><\/span><\/p>\t\t\t\t\t\t\t\t<\/div>\n\t\t\t\t<\/div>\n\t\t\t\t\t<\/div>\n\t\t\t\t<\/div>\n\t\t<div class=\"elementor-element elementor-element-6106cdd e-flex e-con-boxed e-con e-parent\" data-id=\"6106cdd\" data-element_type=\"container\" data-e-type=\"container\" data-settings=\"{&quot;_ha_eqh_enable&quot;:false}\">\n\t\t\t\t\t<div class=\"e-con-inner\">\n\t\t\t\t<div class=\"elementor-element elementor-element-eb26a81 elementor-widget elementor-widget-text-editor\" data-id=\"eb26a81\" data-element_type=\"widget\" data-e-type=\"widget\" data-widget_type=\"text-editor.default\">\n\t\t\t\t<div class=\"elementor-widget-container\">\n\t\t\t\t\t\t\t\t\t<p>Wir empfehlen die Verwendung einer mobilen App, die <strong>das eigene Smartphone in einen pers\u00f6nlichen Audioguide<\/strong> verwandelt. Dies hat mehrere Vorteile: <\/p><p><strong>\u2705 \u00d6kologisch<\/strong><\/p><ul><li><strong>Keine Einweg-Kopfh\u00f6rer mehr!<\/strong>  Sie verwenden Ihre eigenen wiederverwendbaren Kopfh\u00f6rer oder h\u00f6ren direkt \u00fcber Ihren Lautsprecher.<\/li><li>Reduzierung von Einweg-Plastikm\u00fcll.<\/li><\/ul><p><strong>\u2705 Hygienisch<\/strong><\/p><ul><li>Sie verwenden Ihre pers\u00f6nliche Ausr\u00fcstung.<\/li><\/ul><p><strong>\u2705 \u00dcbung<\/strong><\/p><ul><li>Die Anwendung kann oft vorab heruntergeladen werden (Offline m\u00f6glich).<\/li><li>Sie haben einfachen Zugang zu Audiokommentaren, Texten, Bildern, Videos&#8230; in Ihrem eigenen Tempo.<\/li><\/ul>\t\t\t\t\t\t\t\t<\/div>\n\t\t\t\t<\/div>\n\t\t\t\t\t<\/div>\n\t\t\t\t<\/div>\n\t\t<div class=\"elementor-element elementor-element-984e1f9 e-flex e-con-boxed e-con e-parent\" data-id=\"984e1f9\" data-element_type=\"container\" data-e-type=\"container\" data-settings=\"{&quot;_ha_eqh_enable&quot;:false}\">\n\t\t\t\t\t<div class=\"e-con-inner\">\n\t\t\t\t<div class=\"elementor-element elementor-element-7157ccd elementor-view-default elementor-widget elementor-widget-icon\" data-id=\"7157ccd\" data-element_type=\"widget\" data-e-type=\"widget\" data-widget_type=\"icon.default\">\n\t\t\t\t<div class=\"elementor-widget-container\">\n\t\t\t\t\t\t\t<div class=\"elementor-icon-wrapper\">\n\t\t\t<div class=\"elementor-icon\">\n\t\t\t<i aria-hidden=\"true\" class=\"huge huge-eco-energy\"><\/i>\t\t\t<\/div>\n\t\t<\/div>\n\t\t\t\t\t\t<\/div>\n\t\t\t\t<\/div>\n\t\t\t\t\t<\/div>\n\t\t\t\t<\/div>\n\t\t<div class=\"elementor-element elementor-element-9952f35 e-flex e-con-boxed e-con e-parent\" data-id=\"9952f35\" data-element_type=\"container\" data-e-type=\"container\" data-settings=\"{&quot;_ha_eqh_enable&quot;:false}\">\n\t\t\t\t\t<div class=\"e-con-inner\">\n\t\t\t\t<div class=\"elementor-element elementor-element-db45a39 elementor-widget elementor-widget-heading\" data-id=\"db45a39\" data-element_type=\"widget\" data-e-type=\"widget\" data-widget_type=\"heading.default\">\n\t\t\t\t<div class=\"elementor-widget-container\">\n\t\t\t\t\t<h2 class=\"elementor-heading-title elementor-size-default\">Tipps vor dem Besuch  <\/h2>\t\t\t\t<\/div>\n\t\t\t\t<\/div>\n\t\t\t\t\t<\/div>\n\t\t\t\t<\/div>\n\t\t<div class=\"elementor-element elementor-element-9b3a624 e-flex e-con-boxed e-con e-parent\" data-id=\"9b3a624\" data-element_type=\"container\" data-e-type=\"container\" data-settings=\"{&quot;_ha_eqh_enable&quot;:false}\">\n\t\t\t\t\t<div class=\"e-con-inner\">\n\t\t\t\t<div class=\"elementor-element elementor-element-1443357 elementor-widget elementor-widget-text-editor\" data-id=\"1443357\" data-element_type=\"widget\" data-e-type=\"widget\" data-widget_type=\"text-editor.default\">\n\t\t\t\t<div class=\"elementor-widget-container\">\n\t\t\t\t\t\t\t\t\t<p style=\"text-align: center;\">\u2022 Denken Sie daran, Ihren Akku gut aufzuladen und die Helligkeit Ihres Bildschirms w\u00e4hrend des Besuchs zu reduzieren, um die Autonomie zu optimieren.<br><br>\u2022 Laden Sie die Tour auf Ihr Handy vor, wenn Sie kein 5G haben. Klicken Sie dazu einfach auf &#8222;Jetzt herunterladen&#8220;, wenn Sie auf &#8222;Start&#8220; der Tour klicken. <\/p>\t\t\t\t\t\t\t\t<\/div>\n\t\t\t\t<\/div>\n\t\t\t\t\t<\/div>\n\t\t\t\t<\/div>\n\t\t\t\t<\/div>\n\t\t","protected":false},"excerpt":{"rendered":"<p>Die Audiof\u00fchrung auf dem Smartphone mit REWIND Was ist REWIND und warum? Rewind ist die Anwendung, die Ihnen eine Audiof\u00fchrung von Ihrem Smartphone aus bietet! Alles, was Sie tun m\u00fcssen, ist, den QR-Code zu scannen, dann die Sprache Ihrer Wahl auszuw\u00e4hlen und der s\u00fc\u00dfen Stimme unseres Guides zu folgen! Geschichten und Anleitungen werden automatisch entsprechend der GPS-Position des Busses von&hellip;<\/p>\n","protected":false},"author":5,"featured_media":0,"parent":0,"menu_order":0,"comment_status":"closed","ping_status":"closed","template":"","meta":{"footnotes":""},"class_list":["post-25986","page","type-page","status-publish","hentry"],"yoast_head":"<!-- This site is optimized with the Yoast SEO plugin v27.3 - https:\/\/yoast.com\/product\/yoast-seo-wordpress\/ -->\n<title>REWIND Audioguide auf dem Smartphone - Lyon City Tour<\/title>\n<meta name=\"robots\" content=\"index, follow, max-snippet:-1, max-image-preview:large, max-video-preview:-1\" \/>\n<link rel=\"canonical\" href=\"https:\/\/www.lyoncitytour.fr\/de\/rewind-audioguide-sur-smartphone\/\" \/>\n<meta property=\"og:locale\" content=\"de_DE\" \/>\n<meta property=\"og:type\" content=\"article\" \/>\n<meta property=\"og:title\" content=\"REWIND Audioguide auf dem Smartphone - Lyon City Tour\" \/>\n<meta property=\"og:description\" content=\"Die Audiof\u00fchrung auf dem Smartphone mit REWIND Was ist REWIND und warum? Rewind ist die Anwendung, die Ihnen eine Audiof\u00fchrung von Ihrem Smartphone aus bietet! Alles, was Sie tun m\u00fcssen, ist, den QR-Code zu scannen, dann die Sprache Ihrer Wahl auszuw\u00e4hlen und der s\u00fc\u00dfen Stimme unseres Guides zu folgen! Geschichten und Anleitungen werden automatisch entsprechend der GPS-Position des Busses von&hellip;\" \/>\n<meta property=\"og:url\" content=\"https:\/\/www.lyoncitytour.fr\/de\/rewind-audioguide-sur-smartphone\/\" \/>\n<meta property=\"og:site_name\" content=\"Lyon City Tour\" \/>\n<meta property=\"article:modified_time\" content=\"2025-06-27T08:00:09+00:00\" \/>\n<meta property=\"og:image\" content=\"https:\/\/www.lyoncitytour.fr\/wp-content\/uploads\/Publications_Lyon_City_Tour_-240x300.jpg\" \/>\n<meta name=\"twitter:card\" content=\"summary_large_image\" \/>\n<meta name=\"twitter:label1\" content=\"Gesch\u00e4tzte Lesezeit\" \/>\n\t<meta name=\"twitter:data1\" content=\"1\u00a0Minute\" \/>\n<script type=\"application\/ld+json\" class=\"yoast-schema-graph\">{\"@context\":\"https:\\\/\\\/schema.org\",\"@graph\":[{\"@type\":\"WebPage\",\"@id\":\"https:\\\/\\\/www.lyoncitytour.fr\\\/de\\\/rewind-audioguide-sur-smartphone\\\/\",\"url\":\"https:\\\/\\\/www.lyoncitytour.fr\\\/de\\\/rewind-audioguide-sur-smartphone\\\/\",\"name\":\"REWIND Audioguide auf dem Smartphone - Lyon City Tour\",\"isPartOf\":{\"@id\":\"https:\\\/\\\/www.lyoncitytour.fr\\\/de\\\/#website\"},\"primaryImageOfPage\":{\"@id\":\"https:\\\/\\\/www.lyoncitytour.fr\\\/de\\\/rewind-audioguide-sur-smartphone\\\/#primaryimage\"},\"image\":{\"@id\":\"https:\\\/\\\/www.lyoncitytour.fr\\\/de\\\/rewind-audioguide-sur-smartphone\\\/#primaryimage\"},\"thumbnailUrl\":\"https:\\\/\\\/www.lyoncitytour.fr\\\/wp-content\\\/uploads\\\/Publications_Lyon_City_Tour_-240x300.jpg\",\"datePublished\":\"2025-06-27T07:39:00+00:00\",\"dateModified\":\"2025-06-27T08:00:09+00:00\",\"breadcrumb\":{\"@id\":\"https:\\\/\\\/www.lyoncitytour.fr\\\/de\\\/rewind-audioguide-sur-smartphone\\\/#breadcrumb\"},\"inLanguage\":\"de\",\"potentialAction\":[{\"@type\":\"ReadAction\",\"target\":[\"https:\\\/\\\/www.lyoncitytour.fr\\\/de\\\/rewind-audioguide-sur-smartphone\\\/\"]}]},{\"@type\":\"ImageObject\",\"inLanguage\":\"de\",\"@id\":\"https:\\\/\\\/www.lyoncitytour.fr\\\/de\\\/rewind-audioguide-sur-smartphone\\\/#primaryimage\",\"url\":\"https:\\\/\\\/www.lyoncitytour.fr\\\/wp-content\\\/uploads\\\/Publications_Lyon_City_Tour_-240x300.jpg\",\"contentUrl\":\"https:\\\/\\\/www.lyoncitytour.fr\\\/wp-content\\\/uploads\\\/Publications_Lyon_City_Tour_-240x300.jpg\"},{\"@type\":\"BreadcrumbList\",\"@id\":\"https:\\\/\\\/www.lyoncitytour.fr\\\/de\\\/rewind-audioguide-sur-smartphone\\\/#breadcrumb\",\"itemListElement\":[{\"@type\":\"ListItem\",\"position\":1,\"name\":\"Accueil\",\"item\":\"https:\\\/\\\/www.lyoncitytour.fr\\\/de\\\/accueil\\\/\"},{\"@type\":\"ListItem\",\"position\":2,\"name\":\"REWIND Audioguide auf dem Smartphone\"}]},{\"@type\":\"WebSite\",\"@id\":\"https:\\\/\\\/www.lyoncitytour.fr\\\/de\\\/#website\",\"url\":\"https:\\\/\\\/www.lyoncitytour.fr\\\/de\\\/\",\"name\":\"Lyon City Tour\",\"description\":\"\",\"publisher\":{\"@id\":\"https:\\\/\\\/www.lyoncitytour.fr\\\/de\\\/#organization\"},\"potentialAction\":[{\"@type\":\"SearchAction\",\"target\":{\"@type\":\"EntryPoint\",\"urlTemplate\":\"https:\\\/\\\/www.lyoncitytour.fr\\\/de\\\/?s={search_term_string}\"},\"query-input\":{\"@type\":\"PropertyValueSpecification\",\"valueRequired\":true,\"valueName\":\"search_term_string\"}}],\"inLanguage\":\"de\"},{\"@type\":\"Organization\",\"@id\":\"https:\\\/\\\/www.lyoncitytour.fr\\\/de\\\/#organization\",\"name\":\"Lyon City Tour\",\"url\":\"https:\\\/\\\/www.lyoncitytour.fr\\\/de\\\/\",\"logo\":{\"@type\":\"ImageObject\",\"inLanguage\":\"de\",\"@id\":\"https:\\\/\\\/www.lyoncitytour.fr\\\/de\\\/#\\\/schema\\\/logo\\\/image\\\/\",\"url\":\"https:\\\/\\\/www.lyoncitytour.fr\\\/wp-content\\\/uploads\\\/2019\\\/03\\\/logo.png\",\"contentUrl\":\"https:\\\/\\\/www.lyoncitytour.fr\\\/wp-content\\\/uploads\\\/2019\\\/03\\\/logo.png\",\"width\":572,\"height\":287,\"caption\":\"Lyon City Tour\"},\"image\":{\"@id\":\"https:\\\/\\\/www.lyoncitytour.fr\\\/de\\\/#\\\/schema\\\/logo\\\/image\\\/\"}}]}<\/script>\n<!-- \/ Yoast SEO plugin. -->","yoast_head_json":{"title":"REWIND Audioguide auf dem Smartphone - Lyon City Tour","robots":{"index":"index","follow":"follow","max-snippet":"max-snippet:-1","max-image-preview":"max-image-preview:large","max-video-preview":"max-video-preview:-1"},"canonical":"https:\/\/www.lyoncitytour.fr\/de\/rewind-audioguide-sur-smartphone\/","og_locale":"de_DE","og_type":"article","og_title":"REWIND Audioguide auf dem Smartphone - Lyon City Tour","og_description":"Die Audiof\u00fchrung auf dem Smartphone mit REWIND Was ist REWIND und warum? Rewind ist die Anwendung, die Ihnen eine Audiof\u00fchrung von Ihrem Smartphone aus bietet! Alles, was Sie tun m\u00fcssen, ist, den QR-Code zu scannen, dann die Sprache Ihrer Wahl auszuw\u00e4hlen und der s\u00fc\u00dfen Stimme unseres Guides zu folgen! Geschichten und Anleitungen werden automatisch entsprechend der GPS-Position des Busses von&hellip;","og_url":"https:\/\/www.lyoncitytour.fr\/de\/rewind-audioguide-sur-smartphone\/","og_site_name":"Lyon City Tour","article_modified_time":"2025-06-27T08:00:09+00:00","og_image":[{"url":"https:\/\/www.lyoncitytour.fr\/wp-content\/uploads\/Publications_Lyon_City_Tour_-240x300.jpg","type":"","width":"","height":""}],"twitter_card":"summary_large_image","twitter_misc":{"Gesch\u00e4tzte Lesezeit":"1\u00a0Minute"},"schema":{"@context":"https:\/\/schema.org","@graph":[{"@type":"WebPage","@id":"https:\/\/www.lyoncitytour.fr\/de\/rewind-audioguide-sur-smartphone\/","url":"https:\/\/www.lyoncitytour.fr\/de\/rewind-audioguide-sur-smartphone\/","name":"REWIND Audioguide auf dem Smartphone - Lyon City Tour","isPartOf":{"@id":"https:\/\/www.lyoncitytour.fr\/de\/#website"},"primaryImageOfPage":{"@id":"https:\/\/www.lyoncitytour.fr\/de\/rewind-audioguide-sur-smartphone\/#primaryimage"},"image":{"@id":"https:\/\/www.lyoncitytour.fr\/de\/rewind-audioguide-sur-smartphone\/#primaryimage"},"thumbnailUrl":"https:\/\/www.lyoncitytour.fr\/wp-content\/uploads\/Publications_Lyon_City_Tour_-240x300.jpg","datePublished":"2025-06-27T07:39:00+00:00","dateModified":"2025-06-27T08:00:09+00:00","breadcrumb":{"@id":"https:\/\/www.lyoncitytour.fr\/de\/rewind-audioguide-sur-smartphone\/#breadcrumb"},"inLanguage":"de","potentialAction":[{"@type":"ReadAction","target":["https:\/\/www.lyoncitytour.fr\/de\/rewind-audioguide-sur-smartphone\/"]}]},{"@type":"ImageObject","inLanguage":"de","@id":"https:\/\/www.lyoncitytour.fr\/de\/rewind-audioguide-sur-smartphone\/#primaryimage","url":"https:\/\/www.lyoncitytour.fr\/wp-content\/uploads\/Publications_Lyon_City_Tour_-240x300.jpg","contentUrl":"https:\/\/www.lyoncitytour.fr\/wp-content\/uploads\/Publications_Lyon_City_Tour_-240x300.jpg"},{"@type":"BreadcrumbList","@id":"https:\/\/www.lyoncitytour.fr\/de\/rewind-audioguide-sur-smartphone\/#breadcrumb","itemListElement":[{"@type":"ListItem","position":1,"name":"Accueil","item":"https:\/\/www.lyoncitytour.fr\/de\/accueil\/"},{"@type":"ListItem","position":2,"name":"REWIND Audioguide auf dem Smartphone"}]},{"@type":"WebSite","@id":"https:\/\/www.lyoncitytour.fr\/de\/#website","url":"https:\/\/www.lyoncitytour.fr\/de\/","name":"Lyon City Tour","description":"","publisher":{"@id":"https:\/\/www.lyoncitytour.fr\/de\/#organization"},"potentialAction":[{"@type":"SearchAction","target":{"@type":"EntryPoint","urlTemplate":"https:\/\/www.lyoncitytour.fr\/de\/?s={search_term_string}"},"query-input":{"@type":"PropertyValueSpecification","valueRequired":true,"valueName":"search_term_string"}}],"inLanguage":"de"},{"@type":"Organization","@id":"https:\/\/www.lyoncitytour.fr\/de\/#organization","name":"Lyon City Tour","url":"https:\/\/www.lyoncitytour.fr\/de\/","logo":{"@type":"ImageObject","inLanguage":"de","@id":"https:\/\/www.lyoncitytour.fr\/de\/#\/schema\/logo\/image\/","url":"https:\/\/www.lyoncitytour.fr\/wp-content\/uploads\/2019\/03\/logo.png","contentUrl":"https:\/\/www.lyoncitytour.fr\/wp-content\/uploads\/2019\/03\/logo.png","width":572,"height":287,"caption":"Lyon City Tour"},"image":{"@id":"https:\/\/www.lyoncitytour.fr\/de\/#\/schema\/logo\/image\/"}}]}},"_links":{"self":[{"href":"https:\/\/www.lyoncitytour.fr\/de\/wp-json\/wp\/v2\/pages\/25986","targetHints":{"allow":["GET"]}}],"collection":[{"href":"https:\/\/www.lyoncitytour.fr\/de\/wp-json\/wp\/v2\/pages"}],"about":[{"href":"https:\/\/www.lyoncitytour.fr\/de\/wp-json\/wp\/v2\/types\/page"}],"author":[{"embeddable":true,"href":"https:\/\/www.lyoncitytour.fr\/de\/wp-json\/wp\/v2\/users\/5"}],"replies":[{"embeddable":true,"href":"https:\/\/www.lyoncitytour.fr\/de\/wp-json\/wp\/v2\/comments?post=25986"}],"version-history":[{"count":0,"href":"https:\/\/www.lyoncitytour.fr\/de\/wp-json\/wp\/v2\/pages\/25986\/revisions"}],"wp:attachment":[{"href":"https:\/\/www.lyoncitytour.fr\/de\/wp-json\/wp\/v2\/media?parent=25986"}],"curies":[{"name":"wp","href":"https:\/\/api.w.org\/{rel}","templated":true}]}}