{"id":23061,"date":"2020-07-10T12:05:42","date_gmt":"2020-07-10T10:05:42","guid":{"rendered":"https:\/\/www.lyoncitytour.fr\/que-faire-a-lyon-en-famille\/mini-world-lyon\/"},"modified":"2025-02-21T10:48:35","modified_gmt":"2025-02-21T09:48:35","slug":"mini-world-lyon","status":"publish","type":"page","link":"https:\/\/www.lyoncitytour.fr\/es\/decouvrir-lyon\/que-faire-a-lyon-en-famille\/mini-world-lyon\/","title":{"rendered":"Mini Mundo Lyon"},"content":{"rendered":"<h5>Mundos en miniatura<\/h5>\n<h2>\n  Ciudad  <\/h2>\n<h2>\n  Monta\u00f1a  <\/h2>\n<h2>\n  Campa\u00f1a  <\/h2>\n<h2>\n  Mini Lyon  <\/h2>\n<h5>Un recorrido de 360<\/h5>\n<p>\u00a1Descubre mundos en miniatura a vista de calle!<\/p>\n<p>\t\t\t\t\t<a href=\"https:\/\/miniworldlyon.com\/decouvrez-nos-mini-mondes-en-street-view\/\"><br \/>\n\t\t\t\t<svg aria-hidden=\"true\" viewbox=\"0 0 512 512\" xmlns=\"http:\/\/www.w3.org\/2000\/svg\"><path d=\"M367.9 329.76c-4.62 5.3-9.78 10.1-15.9 13.65v22.94c66.52 9.34 112 28.05 112 49.65 0 30.93-93.12 56-208 56S48 446.93 48 416c0-21.6 45.48-40.3 112-49.65v-22.94c-6.12-3.55-11.28-8.35-15.9-13.65C58.87 345.34 0 378.05 0 416c0 53.02 114.62 96 256 96s256-42.98 256-96c0-37.95-58.87-70.66-144.1-86.24zM256 128c35.35 0 64-28.65 64-64S291.35 0 256 0s-64 28.65-64 64 28.65 64 64 64zm-64 192v96c0 17.67 14.33 32 32 32h64c17.67 0 32-14.33 32-32v-96c17.67 0 32-14.33 32-32v-96c0-26.51-21.49-48-48-48h-11.8c-11.07 5.03-23.26 8-36.2 8s-25.13-2.97-36.2-8H208c-26.51 0-48 21.49-48 48v96c0 17.67 14.33 32 32 32z\"><\/path><\/svg><br \/>\n  Desc\u00fabrelo<br \/>\n\t\t\t\t\t<\/a><\/p>\n<h5>Destacados<\/h5>\n<ul>\n<li>\n\t\t\t\t\t\t\t<svg aria-hidden=\"true\" viewbox=\"0 0 576 512\" xmlns=\"http:\/\/www.w3.org\/2000\/svg\"><path d=\"M259.3 17.8L194 150.2 47.9 171.5c-26.2 3.8-36.7 36.1-17.7 54.6l105.7 103-25 145.5c-4.5 26.3 23.2 46 46.4 33.7L288 439.6l130.7 68.7c23.2 12.2 50.9-7.4 46.4-33.7l-25-145.5 105.7-103c19-18.5 8.5-50.8-17.7-54.6L382 150.2 316.7 17.8c-11.7-23.6-45.6-23.9-57.4 0z\"><\/path><\/svg><br \/>\n  Descubre una versi\u00f3n en miniatura de la ciudad y sus alrededores, con luces, entretenimiento y, lo m\u00e1s importante, diversi\u00f3n para toda la familia\n\t\t\t\t\t\t\t\t\t<\/li>\n<li>\n\t\t\t\t\t\t\t<svg aria-hidden=\"true\" viewbox=\"0 0 576 512\" xmlns=\"http:\/\/www.w3.org\/2000\/svg\"><path d=\"M259.3 17.8L194 150.2 47.9 171.5c-26.2 3.8-36.7 36.1-17.7 54.6l105.7 103-25 145.5c-4.5 26.3 23.2 46 46.4 33.7L288 439.6l130.7 68.7c23.2 12.2 50.9-7.4 46.4-33.7l-25-145.5 105.7-103c19-18.5 8.5-50.8-17.7-54.6L382 150.2 316.7 17.8c-11.7-23.6-45.6-23.9-57.4 0z\"><\/path><\/svg><br \/>\n  Admira los 70.000 mini personajes, los 4.000 animales peque\u00f1os, las 60.000 luces o los 2 km de ra\u00edles\n\t\t\t\t\t\t\t\t\t<\/li>\n<li>\n\t\t\t\t\t\t\t<svg aria-hidden=\"true\" viewbox=\"0 0 576 512\" xmlns=\"http:\/\/www.w3.org\/2000\/svg\"><path d=\"M259.3 17.8L194 150.2 47.9 171.5c-26.2 3.8-36.7 36.1-17.7 54.6l105.7 103-25 145.5c-4.5 26.3 23.2 46 46.4 33.7L288 439.6l130.7 68.7c23.2 12.2 50.9-7.4 46.4-33.7l-25-145.5 105.7-103c19-18.5 8.5-50.8-17.7-54.6L382 150.2 316.7 17.8c-11.7-23.6-45.6-23.9-57.4 0z\"><\/path><\/svg><br \/>\n  La noche cae cada 20 minutos, y cada hora, \u00a1asiste a un verdadero (peque\u00f1o) Festival de las Luces!\n\t\t\t\t\t\t\t\t\t<\/li>\n<\/ul>\n<h5>Informaci\u00f3n<\/h5>\n<ul>\n<li>\n\t\t\t\t\t\t\t<svg aria-hidden=\"true\" viewbox=\"0 0 448 512\" xmlns=\"http:\/\/www.w3.org\/2000\/svg\"><path d=\"M448 96v256c0 51.815-61.624 96-130.022 96l62.98 49.721C386.905 502.417 383.562 512 376 512H72c-7.578 0-10.892-9.594-4.957-14.279L130.022 448C61.82 448 0 403.954 0 352V96C0 42.981 64 0 128 0h192c65 0 128 42.981 128 96zM200 232V120c0-13.255-10.745-24-24-24H72c-13.255 0-24 10.745-24 24v112c0 13.255 10.745 24 24 24h104c13.255 0 24-10.745 24-24zm200 0V120c0-13.255-10.745-24-24-24H272c-13.255 0-24 10.745-24 24v112c0 13.255 10.745 24 24 24h104c13.255 0 24-10.745 24-24zm-48 56c-26.51 0-48 21.49-48 48s21.49 48 48 48 48-21.49 48-48-21.49-48-48-48zm-256 0c-26.51 0-48 21.49-48 48s21.49 48 48 48 48-21.49 48-48-21.49-48-48-48z\"><\/path><\/svg><br \/>\n\t\t\t\t\t\t\t\t\t\t<font color=\"#24338b\"><b>\u00bfC\u00f3mo llego hasta all\u00ed?<\/b><\/font><br \/>Metro A a Vaulx-en-Velin\n\t\t\t\t\t\t\t\t\t<\/li>\n<li>\n\t\t\t\t\t\t\t<svg aria-hidden=\"true\" viewbox=\"0 0 512 512\" xmlns=\"http:\/\/www.w3.org\/2000\/svg\"><path d=\"M497.39 361.8l-112-48a24 24 0 0 0-28 6.9l-49.6 60.6A370.66 370.66 0 0 1 130.6 204.11l60.6-49.6a23.94 23.94 0 0 0 6.9-28l-48-112A24.16 24.16 0 0 0 122.6.61l-104 24A24 24 0 0 0 0 48c0 256.5 207.9 464 464 464a24 24 0 0 0 23.4-18.6l24-104a24.29 24.29 0 0 0-14.01-27.6z\"><\/path><\/svg><br \/>\n\t\t\t\t\t\t\t\t\t\t<font color=\"#25338b\"><b>Tel\u00e9fono<\/b><\/font><br \/>04 28 29 09 19\n\t\t\t\t\t\t\t\t\t<\/li>\n<li>\n\t\t\t\t\t\t\t<svg aria-hidden=\"true\" viewbox=\"0 0 384 512\" xmlns=\"http:\/\/www.w3.org\/2000\/svg\"><path d=\"M172.268 501.67C26.97 291.031 0 269.413 0 192 0 85.961 85.961 0 192 0s192 85.961 192 192c0 77.413-26.97 99.031-172.268 309.67-9.535 13.774-29.93 13.773-39.464 0zM192 272c44.183 0 80-35.817 80-80s-35.817-80-80-80-80 35.817-80 80 35.817 80 80 80z\"><\/path><\/svg><br \/>\n\t\t\t\t\t\t\t\t\t\t<font color=\"#25338b\"><b>Direcci\u00f3n<\/b><\/font><\/p>\n<p>P\u00f4le du Carr\u00e9 de Soie 3 Avenue de Bohlen 69120 Vaulx-en-Velin\n\t\t\t\t\t\t\t\t\t<\/li>\n<li>\n\t\t\t\t\t\t\t\t\t\t\t<a href=\"https:\/\/miniworldlyon.com\/\"><br \/>\n\t\t\t\t\t\t\t<svg aria-hidden=\"true\" viewbox=\"0 0 320 512\" xmlns=\"http:\/\/www.w3.org\/2000\/svg\"><path d=\"M302.189 329.126H196.105l55.831 135.993c3.889 9.428-.555 19.999-9.444 23.999l-49.165 21.427c-9.165 4-19.443-.571-23.332-9.714l-53.053-129.136-86.664 89.138C18.729 472.71 0 463.554 0 447.977V18.299C0 1.899 19.921-6.096 30.277 5.443l284.412 292.542c11.472 11.179 3.007 31.141-12.5 31.141z\"><\/path><\/svg><br \/>\n\t\t\t\t\t\t\t\t\t\t<br \/>P<b>\u00e1gina web<\/b> www.miniworldlyon.com<br \/>\n\t\t\t\t\t\t\t\t\t\t\t<\/a>\n\t\t\t\t\t\t\t\t\t<\/li>\n<\/ul>\n<h1>C\u00f3mo llegar<\/h1>\n<p>\t\t\t<iframe loading=\"lazy\" src=\"https:\/\/maps.google.com\/maps?q=mini%20world%20lyon&amp;t=m&amp;z=17&amp;output=embed&amp;iwloc=near\" title=\"Mini Mundo Lyon\" aria-label=\"mini world lyon\"><\/iframe><\/p>\n<h1>Descubre nuestros circuitos<\/h1>\n<figure>\n\t\t\t\t<img fetchpriority=\"high\" width=\"1024\" height=\"768\" src=\"https:\/\/www.lyoncitytour.fr\/wp-content\/uploads\/2019\/11\/lyon-city-bus-1024x768.jpg\" alt=\"\" decoding=\"async\" srcset=\"https:\/\/www.lyoncitytour.fr\/wp-content\/uploads\/2019\/11\/lyon-city-bus-1024x768.jpg 1024w, https:\/\/www.lyoncitytour.fr\/wp-content\/uploads\/2019\/11\/lyon-city-bus-300x225.jpg 300w, https:\/\/www.lyoncitytour.fr\/wp-content\/uploads\/2019\/11\/lyon-city-bus-768x576.jpg 768w, https:\/\/www.lyoncitytour.fr\/wp-content\/uploads\/2019\/11\/lyon-city-bus-1536x1152.jpg 1536w, https:\/\/www.lyoncitytour.fr\/wp-content\/uploads\/2019\/11\/lyon-city-bus-2048x1536.jpg 2048w, https:\/\/www.lyoncitytour.fr\/wp-content\/uploads\/2019\/11\/lyon-city-bus-370x278.jpg 370w, https:\/\/www.lyoncitytour.fr\/wp-content\/uploads\/2019\/11\/lyon-city-bus-760x570.jpg 760w, https:\/\/www.lyoncitytour.fr\/wp-content\/uploads\/2019\/11\/lyon-city-bus-600x450.jpg 600w\" sizes=\"(max-width: 1024px) 100vw, 1024px\">\t\t\t\t\t\t\t\t\t<small>Desde<\/small> 22<br \/>\n\t\t\t\t\t\t\t<\/figure>\n<h2>Descubre el centro de Lyon en autob\u00fas L\u00ednea Verde<\/h2>\n<p>&nbsp;  12 paradas<br \/>\n<br \/>&nbsp; V\u00e1lido por 1 d\u00eda<br \/>\n<br \/>&nbsp; Duraci\u00f3n: 1h30<\/br> &nbsp;Cancelaci\u00f3n gratuita<br \/>\n<br \/><small><br \/>\n152 comentarios<\/small><br \/>\n<img decoding=\"async\" src=\"http:\/\/www.lyoncitytour.fr\/wp-content\/uploads\/TC-Winner.png\"><\/p>\n","protected":false},"excerpt":{"rendered":"<p>Mundos en miniatura Ciudad Monta\u00f1a Campa\u00f1a Mini Lyon Un recorrido de 360 \u00a1Descubre mundos en miniatura a vista de calle! Desc\u00fabrelo Destacados Descubre una versi\u00f3n en miniatura de la ciudad y sus alrededores, con luces, entretenimiento y, lo m\u00e1s importante, diversi\u00f3n para toda la familia Admira los 70.000 mini personajes, los 4.000 animales peque\u00f1os, las 60.000 luces o los 2&hellip;<\/p>\n","protected":false},"author":4,"featured_media":0,"parent":23048,"menu_order":0,"comment_status":"closed","ping_status":"closed","template":"","meta":{"footnotes":""},"class_list":["post-23061","page","type-page","status-publish","hentry"],"yoast_head":"<!-- This site is optimized with the Yoast SEO plugin v27.4 - https:\/\/yoast.com\/product\/yoast-seo-wordpress\/ -->\n<title>Mini Mundo Lyon - Lyon City Tour<\/title>\n<meta name=\"robots\" content=\"index, follow, max-snippet:-1, max-image-preview:large, max-video-preview:-1\" \/>\n<link rel=\"canonical\" href=\"https:\/\/www.lyoncitytour.fr\/es\/decouvrir-lyon\/que-faire-a-lyon-en-famille\/mini-world-lyon\/\" \/>\n<meta property=\"og:locale\" content=\"es_ES\" \/>\n<meta property=\"og:type\" content=\"article\" \/>\n<meta property=\"og:title\" content=\"Mini Mundo Lyon - Lyon City Tour\" \/>\n<meta property=\"og:description\" content=\"Mundos en miniatura Ciudad Monta\u00f1a Campa\u00f1a Mini Lyon Un recorrido de 360 \u00a1Descubre mundos en miniatura a vista de calle! Desc\u00fabrelo Destacados Descubre una versi\u00f3n en miniatura de la ciudad y sus alrededores, con luces, entretenimiento y, lo m\u00e1s importante, diversi\u00f3n para toda la familia Admira los 70.000 mini personajes, los 4.000 animales peque\u00f1os, las 60.000 luces o los 2&hellip;\" \/>\n<meta property=\"og:url\" content=\"https:\/\/www.lyoncitytour.fr\/es\/decouvrir-lyon\/que-faire-a-lyon-en-famille\/mini-world-lyon\/\" \/>\n<meta property=\"og:site_name\" content=\"Lyon City Tour\" \/>\n<meta property=\"article:modified_time\" content=\"2025-02-21T09:48:35+00:00\" \/>\n<meta property=\"og:image\" content=\"https:\/\/www.lyoncitytour.fr\/wp-content\/uploads\/2019\/11\/lyon-city-bus-1024x768.jpg\" \/>\n<meta name=\"twitter:card\" content=\"summary_large_image\" \/>\n<meta name=\"twitter:label1\" content=\"Tiempo de lectura\" \/>\n\t<meta name=\"twitter:data1\" content=\"1 minuto\" \/>\n<script type=\"application\/ld+json\" class=\"yoast-schema-graph\">{\"@context\":\"https:\\\/\\\/schema.org\",\"@graph\":[{\"@type\":\"WebPage\",\"@id\":\"https:\\\/\\\/www.lyoncitytour.fr\\\/es\\\/decouvrir-lyon\\\/que-faire-a-lyon-en-famille\\\/mini-world-lyon\\\/\",\"url\":\"https:\\\/\\\/www.lyoncitytour.fr\\\/es\\\/decouvrir-lyon\\\/que-faire-a-lyon-en-famille\\\/mini-world-lyon\\\/\",\"name\":\"Mini Mundo Lyon - Lyon City Tour\",\"isPartOf\":{\"@id\":\"https:\\\/\\\/www.lyoncitytour.fr\\\/es\\\/#website\"},\"primaryImageOfPage\":{\"@id\":\"https:\\\/\\\/www.lyoncitytour.fr\\\/es\\\/decouvrir-lyon\\\/que-faire-a-lyon-en-famille\\\/mini-world-lyon\\\/#primaryimage\"},\"image\":{\"@id\":\"https:\\\/\\\/www.lyoncitytour.fr\\\/es\\\/decouvrir-lyon\\\/que-faire-a-lyon-en-famille\\\/mini-world-lyon\\\/#primaryimage\"},\"thumbnailUrl\":\"https:\\\/\\\/www.lyoncitytour.fr\\\/wp-content\\\/uploads\\\/2019\\\/11\\\/lyon-city-bus-1024x768.jpg\",\"datePublished\":\"2020-07-10T10:05:42+00:00\",\"dateModified\":\"2025-02-21T09:48:35+00:00\",\"breadcrumb\":{\"@id\":\"https:\\\/\\\/www.lyoncitytour.fr\\\/es\\\/decouvrir-lyon\\\/que-faire-a-lyon-en-famille\\\/mini-world-lyon\\\/#breadcrumb\"},\"inLanguage\":\"es\",\"potentialAction\":[{\"@type\":\"ReadAction\",\"target\":[\"https:\\\/\\\/www.lyoncitytour.fr\\\/es\\\/decouvrir-lyon\\\/que-faire-a-lyon-en-famille\\\/mini-world-lyon\\\/\"]}]},{\"@type\":\"ImageObject\",\"inLanguage\":\"es\",\"@id\":\"https:\\\/\\\/www.lyoncitytour.fr\\\/es\\\/decouvrir-lyon\\\/que-faire-a-lyon-en-famille\\\/mini-world-lyon\\\/#primaryimage\",\"url\":\"https:\\\/\\\/www.lyoncitytour.fr\\\/wp-content\\\/uploads\\\/2019\\\/11\\\/lyon-city-bus-1024x768.jpg\",\"contentUrl\":\"https:\\\/\\\/www.lyoncitytour.fr\\\/wp-content\\\/uploads\\\/2019\\\/11\\\/lyon-city-bus-1024x768.jpg\"},{\"@type\":\"BreadcrumbList\",\"@id\":\"https:\\\/\\\/www.lyoncitytour.fr\\\/es\\\/decouvrir-lyon\\\/que-faire-a-lyon-en-famille\\\/mini-world-lyon\\\/#breadcrumb\",\"itemListElement\":[{\"@type\":\"ListItem\",\"position\":1,\"name\":\"Accueil\",\"item\":\"https:\\\/\\\/www.lyoncitytour.fr\\\/es\\\/accueil\\\/\"},{\"@type\":\"ListItem\",\"position\":2,\"name\":\"Descubrir Lyon\",\"item\":\"https:\\\/\\\/www.lyoncitytour.fr\\\/es\\\/decouvrir-lyon\\\/\"},{\"@type\":\"ListItem\",\"position\":3,\"name\":\"Con la familia\",\"item\":\"https:\\\/\\\/www.lyoncitytour.fr\\\/es\\\/decouvrir-lyon\\\/que-faire-a-lyon-en-famille\\\/\"},{\"@type\":\"ListItem\",\"position\":4,\"name\":\"Mini Mundo Lyon\"}]},{\"@type\":\"WebSite\",\"@id\":\"https:\\\/\\\/www.lyoncitytour.fr\\\/es\\\/#website\",\"url\":\"https:\\\/\\\/www.lyoncitytour.fr\\\/es\\\/\",\"name\":\"Lyon City Tour\",\"description\":\"\",\"publisher\":{\"@id\":\"https:\\\/\\\/www.lyoncitytour.fr\\\/es\\\/#organization\"},\"potentialAction\":[{\"@type\":\"SearchAction\",\"target\":{\"@type\":\"EntryPoint\",\"urlTemplate\":\"https:\\\/\\\/www.lyoncitytour.fr\\\/es\\\/?s={search_term_string}\"},\"query-input\":{\"@type\":\"PropertyValueSpecification\",\"valueRequired\":true,\"valueName\":\"search_term_string\"}}],\"inLanguage\":\"es\"},{\"@type\":\"Organization\",\"@id\":\"https:\\\/\\\/www.lyoncitytour.fr\\\/es\\\/#organization\",\"name\":\"Lyon City Tour\",\"url\":\"https:\\\/\\\/www.lyoncitytour.fr\\\/es\\\/\",\"logo\":{\"@type\":\"ImageObject\",\"inLanguage\":\"es\",\"@id\":\"https:\\\/\\\/www.lyoncitytour.fr\\\/es\\\/#\\\/schema\\\/logo\\\/image\\\/\",\"url\":\"https:\\\/\\\/www.lyoncitytour.fr\\\/wp-content\\\/uploads\\\/2019\\\/03\\\/logo.png\",\"contentUrl\":\"https:\\\/\\\/www.lyoncitytour.fr\\\/wp-content\\\/uploads\\\/2019\\\/03\\\/logo.png\",\"width\":572,\"height\":287,\"caption\":\"Lyon City Tour\"},\"image\":{\"@id\":\"https:\\\/\\\/www.lyoncitytour.fr\\\/es\\\/#\\\/schema\\\/logo\\\/image\\\/\"}}]}<\/script>\n<!-- \/ Yoast SEO plugin. -->","yoast_head_json":{"title":"Mini Mundo Lyon - Lyon City Tour","robots":{"index":"index","follow":"follow","max-snippet":"max-snippet:-1","max-image-preview":"max-image-preview:large","max-video-preview":"max-video-preview:-1"},"canonical":"https:\/\/www.lyoncitytour.fr\/es\/decouvrir-lyon\/que-faire-a-lyon-en-famille\/mini-world-lyon\/","og_locale":"es_ES","og_type":"article","og_title":"Mini Mundo Lyon - Lyon City Tour","og_description":"Mundos en miniatura Ciudad Monta\u00f1a Campa\u00f1a Mini Lyon Un recorrido de 360 \u00a1Descubre mundos en miniatura a vista de calle! Desc\u00fabrelo Destacados Descubre una versi\u00f3n en miniatura de la ciudad y sus alrededores, con luces, entretenimiento y, lo m\u00e1s importante, diversi\u00f3n para toda la familia Admira los 70.000 mini personajes, los 4.000 animales peque\u00f1os, las 60.000 luces o los 2&hellip;","og_url":"https:\/\/www.lyoncitytour.fr\/es\/decouvrir-lyon\/que-faire-a-lyon-en-famille\/mini-world-lyon\/","og_site_name":"Lyon City Tour","article_modified_time":"2025-02-21T09:48:35+00:00","og_image":[{"url":"https:\/\/www.lyoncitytour.fr\/wp-content\/uploads\/2019\/11\/lyon-city-bus-1024x768.jpg","type":"","width":"","height":""}],"twitter_card":"summary_large_image","twitter_misc":{"Tiempo de lectura":"1 minuto"},"schema":{"@context":"https:\/\/schema.org","@graph":[{"@type":"WebPage","@id":"https:\/\/www.lyoncitytour.fr\/es\/decouvrir-lyon\/que-faire-a-lyon-en-famille\/mini-world-lyon\/","url":"https:\/\/www.lyoncitytour.fr\/es\/decouvrir-lyon\/que-faire-a-lyon-en-famille\/mini-world-lyon\/","name":"Mini Mundo Lyon - Lyon City Tour","isPartOf":{"@id":"https:\/\/www.lyoncitytour.fr\/es\/#website"},"primaryImageOfPage":{"@id":"https:\/\/www.lyoncitytour.fr\/es\/decouvrir-lyon\/que-faire-a-lyon-en-famille\/mini-world-lyon\/#primaryimage"},"image":{"@id":"https:\/\/www.lyoncitytour.fr\/es\/decouvrir-lyon\/que-faire-a-lyon-en-famille\/mini-world-lyon\/#primaryimage"},"thumbnailUrl":"https:\/\/www.lyoncitytour.fr\/wp-content\/uploads\/2019\/11\/lyon-city-bus-1024x768.jpg","datePublished":"2020-07-10T10:05:42+00:00","dateModified":"2025-02-21T09:48:35+00:00","breadcrumb":{"@id":"https:\/\/www.lyoncitytour.fr\/es\/decouvrir-lyon\/que-faire-a-lyon-en-famille\/mini-world-lyon\/#breadcrumb"},"inLanguage":"es","potentialAction":[{"@type":"ReadAction","target":["https:\/\/www.lyoncitytour.fr\/es\/decouvrir-lyon\/que-faire-a-lyon-en-famille\/mini-world-lyon\/"]}]},{"@type":"ImageObject","inLanguage":"es","@id":"https:\/\/www.lyoncitytour.fr\/es\/decouvrir-lyon\/que-faire-a-lyon-en-famille\/mini-world-lyon\/#primaryimage","url":"https:\/\/www.lyoncitytour.fr\/wp-content\/uploads\/2019\/11\/lyon-city-bus-1024x768.jpg","contentUrl":"https:\/\/www.lyoncitytour.fr\/wp-content\/uploads\/2019\/11\/lyon-city-bus-1024x768.jpg"},{"@type":"BreadcrumbList","@id":"https:\/\/www.lyoncitytour.fr\/es\/decouvrir-lyon\/que-faire-a-lyon-en-famille\/mini-world-lyon\/#breadcrumb","itemListElement":[{"@type":"ListItem","position":1,"name":"Accueil","item":"https:\/\/www.lyoncitytour.fr\/es\/accueil\/"},{"@type":"ListItem","position":2,"name":"Descubrir Lyon","item":"https:\/\/www.lyoncitytour.fr\/es\/decouvrir-lyon\/"},{"@type":"ListItem","position":3,"name":"Con la familia","item":"https:\/\/www.lyoncitytour.fr\/es\/decouvrir-lyon\/que-faire-a-lyon-en-famille\/"},{"@type":"ListItem","position":4,"name":"Mini Mundo Lyon"}]},{"@type":"WebSite","@id":"https:\/\/www.lyoncitytour.fr\/es\/#website","url":"https:\/\/www.lyoncitytour.fr\/es\/","name":"Lyon City Tour","description":"","publisher":{"@id":"https:\/\/www.lyoncitytour.fr\/es\/#organization"},"potentialAction":[{"@type":"SearchAction","target":{"@type":"EntryPoint","urlTemplate":"https:\/\/www.lyoncitytour.fr\/es\/?s={search_term_string}"},"query-input":{"@type":"PropertyValueSpecification","valueRequired":true,"valueName":"search_term_string"}}],"inLanguage":"es"},{"@type":"Organization","@id":"https:\/\/www.lyoncitytour.fr\/es\/#organization","name":"Lyon City Tour","url":"https:\/\/www.lyoncitytour.fr\/es\/","logo":{"@type":"ImageObject","inLanguage":"es","@id":"https:\/\/www.lyoncitytour.fr\/es\/#\/schema\/logo\/image\/","url":"https:\/\/www.lyoncitytour.fr\/wp-content\/uploads\/2019\/03\/logo.png","contentUrl":"https:\/\/www.lyoncitytour.fr\/wp-content\/uploads\/2019\/03\/logo.png","width":572,"height":287,"caption":"Lyon City Tour"},"image":{"@id":"https:\/\/www.lyoncitytour.fr\/es\/#\/schema\/logo\/image\/"}}]}},"_links":{"self":[{"href":"https:\/\/www.lyoncitytour.fr\/es\/wp-json\/wp\/v2\/pages\/23061","targetHints":{"allow":["GET"]}}],"collection":[{"href":"https:\/\/www.lyoncitytour.fr\/es\/wp-json\/wp\/v2\/pages"}],"about":[{"href":"https:\/\/www.lyoncitytour.fr\/es\/wp-json\/wp\/v2\/types\/page"}],"author":[{"embeddable":true,"href":"https:\/\/www.lyoncitytour.fr\/es\/wp-json\/wp\/v2\/users\/4"}],"replies":[{"embeddable":true,"href":"https:\/\/www.lyoncitytour.fr\/es\/wp-json\/wp\/v2\/comments?post=23061"}],"version-history":[{"count":0,"href":"https:\/\/www.lyoncitytour.fr\/es\/wp-json\/wp\/v2\/pages\/23061\/revisions"}],"up":[{"embeddable":true,"href":"https:\/\/www.lyoncitytour.fr\/es\/wp-json\/wp\/v2\/pages\/23048"}],"wp:attachment":[{"href":"https:\/\/www.lyoncitytour.fr\/es\/wp-json\/wp\/v2\/media?parent=23061"}],"curies":[{"name":"wp","href":"https:\/\/api.w.org\/{rel}","templated":true}]}}