{"id":23469,"date":"2019-03-06T16:49:06","date_gmt":"2019-03-06T15:49:06","guid":{"rendered":"https:\/\/www.lyoncitytour.fr\/mentions-legales\/"},"modified":"2025-01-29T19:33:51","modified_gmt":"2025-01-29T18:33:51","slug":"mentions-legales","status":"publish","type":"page","link":"https:\/\/www.lyoncitytour.fr\/es\/mentions-legales\/","title":{"rendered":"Legal"},"content":{"rendered":"\t\t<div data-elementor-type=\"wp-page\" data-elementor-id=\"23469\" class=\"elementor elementor-23469 elementor-47\" data-elementor-settings=\"{&quot;ha_cmc_init_switcher&quot;:&quot;no&quot;}\" data-elementor-post-type=\"page\">\n\t\t\t\t<div class=\"elementor-element elementor-element-60df2168 e-flex e-con-boxed e-con e-parent\" data-id=\"60df2168\" data-element_type=\"container\" data-e-type=\"container\" data-settings=\"{&quot;_ha_eqh_enable&quot;:false}\">\n\t\t\t\t\t<div class=\"e-con-inner\">\n\t\t\t\t<div class=\"elementor-element elementor-element-27f808da elementor-widget elementor-widget-text-editor\" data-id=\"27f808da\" data-element_type=\"widget\" data-e-type=\"widget\" data-widget_type=\"text-editor.default\">\n\t\t\t\t<div class=\"elementor-widget-container\">\n\t\t\t\t\t\t\t\t\t\n<p>Editor del sitio web:<\/p>\n\n<p>Recorrido por la ciudad de Lyon<br>1 rue de la Martini\u00e8re, 69001 Lyon<br>Tel.: 04.78.56.32.39 <\/p>\n\n<p>S.A.R.L. con un capital de 250.000 euros \u2013 R.C.S. Lyon 482 488 079<br>Declaraci\u00f3n CNIL: Tramitaci\u00f3n NS-048 Gesti\u00f3n de expedientes de clientes y prospectos.<br>Recibo CNIL n\u00b0 1398235<\/p>\n\n<p>Director de la publicaci\u00f3n: Olivier Michel<\/p>\n\n<p>Dise\u00f1o y producci\u00f3n de sitios web:<\/p>\n\n<p>T\u00da-P<\/p>\n\n<p>Alojamiento:<\/p>\n\n<p>OVH<br>2 rue Kellermann, 59100 Roubaix<\/p>\n\n<p>Derechos de autor:<\/p>\n\n<p>El sitio www.lyoncitytour.fr es una creaci\u00f3n protegida por derechos de autor. Los textos, dibujos, fotos, gr\u00e1ficos y otros elementos de este sitio web est\u00e1n protegidos por derechos de autor. Cualquier copia, adaptaci\u00f3n, traducci\u00f3n, arreglo, comunicaci\u00f3n al p\u00fablico, alquiler y otra explotaci\u00f3n, modificaci\u00f3n de la totalidad o parte de estos sitios en cualquier forma y por cualquier medio, electr\u00f3nico, mec\u00e1nico o de otro tipo, est\u00e1 estrictamente prohibido sin el consentimiento previo por escrito de Lyon City Tour. Cualquier infracci\u00f3n de estos derechos puede dar lugar a acciones civiles o penales.   <\/p>\n\n<p>Responsabilidad del contenido:<\/p>\n\n<p>Lyon City Tour pone el mayor cuidado en la creaci\u00f3n y actualizaci\u00f3n de este sitio. Sin embargo, Lyon City Tour no puede garantizar la exactitud de la informaci\u00f3n contenida en el mismo. El usuario es consciente de que la informaci\u00f3n est\u00e1 sujeta a cambios sin previo aviso. Lyon City Tour declina toda responsabilidad por el contenido del sitio y su uso. Este sitio puede proporcionar enlaces o referencias a otros sitios. Lyon City Tour no es responsable del contenido de estos otros sitios, y no ser\u00e1 responsable de ning\u00fan da\u00f1o o perjuicio que resulte de ellos. Estos enlaces externos se proporcionan a los usuarios de este sitio \u00fanicamente para su comodidad.      <\/p>\n\n<p>Formulario de contacto:<\/p>\n\n<p>De acuerdo con la Ley de Protecci\u00f3n de Datos (art. 34 de la Ley de Protecci\u00f3n de Datos), tiene derecho a acceder, rectificar y eliminar los datos que le conciernen. Para ejercer este derecho, p\u00f3ngase en contacto con Lyon City Tour. La informaci\u00f3n recopilada de las personas a trav\u00e9s de los formularios de contacto no puede ser revelada a personas que no sean Lyon City Tour. Solo se utilizar\u00e1 en el contexto para el que se recopila. Sin embargo, sus respuestas son opcionales y la falta de respuesta no tendr\u00e1 ninguna consecuencia en particular. No obstante, sus respuestas deben ser suficientes para permitirnos procesar la informaci\u00f3n.     <\/p>\n\n<p><strong>CONDICIONES GENERALES DE VENTA<\/strong><\/p>\n\n<p>Condiciones generales de venta y uso del sitio web de www.lyoncitytour.fr<\/p>\n<p>Los proveedores de transporte est\u00e1n obligados a informar a los pasajeros sobre la cantidad de gases de efecto invernadero emitidos durante el servicio de transporte.<br>Este valor se expresa como di\u00f3xido de carbono equivalente o CO2e<\/p>\n<p>Para el recorrido por la ciudad de Lyon: informaci\u00f3n sobre el CO2e = 29,5 g de CO2e por pasajero<\/p>\n\n<p>Lyon le Grand Tour \u2013 Lyon City Tour es una sociedad por acciones simplificada con un capital de 200.000 euros, cuyo domicilio social se encuentra en 1 rue de la Martini\u00e8re, 69001 LYON, inscrita en el Registro Mercantil de Lyon con el n\u00famero 482 488 039.<br>\u2013 Garant\u00eda financiera con Lyonnaise de Banque.<br>\u2013 Seguro de Responsabilidad Civil Profesional MMA, Hiscox y R\u00e9unir<\/p>\n\n<p>Lyon le Grand Tour \u2013 ofrece en el sitio web de www.lyoncitytour.fr (en adelante, el \u00abSitio web\u00bb) un servicio de venta de entradas para servicios tur\u00edsticos.<\/p>\n\n<p>Art\u00edculo 1. Definiciones y \u00e1mbito de aplicaci\u00f3n <\/p>\n\n<p>1.1 Definiciones<\/p>\n\n<p>Las siguientes definiciones tienen el mismo significado ya sea que se usen en singular o en plural.<br>\u00abEl Usuario\u00bb se refiere a cualquier usuario del Sitio que navegue, lea, reserve, solicite y\/o compre uno o m\u00e1s Servicios ofrecidos en el Sitio.<br>\u00abSocio\u00bb se refiere a todos los proveedores de Servicios.<br>\u00abServicio\u00bb se refiere a cualquier prestaci\u00f3n de servicios ofrecidos en el Sitio.<\/p>\n\n<p>1.2 \u00c1mbito de aplicaci\u00f3n<\/p>\n\n<p>Las presentes Condiciones Generales de Venta y Uso (\u00aben adelante, las Condiciones Generales\u00bb) rigen la oferta y prestaci\u00f3n de los Servicios.<\/p>\n\n<p>El pedido de Servicios est\u00e1 reservado \u00fanicamente a los Usuarios que hayan le\u00eddo previamente los T\u00e9rminos y Condiciones Generales en su totalidad y los hayan aceptado sin reservas, marcando la casilla prevista a tal efecto. Sin esta aceptaci\u00f3n, la continuaci\u00f3n del proceso de pedido es t\u00e9cnicamente imposible. <\/p>\n\n<p>Los T\u00e9rminos y Condiciones Generales pueden ser modificados en cualquier momento, sin previo aviso, entendi\u00e9ndose que dichas modificaciones no se aplicar\u00e1n a los pedidos de Servicios que ya hayan sido aceptados por Lyon City Tour en nombre y por cuenta de los Socios en cuesti\u00f3n. Por lo tanto, es imperativo que el Usuario consulte y acepte los T\u00e9rminos y Condiciones Generales en el momento de realizar su pedido, en particular para garantizar las disposiciones vigentes. <\/p>\n\n<p>Art\u00edculo 2. Haga su pedido en el sitio web de www.lyoncitytour.fr <\/p>\n\n<p>2.1 Capacidad \u2013 Uso del Sitio<\/p>\n\n<p>La funci\u00f3n del Sitio es asistir al Usuario en la b\u00fasqueda de Servicios y realizar las reservas adecuadas. El Usuario debe tener al menos 18 a\u00f1os de edad, con capacidad legal para contratar y utilizar este Sitio de acuerdo con los T\u00e9rminos y Condiciones Generales. <\/p>\n\n<p>Excepto en el caso de fraude, para el cual corresponde al Usuario proporcionar pruebas, el Usuario es financieramente responsable de sus acciones en el Sitio, en particular del uso que se har\u00e1 de su direcci\u00f3n de correo electr\u00f3nico y contrase\u00f1a. Tambi\u00e9n garantiza la veracidad y exactitud de la informaci\u00f3n que le concierne proporcionada en el Sitio. <\/p>\n\n<p>Cualquier uso fraudulento del Sitio, o que contravenga las presentes Condiciones Generales, justificar\u00e1 la denegaci\u00f3n al Usuario, en cualquier momento, del acceso a los Servicios ofrecidos por los Socios o a otras funciones del Sitio.<\/p>\n\n<p>2.2 Realizaci\u00f3n y cancelaci\u00f3n de pedidos<\/p>\n\n<p>El Usuario solo podr\u00e1 realizar pedidos a trav\u00e9s del Sitio despu\u00e9s de haber validado las presentes Condiciones Generales, as\u00ed como las Condiciones Espec\u00edficas de los Socios aplicables.<\/p>\n\n<p>La confirmaci\u00f3n del pedido, que incluye los elementos esenciales, como la identificaci\u00f3n del\/de los Servicio\/s solicitado\/s y el precio, se enviar\u00e1 al Usuario por correo electr\u00f3nico en un plazo m\u00e1ximo de dos d\u00edas a partir de la fecha del pedido.<\/p>\n\n<p>Todas las condiciones de cancelaci\u00f3n, posible rectificaci\u00f3n de pedidos y\/o reembolsos son accesibles directamente en el Sitio antes de la reserva y, si es necesario, se mencionan en la confirmaci\u00f3n del pedido o en las Condiciones Espec\u00edficas.<\/p>\n\n<p>Cualquier cancelaci\u00f3n o solicitud de modificaci\u00f3n (hasta 24 horas antes de la visita programada) debe enviarse por correo electr\u00f3nico con acuse de recibo a la siguiente direcci\u00f3n: info@lyoncitytour.fr. Para cualquier cambio realizado por el Usuario, las entradas compradas se pueden utilizar en una fecha posterior y son v\u00e1lidas durante 1 a\u00f1o. Para cualquier solicitud de cancelaci\u00f3n realizada por el Usuario, las sumas pagadas por el Usuario ser\u00e1n reembolsadas dentro de un per\u00edodo de tiempo razonable.  <\/p>\n\n<p>Despu\u00e9s del per\u00edodo de 24 horas antes de la visita programada, cualquier solicitud de cancelaci\u00f3n o modificaci\u00f3n no podr\u00e1 ser tenida en cuenta.<\/p>\n\n<p>2.3 Pago y comprobante de compra<\/p>\n\n<p>Los precios mencionados en este sitio est\u00e1n expresados en euros y, a menos que se indique lo contrario, incluyen el IVA.<\/p>\n\n<p>El pago debe realizarse en el momento de la reserva o del pedido, mediante tarjeta de cr\u00e9dito utilizando el sistema de pago seguro establecido en el Sitio.<\/p>\n\n<p>A continuaci\u00f3n, corresponde al Usuario imprimir en su impresora el cup\u00f3n que debe presentar al proveedor de servicios para beneficiarse de los servicios adquiridos: se le enviar\u00e1 por correo electr\u00f3nico tan pronto como se confirmen sus reservas.<\/p>\n\n<p>Por lo tanto, el Usuario est\u00e1 obligado a comprobar previamente que puede imprimir el vale o la comprobante: en ning\u00fan caso se puede utilizar el recibo bancario por s\u00ed solo como comprobante de compra.<\/p>\n\n<p>Art\u00edculo 3. Protecci\u00f3n de datos personales <\/p>\n\n<p>El Sitio ha sido declarado regularmente a la CNIL: Tramitaci\u00f3n NS-048 Gesti\u00f3n de expedientes de clientes y prospectos. Recibo CNIL n\u00b0 1398235. <\/p>\n\n<p>La informaci\u00f3n proporcionada por el Usuario en el Sitio permite que sus pedidos sean procesados y ejecutados.<\/p>\n\n<p>De conformidad con el art\u00edculo 32 de la Ley de Protecci\u00f3n de Datos del 6 de enero de 1978 modificada por la Ley 2004-801 del 6 de agosto de 2004, la informaci\u00f3n esencial para el procesamiento y la ejecuci\u00f3n de los pedidos se indica con un asterisco en las p\u00e1ginas del Sitio.<\/p>\n\n<p>Otras solicitudes de informaci\u00f3n que requieren una respuesta opcional, o informaci\u00f3n relacionada con el inter\u00e9s del Usuario en las ofertas que se le puedan dirigir, tienen como objetivo conocerlo mejor y mejorar los servicios que se le ofrecen.<\/p>\n\n<p>Art\u00edculo 4. Responsabilidades <\/p>\n\n<p>Los precios, establecidos seg\u00fan las condiciones econ\u00f3micas vigentes, as\u00ed como los horarios, programas y duraciones de los servicios est\u00e1n sujetos a cambios: los precios incluyen todos los servicios indicados en la descripci\u00f3n de cada servicio.<\/p>\n\n<p>No se puede garantizar el embarque si no llega 10 minutos antes de la salida.<\/p>\n\n<p>Fotos e ilustraciones<\/p>\n\n<p>Se hacen los mejores esfuerzos para proporcionar fotos e ilustraciones que brinden al Usuario una visi\u00f3n general de los Servicios ofrecidos.<\/p>\n\n<p>Art\u00edculo 5. Legislaci\u00f3n aplicable <\/p>\n\n<p>Los T\u00e9rminos y Condiciones Generales est\u00e1n sujetos a la legislaci\u00f3n francesa. Cualquier litigio relativo a su interpretaci\u00f3n y\/o ejecuci\u00f3n ser\u00e1 sometido a arbitraje por el Tribunal de Lyon. <\/p>\n\n<p>Art\u00edculo 6. Propiedad intelectual <\/p>\n\n<p>Lyon le Grand Tour \/ Lyon City Tour es el propietario de todos los derechos de propiedad intelectual de todos los elementos que aparecen en el sitio. Por lo tanto, est\u00e1 prohibido reproducir, modificar, transferir o explotar la totalidad o parte del sitio sin la autorizaci\u00f3n expresa por escrito de Lyon le Grand Tour: sin embargo, se tolera la reproducci\u00f3n parcial con fines estrictamente privados. Est\u00e1 prohibida la reventa de productos o el uso del sitio con fines comerciales sin la autorizaci\u00f3n expresa y por escrito de Lyon City Tour.  <\/p>\n\t\t\t\t\t\t\t\t<\/div>\n\t\t\t\t<\/div>\n\t\t\t\t\t<\/div>\n\t\t\t\t<\/div>\n\t\t\t\t<\/div>\n\t\t","protected":false},"excerpt":{"rendered":"<p>Editor del sitio web: Recorrido por la ciudad de Lyon1 rue de la Martini\u00e8re, 69001 LyonTel.: 04.78.56.32.39 S.A.R.L. con un capital de 250.000 euros \u2013 R.C.S. Lyon 482 488 079Declaraci\u00f3n CNIL: Tramitaci\u00f3n NS-048 Gesti\u00f3n de expedientes de clientes y prospectos.Recibo CNIL n\u00b0 1398235 Director de la publicaci\u00f3n: Olivier Michel Dise\u00f1o y producci\u00f3n de sitios web: T\u00da-P Alojamiento: OVH2 rue Kellermann,&hellip;<\/p>\n","protected":false},"author":1,"featured_media":0,"parent":0,"menu_order":0,"comment_status":"closed","ping_status":"closed","template":"","meta":{"footnotes":""},"class_list":["post-23469","page","type-page","status-publish","hentry"],"yoast_head":"<!-- This site is optimized with the Yoast SEO plugin v27.4 - https:\/\/yoast.com\/product\/yoast-seo-wordpress\/ -->\n<title>Legal - Lyon City Tour<\/title>\n<meta name=\"description\" content=\"Menciones especiales relativas a Lyon City Tour. Informaci\u00f3n de la empresa.\" \/>\n<meta name=\"robots\" content=\"index, follow, max-snippet:-1, max-image-preview:large, max-video-preview:-1\" \/>\n<link rel=\"canonical\" href=\"https:\/\/www.lyoncitytour.fr\/es\/mentions-legales\/\" \/>\n<meta property=\"og:locale\" content=\"es_ES\" \/>\n<meta property=\"og:type\" content=\"article\" \/>\n<meta property=\"og:title\" content=\"Legal - Lyon City Tour\" \/>\n<meta property=\"og:description\" content=\"Menciones especiales relativas a Lyon City Tour. Informaci\u00f3n de la empresa.\" \/>\n<meta property=\"og:url\" content=\"https:\/\/www.lyoncitytour.fr\/es\/mentions-legales\/\" \/>\n<meta property=\"og:site_name\" content=\"Lyon City Tour\" \/>\n<meta property=\"article:modified_time\" content=\"2025-01-29T18:33:51+00:00\" \/>\n<meta name=\"twitter:card\" content=\"summary_large_image\" \/>\n<meta name=\"twitter:label1\" content=\"Tiempo de lectura\" \/>\n\t<meta name=\"twitter:data1\" content=\"8 minutos\" \/>\n<script type=\"application\/ld+json\" class=\"yoast-schema-graph\">{\"@context\":\"https:\\\/\\\/schema.org\",\"@graph\":[{\"@type\":\"WebPage\",\"@id\":\"https:\\\/\\\/www.lyoncitytour.fr\\\/es\\\/mentions-legales\\\/\",\"url\":\"https:\\\/\\\/www.lyoncitytour.fr\\\/es\\\/mentions-legales\\\/\",\"name\":\"Legal - Lyon City Tour\",\"isPartOf\":{\"@id\":\"https:\\\/\\\/www.lyoncitytour.fr\\\/es\\\/#website\"},\"datePublished\":\"2019-03-06T15:49:06+00:00\",\"dateModified\":\"2025-01-29T18:33:51+00:00\",\"description\":\"Menciones especiales relativas a Lyon City Tour. Informaci\u00f3n de la empresa.\",\"breadcrumb\":{\"@id\":\"https:\\\/\\\/www.lyoncitytour.fr\\\/es\\\/mentions-legales\\\/#breadcrumb\"},\"inLanguage\":\"es\",\"potentialAction\":[{\"@type\":\"ReadAction\",\"target\":[\"https:\\\/\\\/www.lyoncitytour.fr\\\/es\\\/mentions-legales\\\/\"]}]},{\"@type\":\"BreadcrumbList\",\"@id\":\"https:\\\/\\\/www.lyoncitytour.fr\\\/es\\\/mentions-legales\\\/#breadcrumb\",\"itemListElement\":[{\"@type\":\"ListItem\",\"position\":1,\"name\":\"Accueil\",\"item\":\"https:\\\/\\\/www.lyoncitytour.fr\\\/es\\\/accueil\\\/\"},{\"@type\":\"ListItem\",\"position\":2,\"name\":\"Legal\"}]},{\"@type\":\"WebSite\",\"@id\":\"https:\\\/\\\/www.lyoncitytour.fr\\\/es\\\/#website\",\"url\":\"https:\\\/\\\/www.lyoncitytour.fr\\\/es\\\/\",\"name\":\"Lyon City Tour\",\"description\":\"\",\"publisher\":{\"@id\":\"https:\\\/\\\/www.lyoncitytour.fr\\\/es\\\/#organization\"},\"potentialAction\":[{\"@type\":\"SearchAction\",\"target\":{\"@type\":\"EntryPoint\",\"urlTemplate\":\"https:\\\/\\\/www.lyoncitytour.fr\\\/es\\\/?s={search_term_string}\"},\"query-input\":{\"@type\":\"PropertyValueSpecification\",\"valueRequired\":true,\"valueName\":\"search_term_string\"}}],\"inLanguage\":\"es\"},{\"@type\":\"Organization\",\"@id\":\"https:\\\/\\\/www.lyoncitytour.fr\\\/es\\\/#organization\",\"name\":\"Lyon City Tour\",\"url\":\"https:\\\/\\\/www.lyoncitytour.fr\\\/es\\\/\",\"logo\":{\"@type\":\"ImageObject\",\"inLanguage\":\"es\",\"@id\":\"https:\\\/\\\/www.lyoncitytour.fr\\\/es\\\/#\\\/schema\\\/logo\\\/image\\\/\",\"url\":\"https:\\\/\\\/www.lyoncitytour.fr\\\/wp-content\\\/uploads\\\/2019\\\/03\\\/logo.png\",\"contentUrl\":\"https:\\\/\\\/www.lyoncitytour.fr\\\/wp-content\\\/uploads\\\/2019\\\/03\\\/logo.png\",\"width\":572,\"height\":287,\"caption\":\"Lyon City Tour\"},\"image\":{\"@id\":\"https:\\\/\\\/www.lyoncitytour.fr\\\/es\\\/#\\\/schema\\\/logo\\\/image\\\/\"}}]}<\/script>\n<!-- \/ Yoast SEO plugin. -->","yoast_head_json":{"title":"Legal - Lyon City Tour","description":"Menciones especiales relativas a Lyon City Tour. Informaci\u00f3n de la empresa.","robots":{"index":"index","follow":"follow","max-snippet":"max-snippet:-1","max-image-preview":"max-image-preview:large","max-video-preview":"max-video-preview:-1"},"canonical":"https:\/\/www.lyoncitytour.fr\/es\/mentions-legales\/","og_locale":"es_ES","og_type":"article","og_title":"Legal - Lyon City Tour","og_description":"Menciones especiales relativas a Lyon City Tour. Informaci\u00f3n de la empresa.","og_url":"https:\/\/www.lyoncitytour.fr\/es\/mentions-legales\/","og_site_name":"Lyon City Tour","article_modified_time":"2025-01-29T18:33:51+00:00","twitter_card":"summary_large_image","twitter_misc":{"Tiempo de lectura":"8 minutos"},"schema":{"@context":"https:\/\/schema.org","@graph":[{"@type":"WebPage","@id":"https:\/\/www.lyoncitytour.fr\/es\/mentions-legales\/","url":"https:\/\/www.lyoncitytour.fr\/es\/mentions-legales\/","name":"Legal - Lyon City Tour","isPartOf":{"@id":"https:\/\/www.lyoncitytour.fr\/es\/#website"},"datePublished":"2019-03-06T15:49:06+00:00","dateModified":"2025-01-29T18:33:51+00:00","description":"Menciones especiales relativas a Lyon City Tour. Informaci\u00f3n de la empresa.","breadcrumb":{"@id":"https:\/\/www.lyoncitytour.fr\/es\/mentions-legales\/#breadcrumb"},"inLanguage":"es","potentialAction":[{"@type":"ReadAction","target":["https:\/\/www.lyoncitytour.fr\/es\/mentions-legales\/"]}]},{"@type":"BreadcrumbList","@id":"https:\/\/www.lyoncitytour.fr\/es\/mentions-legales\/#breadcrumb","itemListElement":[{"@type":"ListItem","position":1,"name":"Accueil","item":"https:\/\/www.lyoncitytour.fr\/es\/accueil\/"},{"@type":"ListItem","position":2,"name":"Legal"}]},{"@type":"WebSite","@id":"https:\/\/www.lyoncitytour.fr\/es\/#website","url":"https:\/\/www.lyoncitytour.fr\/es\/","name":"Lyon City Tour","description":"","publisher":{"@id":"https:\/\/www.lyoncitytour.fr\/es\/#organization"},"potentialAction":[{"@type":"SearchAction","target":{"@type":"EntryPoint","urlTemplate":"https:\/\/www.lyoncitytour.fr\/es\/?s={search_term_string}"},"query-input":{"@type":"PropertyValueSpecification","valueRequired":true,"valueName":"search_term_string"}}],"inLanguage":"es"},{"@type":"Organization","@id":"https:\/\/www.lyoncitytour.fr\/es\/#organization","name":"Lyon City Tour","url":"https:\/\/www.lyoncitytour.fr\/es\/","logo":{"@type":"ImageObject","inLanguage":"es","@id":"https:\/\/www.lyoncitytour.fr\/es\/#\/schema\/logo\/image\/","url":"https:\/\/www.lyoncitytour.fr\/wp-content\/uploads\/2019\/03\/logo.png","contentUrl":"https:\/\/www.lyoncitytour.fr\/wp-content\/uploads\/2019\/03\/logo.png","width":572,"height":287,"caption":"Lyon City Tour"},"image":{"@id":"https:\/\/www.lyoncitytour.fr\/es\/#\/schema\/logo\/image\/"}}]}},"_links":{"self":[{"href":"https:\/\/www.lyoncitytour.fr\/es\/wp-json\/wp\/v2\/pages\/23469","targetHints":{"allow":["GET"]}}],"collection":[{"href":"https:\/\/www.lyoncitytour.fr\/es\/wp-json\/wp\/v2\/pages"}],"about":[{"href":"https:\/\/www.lyoncitytour.fr\/es\/wp-json\/wp\/v2\/types\/page"}],"author":[{"embeddable":true,"href":"https:\/\/www.lyoncitytour.fr\/es\/wp-json\/wp\/v2\/users\/1"}],"replies":[{"embeddable":true,"href":"https:\/\/www.lyoncitytour.fr\/es\/wp-json\/wp\/v2\/comments?post=23469"}],"version-history":[{"count":0,"href":"https:\/\/www.lyoncitytour.fr\/es\/wp-json\/wp\/v2\/pages\/23469\/revisions"}],"wp:attachment":[{"href":"https:\/\/www.lyoncitytour.fr\/es\/wp-json\/wp\/v2\/media?parent=23469"}],"curies":[{"name":"wp","href":"https:\/\/api.w.org\/{rel}","templated":true}]}}