{"id":25982,"date":"2025-06-27T09:39:00","date_gmt":"2025-06-27T07:39:00","guid":{"rendered":"https:\/\/www.lyoncitytour.fr\/rewind-audioguide-sur-smartphone\/"},"modified":"2025-06-27T10:00:09","modified_gmt":"2025-06-27T08:00:09","slug":"rewind-audioguide-sur-smartphone","status":"publish","type":"page","link":"https:\/\/www.lyoncitytour.fr\/es\/rewind-audioguide-sur-smartphone\/","title":{"rendered":"Audiogu\u00eda REWIND en el smartphone"},"content":{"rendered":"\t\t<div data-elementor-type=\"wp-page\" data-elementor-id=\"25982\" class=\"elementor elementor-25982 elementor-25505\" data-elementor-settings=\"{&quot;ha_cmc_init_switcher&quot;:&quot;no&quot;}\" data-elementor-post-type=\"page\">\n\t\t\t\t<div class=\"elementor-element elementor-element-4396978 e-flex e-con-boxed e-con e-parent\" data-id=\"4396978\" data-element_type=\"container\" data-e-type=\"container\" data-settings=\"{&quot;_ha_eqh_enable&quot;:false}\">\n\t\t\t\t\t<div class=\"e-con-inner\">\n\t\t\t\t<div class=\"elementor-element elementor-element-3a4420b ha-has-bg-overlay elementor-widget elementor-widget-heading\" data-id=\"3a4420b\" data-element_type=\"widget\" data-e-type=\"widget\" data-widget_type=\"heading.default\">\n\t\t\t\t<div class=\"elementor-widget-container\">\n\t\t\t\t\t<h2 class=\"elementor-heading-title elementor-size-default\">La visita audioguiada en un smartphone con REWIND  <\/h2>\t\t\t\t<\/div>\n\t\t\t\t<\/div>\n\t\t\t\t\t<\/div>\n\t\t\t\t<\/div>\n\t\t<div class=\"elementor-element elementor-element-0ac0f82 e-flex e-con-boxed e-con e-parent\" data-id=\"0ac0f82\" data-element_type=\"container\" data-e-type=\"container\" data-settings=\"{&quot;_ha_eqh_enable&quot;:false}\">\n\t\t\t\t\t<div class=\"e-con-inner\">\n\t\t\t\t<div class=\"elementor-element elementor-element-e9c8e18 elementor-arrows-position-inside elementor-pagination-position-outside ha-has-bg-overlay elementor-widget elementor-widget-image-carousel\" data-id=\"e9c8e18\" data-element_type=\"widget\" data-e-type=\"widget\" data-settings=\"{&quot;navigation&quot;:&quot;both&quot;,&quot;autoplay&quot;:&quot;yes&quot;,&quot;pause_on_hover&quot;:&quot;yes&quot;,&quot;pause_on_interaction&quot;:&quot;yes&quot;,&quot;autoplay_speed&quot;:5000,&quot;infinite&quot;:&quot;yes&quot;,&quot;speed&quot;:500}\" data-widget_type=\"image-carousel.default\">\n\t\t\t\t<div class=\"elementor-widget-container\">\n\t\t\t\t\t\t\t<div class=\"elementor-image-carousel-wrapper swiper\" role=\"region\" aria-roledescription=\"carousel\" aria-label=\"Carrousel d\u2019images\" dir=\"ltr\">\n\t\t\t<div class=\"elementor-image-carousel swiper-wrapper\" aria-live=\"off\">\n\t\t\t\t\t\t\t\t<div class=\"swiper-slide\" role=\"group\" aria-roledescription=\"slide\" aria-label=\"1 de 3\"><figure class=\"swiper-slide-inner\"><img decoding=\"async\" class=\"swiper-slide-image\" src=\"https:\/\/www.lyoncitytour.fr\/wp-content\/uploads\/Publications_Lyon_City_Tour_-240x300.jpg\" alt=\"Publications_Lyon_City_Tour_\" \/><\/figure><\/div><div class=\"swiper-slide\" role=\"group\" aria-roledescription=\"slide\" aria-label=\"2 de 3\"><figure class=\"swiper-slide-inner\"><img decoding=\"async\" class=\"swiper-slide-image\" src=\"https:\/\/www.lyoncitytour.fr\/wp-content\/uploads\/REWIND-GYG-245x300.png\" alt=\"REWIND GYG\" \/><\/figure><\/div><div class=\"swiper-slide\" role=\"group\" aria-roledescription=\"slide\" aria-label=\"3 de 3\"><figure class=\"swiper-slide-inner\"><img decoding=\"async\" class=\"swiper-slide-image\" src=\"https:\/\/www.lyoncitytour.fr\/wp-content\/uploads\/LCT-QR-NOUVEAU-Code.png\" alt=\"LCT - QR NOUVEAU Code\" \/><\/figure><\/div>\t\t\t<\/div>\n\t\t\t\t\t\t\t\t\t\t\t\t<div class=\"elementor-swiper-button elementor-swiper-button-prev\" role=\"button\" tabindex=\"0\">\n\t\t\t\t\t\t<svg aria-hidden=\"true\" class=\"e-font-icon-svg e-eicon-chevron-left\" viewBox=\"0 0 1000 1000\" xmlns=\"http:\/\/www.w3.org\/2000\/svg\"><path d=\"M646 125C629 125 613 133 604 142L308 442C296 454 292 471 292 487 292 504 296 521 308 533L604 854C617 867 629 875 646 875 663 875 679 871 692 858 704 846 713 829 713 812 713 796 708 779 692 767L438 487 692 225C700 217 708 204 708 187 708 171 704 154 692 142 675 129 663 125 646 125Z\"><\/path><\/svg>\t\t\t\t\t<\/div>\n\t\t\t\t\t<div class=\"elementor-swiper-button elementor-swiper-button-next\" role=\"button\" tabindex=\"0\">\n\t\t\t\t\t\t<svg aria-hidden=\"true\" class=\"e-font-icon-svg e-eicon-chevron-right\" viewBox=\"0 0 1000 1000\" xmlns=\"http:\/\/www.w3.org\/2000\/svg\"><path d=\"M696 533C708 521 713 504 713 487 713 471 708 454 696 446L400 146C388 133 375 125 354 125 338 125 325 129 313 142 300 154 292 171 292 187 292 204 296 221 308 233L563 492 304 771C292 783 288 800 288 817 288 833 296 850 308 863 321 871 338 875 354 875 371 875 388 867 400 854L696 533Z\"><\/path><\/svg>\t\t\t\t\t<\/div>\n\t\t\t\t\n\t\t\t\t\t\t\t\t\t<div class=\"swiper-pagination\"><\/div>\n\t\t\t\t\t\t\t\t\t<\/div>\n\t\t\t\t\t\t<\/div>\n\t\t\t\t<\/div>\n\t\t\t\t\t<\/div>\n\t\t\t\t<\/div>\n\t\t<div class=\"elementor-element elementor-element-5c62103 e-flex e-con-boxed e-con e-parent\" data-id=\"5c62103\" data-element_type=\"container\" data-e-type=\"container\" data-settings=\"{&quot;_ha_eqh_enable&quot;:false}\">\n\t\t\t\t\t<div class=\"e-con-inner\">\n\t\t\t\t<div class=\"elementor-element elementor-element-d0b6941 elementor-widget elementor-widget-heading\" data-id=\"d0b6941\" data-element_type=\"widget\" data-e-type=\"widget\" data-widget_type=\"heading.default\">\n\t\t\t\t<div class=\"elementor-widget-container\">\n\t\t\t\t\t<h2 class=\"elementor-heading-title elementor-size-default\">\u00bfQu\u00e9 es REWIND y por qu\u00e9?  <\/h2>\t\t\t\t<\/div>\n\t\t\t\t<\/div>\n\t\t\t\t\t<\/div>\n\t\t\t\t<\/div>\n\t\t<div class=\"elementor-element elementor-element-503d4ec e-flex e-con-boxed e-con e-parent\" data-id=\"503d4ec\" data-element_type=\"container\" data-e-type=\"container\" data-settings=\"{&quot;_ha_eqh_enable&quot;:false}\">\n\t\t\t\t\t<div class=\"e-con-inner\">\n\t\t\t\t<div class=\"elementor-element elementor-element-056600f elementor-widget elementor-widget-text-editor\" data-id=\"056600f\" data-element_type=\"widget\" data-e-type=\"widget\" data-widget_type=\"text-editor.default\">\n\t\t\t\t<div class=\"elementor-widget-container\">\n\t\t\t\t\t\t\t\t\t<p>\u00a1Rewind es la aplicaci\u00f3n que te ofrece <span style=\"color: #ff0000;\"><strong>una visita audioguiada desde tu smartphone!<\/strong><\/span><\/p><p>\u00a1Todo lo que tienes que hacer es escanear el c\u00f3digo QR, luego seleccionar el idioma de tu elecci\u00f3n y seguir la dulce voz de nuestra gu\u00eda! Las historias y la gu\u00eda se activan autom\u00e1ticamente de acuerdo con la posici\u00f3n GPS del autob\u00fas, desde su tel\u00e9fono. <\/p><p>Para una visita m\u00e1s ecol\u00f3gica y personalizada, descarga la aplicaci\u00f3n del tour comentado en tu smartphone y <strong>trae tus propios auriculares el d\u00eda de la visita:<\/strong> \u00a1m\u00e1s c\u00f3modos, duraderos y sin desperdicio! <strong>Juntos, reduzcamos el uso de auriculares desechables.<\/strong><\/p>\t\t\t\t\t\t\t\t<\/div>\n\t\t\t\t<\/div>\n\t\t\t\t\t<\/div>\n\t\t\t\t<\/div>\n\t\t<div class=\"elementor-element elementor-element-f8f404c e-flex e-con-boxed e-con e-parent\" data-id=\"f8f404c\" data-element_type=\"container\" data-e-type=\"container\" data-settings=\"{&quot;_ha_eqh_enable&quot;:false}\">\n\t\t\t\t\t<div class=\"e-con-inner\">\n\t\t\t\t<div class=\"elementor-element elementor-element-830cabe elementor-widget elementor-widget-text-editor\" data-id=\"830cabe\" data-element_type=\"widget\" data-e-type=\"widget\" data-widget_type=\"text-editor.default\">\n\t\t\t\t<div class=\"elementor-widget-container\">\n\t\t\t\t\t\t\t\t\t<p>Durante las visitas culturales (museos, sitios tur\u00edsticos, etc.), a menudo se distribuyen auriculares desechables con las audiogu\u00edas. Si bien son convenientes, estos auriculares generalmente est\u00e1n hechos de pl\u00e1stico y est\u00e1n destinados a un solo uso, lo que genera desechos innecesarios y contribuye a la contaminaci\u00f3n pl\u00e1stica. <\/p>\t\t\t\t\t\t\t\t<\/div>\n\t\t\t\t<\/div>\n\t\t\t\t\t<\/div>\n\t\t\t\t<\/div>\n\t\t<div class=\"elementor-element elementor-element-24ec97f e-flex e-con-boxed e-con e-parent\" data-id=\"24ec97f\" data-element_type=\"container\" data-e-type=\"container\" data-settings=\"{&quot;_ha_eqh_enable&quot;:false}\">\n\t\t\t\t\t<div class=\"e-con-inner\">\n\t\t\t\t<div class=\"elementor-element elementor-element-c6e6d65 elementor-widget elementor-widget-text-editor\" data-id=\"c6e6d65\" data-element_type=\"widget\" data-e-type=\"widget\" data-widget_type=\"text-editor.default\">\n\t\t\t\t<div class=\"elementor-widget-container\">\n\t\t\t\t\t\t\t\t\t<p style=\"text-align: center;\"><span style=\"color: #ff0000;\"><strong>La alternativa responsable: una aplicaci\u00f3n de visita guiada en un tel\u00e9fono inteligente<\/strong><\/span><\/p>\t\t\t\t\t\t\t\t<\/div>\n\t\t\t\t<\/div>\n\t\t\t\t\t<\/div>\n\t\t\t\t<\/div>\n\t\t<div class=\"elementor-element elementor-element-6106cdd e-flex e-con-boxed e-con e-parent\" data-id=\"6106cdd\" data-element_type=\"container\" data-e-type=\"container\" data-settings=\"{&quot;_ha_eqh_enable&quot;:false}\">\n\t\t\t\t\t<div class=\"e-con-inner\">\n\t\t\t\t<div class=\"elementor-element elementor-element-eb26a81 elementor-widget elementor-widget-text-editor\" data-id=\"eb26a81\" data-element_type=\"widget\" data-e-type=\"widget\" data-widget_type=\"text-editor.default\">\n\t\t\t\t<div class=\"elementor-widget-container\">\n\t\t\t\t\t\t\t\t\t<p>Fomentamos el uso de una aplicaci\u00f3n m\u00f3vil que convierta <strong>su propio tel\u00e9fono inteligente en una audiogu\u00eda personal<\/strong> . Esto tiene varias ventajas: <\/p><p><strong>\u2705 Ecol\u00f3gico<\/strong><\/p><ul><li><strong>\u00a1Se acabaron los auriculares desechables!<\/strong>  Usas tus propios auriculares reutilizables o escuchas directamente a trav\u00e9s de tu altavoz.<\/li><li>Reducci\u00f3n de residuos pl\u00e1sticos de un solo uso.<\/li><\/ul><p><strong>\u2705 Higi\u00e9nico<\/strong><\/p><ul><li>Utilizas tu equipo personal.<\/li><\/ul><p><strong>\u2705 Practicar<\/strong><\/p><ul><li>A menudo, la aplicaci\u00f3n se puede descargar con anticipaci\u00f3n (es posible sin conexi\u00f3n).<\/li><li>Tienes f\u00e1cil acceso a comentarios de audio, texto, im\u00e1genes, v\u00eddeos&#8230; a tu propio ritmo.<\/li><\/ul>\t\t\t\t\t\t\t\t<\/div>\n\t\t\t\t<\/div>\n\t\t\t\t\t<\/div>\n\t\t\t\t<\/div>\n\t\t<div class=\"elementor-element elementor-element-984e1f9 e-flex e-con-boxed e-con e-parent\" data-id=\"984e1f9\" data-element_type=\"container\" data-e-type=\"container\" data-settings=\"{&quot;_ha_eqh_enable&quot;:false}\">\n\t\t\t\t\t<div class=\"e-con-inner\">\n\t\t\t\t<div class=\"elementor-element elementor-element-7157ccd elementor-view-default elementor-widget elementor-widget-icon\" data-id=\"7157ccd\" data-element_type=\"widget\" data-e-type=\"widget\" data-widget_type=\"icon.default\">\n\t\t\t\t<div class=\"elementor-widget-container\">\n\t\t\t\t\t\t\t<div class=\"elementor-icon-wrapper\">\n\t\t\t<div class=\"elementor-icon\">\n\t\t\t<i aria-hidden=\"true\" class=\"huge huge-eco-energy\"><\/i>\t\t\t<\/div>\n\t\t<\/div>\n\t\t\t\t\t\t<\/div>\n\t\t\t\t<\/div>\n\t\t\t\t\t<\/div>\n\t\t\t\t<\/div>\n\t\t<div class=\"elementor-element elementor-element-9952f35 e-flex e-con-boxed e-con e-parent\" data-id=\"9952f35\" data-element_type=\"container\" data-e-type=\"container\" data-settings=\"{&quot;_ha_eqh_enable&quot;:false}\">\n\t\t\t\t\t<div class=\"e-con-inner\">\n\t\t\t\t<div class=\"elementor-element elementor-element-db45a39 elementor-widget elementor-widget-heading\" data-id=\"db45a39\" data-element_type=\"widget\" data-e-type=\"widget\" data-widget_type=\"heading.default\">\n\t\t\t\t<div class=\"elementor-widget-container\">\n\t\t\t\t\t<h2 class=\"elementor-heading-title elementor-size-default\">Consejos previos a la visita  <\/h2>\t\t\t\t<\/div>\n\t\t\t\t<\/div>\n\t\t\t\t\t<\/div>\n\t\t\t\t<\/div>\n\t\t<div class=\"elementor-element elementor-element-9b3a624 e-flex e-con-boxed e-con e-parent\" data-id=\"9b3a624\" data-element_type=\"container\" data-e-type=\"container\" data-settings=\"{&quot;_ha_eqh_enable&quot;:false}\">\n\t\t\t\t\t<div class=\"e-con-inner\">\n\t\t\t\t<div class=\"elementor-element elementor-element-1443357 elementor-widget elementor-widget-text-editor\" data-id=\"1443357\" data-element_type=\"widget\" data-e-type=\"widget\" data-widget_type=\"text-editor.default\">\n\t\t\t\t<div class=\"elementor-widget-container\">\n\t\t\t\t\t\t\t\t\t<p style=\"text-align: center;\">\u2022 Recuerda cargar bien tu bater\u00eda y reducir el brillo de tu pantalla durante la visita, para optimizar la autonom\u00eda.<br><br>\u2022 Precarga el tour en tu tel\u00e9fono si no tienes 5G. Para hacer esto, simplemente haga clic en \u00abDescargar ahora\u00bb cuando haga clic en \u00abIniciar\u00bb el recorrido. <\/p>\t\t\t\t\t\t\t\t<\/div>\n\t\t\t\t<\/div>\n\t\t\t\t\t<\/div>\n\t\t\t\t<\/div>\n\t\t\t\t<\/div>\n\t\t","protected":false},"excerpt":{"rendered":"<p>La visita audioguiada en un smartphone con REWIND \u00bfQu\u00e9 es REWIND y por qu\u00e9? \u00a1Rewind es la aplicaci\u00f3n que te ofrece una visita audioguiada desde tu smartphone! \u00a1Todo lo que tienes que hacer es escanear el c\u00f3digo QR, luego seleccionar el idioma de tu elecci\u00f3n y seguir la dulce voz de nuestra gu\u00eda! Las historias y la gu\u00eda se activan&hellip;<\/p>\n","protected":false},"author":5,"featured_media":0,"parent":0,"menu_order":0,"comment_status":"closed","ping_status":"closed","template":"","meta":{"footnotes":""},"class_list":["post-25982","page","type-page","status-publish","hentry"],"yoast_head":"<!-- This site is optimized with the Yoast SEO plugin v27.3 - https:\/\/yoast.com\/product\/yoast-seo-wordpress\/ -->\n<title>Audiogu\u00eda REWIND en el smartphone - Lyon City Tour<\/title>\n<meta name=\"robots\" content=\"index, follow, max-snippet:-1, max-image-preview:large, max-video-preview:-1\" \/>\n<link rel=\"canonical\" href=\"https:\/\/www.lyoncitytour.fr\/es\/rewind-audioguide-sur-smartphone\/\" \/>\n<meta property=\"og:locale\" content=\"es_ES\" \/>\n<meta property=\"og:type\" content=\"article\" \/>\n<meta property=\"og:title\" content=\"Audiogu\u00eda REWIND en el smartphone - Lyon City Tour\" \/>\n<meta property=\"og:description\" content=\"La visita audioguiada en un smartphone con REWIND \u00bfQu\u00e9 es REWIND y por qu\u00e9? \u00a1Rewind es la aplicaci\u00f3n que te ofrece una visita audioguiada desde tu smartphone! \u00a1Todo lo que tienes que hacer es escanear el c\u00f3digo QR, luego seleccionar el idioma de tu elecci\u00f3n y seguir la dulce voz de nuestra gu\u00eda! Las historias y la gu\u00eda se activan&hellip;\" \/>\n<meta property=\"og:url\" content=\"https:\/\/www.lyoncitytour.fr\/es\/rewind-audioguide-sur-smartphone\/\" \/>\n<meta property=\"og:site_name\" content=\"Lyon City Tour\" \/>\n<meta property=\"article:modified_time\" content=\"2025-06-27T08:00:09+00:00\" \/>\n<meta property=\"og:image\" content=\"https:\/\/www.lyoncitytour.fr\/wp-content\/uploads\/Publications_Lyon_City_Tour_-240x300.jpg\" \/>\n<meta name=\"twitter:card\" content=\"summary_large_image\" \/>\n<meta name=\"twitter:label1\" content=\"Tiempo de lectura\" \/>\n\t<meta name=\"twitter:data1\" content=\"2 minutos\" \/>\n<script type=\"application\/ld+json\" class=\"yoast-schema-graph\">{\"@context\":\"https:\\\/\\\/schema.org\",\"@graph\":[{\"@type\":\"WebPage\",\"@id\":\"https:\\\/\\\/www.lyoncitytour.fr\\\/es\\\/rewind-audioguide-sur-smartphone\\\/\",\"url\":\"https:\\\/\\\/www.lyoncitytour.fr\\\/es\\\/rewind-audioguide-sur-smartphone\\\/\",\"name\":\"Audiogu\u00eda REWIND en el smartphone - Lyon City Tour\",\"isPartOf\":{\"@id\":\"https:\\\/\\\/www.lyoncitytour.fr\\\/es\\\/#website\"},\"primaryImageOfPage\":{\"@id\":\"https:\\\/\\\/www.lyoncitytour.fr\\\/es\\\/rewind-audioguide-sur-smartphone\\\/#primaryimage\"},\"image\":{\"@id\":\"https:\\\/\\\/www.lyoncitytour.fr\\\/es\\\/rewind-audioguide-sur-smartphone\\\/#primaryimage\"},\"thumbnailUrl\":\"https:\\\/\\\/www.lyoncitytour.fr\\\/wp-content\\\/uploads\\\/Publications_Lyon_City_Tour_-240x300.jpg\",\"datePublished\":\"2025-06-27T07:39:00+00:00\",\"dateModified\":\"2025-06-27T08:00:09+00:00\",\"breadcrumb\":{\"@id\":\"https:\\\/\\\/www.lyoncitytour.fr\\\/es\\\/rewind-audioguide-sur-smartphone\\\/#breadcrumb\"},\"inLanguage\":\"es\",\"potentialAction\":[{\"@type\":\"ReadAction\",\"target\":[\"https:\\\/\\\/www.lyoncitytour.fr\\\/es\\\/rewind-audioguide-sur-smartphone\\\/\"]}]},{\"@type\":\"ImageObject\",\"inLanguage\":\"es\",\"@id\":\"https:\\\/\\\/www.lyoncitytour.fr\\\/es\\\/rewind-audioguide-sur-smartphone\\\/#primaryimage\",\"url\":\"https:\\\/\\\/www.lyoncitytour.fr\\\/wp-content\\\/uploads\\\/Publications_Lyon_City_Tour_-240x300.jpg\",\"contentUrl\":\"https:\\\/\\\/www.lyoncitytour.fr\\\/wp-content\\\/uploads\\\/Publications_Lyon_City_Tour_-240x300.jpg\"},{\"@type\":\"BreadcrumbList\",\"@id\":\"https:\\\/\\\/www.lyoncitytour.fr\\\/es\\\/rewind-audioguide-sur-smartphone\\\/#breadcrumb\",\"itemListElement\":[{\"@type\":\"ListItem\",\"position\":1,\"name\":\"Accueil\",\"item\":\"https:\\\/\\\/www.lyoncitytour.fr\\\/es\\\/accueil\\\/\"},{\"@type\":\"ListItem\",\"position\":2,\"name\":\"Audiogu\u00eda REWIND en el smartphone\"}]},{\"@type\":\"WebSite\",\"@id\":\"https:\\\/\\\/www.lyoncitytour.fr\\\/es\\\/#website\",\"url\":\"https:\\\/\\\/www.lyoncitytour.fr\\\/es\\\/\",\"name\":\"Lyon City Tour\",\"description\":\"\",\"publisher\":{\"@id\":\"https:\\\/\\\/www.lyoncitytour.fr\\\/es\\\/#organization\"},\"potentialAction\":[{\"@type\":\"SearchAction\",\"target\":{\"@type\":\"EntryPoint\",\"urlTemplate\":\"https:\\\/\\\/www.lyoncitytour.fr\\\/es\\\/?s={search_term_string}\"},\"query-input\":{\"@type\":\"PropertyValueSpecification\",\"valueRequired\":true,\"valueName\":\"search_term_string\"}}],\"inLanguage\":\"es\"},{\"@type\":\"Organization\",\"@id\":\"https:\\\/\\\/www.lyoncitytour.fr\\\/es\\\/#organization\",\"name\":\"Lyon City Tour\",\"url\":\"https:\\\/\\\/www.lyoncitytour.fr\\\/es\\\/\",\"logo\":{\"@type\":\"ImageObject\",\"inLanguage\":\"es\",\"@id\":\"https:\\\/\\\/www.lyoncitytour.fr\\\/es\\\/#\\\/schema\\\/logo\\\/image\\\/\",\"url\":\"https:\\\/\\\/www.lyoncitytour.fr\\\/wp-content\\\/uploads\\\/2019\\\/03\\\/logo.png\",\"contentUrl\":\"https:\\\/\\\/www.lyoncitytour.fr\\\/wp-content\\\/uploads\\\/2019\\\/03\\\/logo.png\",\"width\":572,\"height\":287,\"caption\":\"Lyon City Tour\"},\"image\":{\"@id\":\"https:\\\/\\\/www.lyoncitytour.fr\\\/es\\\/#\\\/schema\\\/logo\\\/image\\\/\"}}]}<\/script>\n<!-- \/ Yoast SEO plugin. -->","yoast_head_json":{"title":"Audiogu\u00eda REWIND en el smartphone - Lyon City Tour","robots":{"index":"index","follow":"follow","max-snippet":"max-snippet:-1","max-image-preview":"max-image-preview:large","max-video-preview":"max-video-preview:-1"},"canonical":"https:\/\/www.lyoncitytour.fr\/es\/rewind-audioguide-sur-smartphone\/","og_locale":"es_ES","og_type":"article","og_title":"Audiogu\u00eda REWIND en el smartphone - Lyon City Tour","og_description":"La visita audioguiada en un smartphone con REWIND \u00bfQu\u00e9 es REWIND y por qu\u00e9? \u00a1Rewind es la aplicaci\u00f3n que te ofrece una visita audioguiada desde tu smartphone! \u00a1Todo lo que tienes que hacer es escanear el c\u00f3digo QR, luego seleccionar el idioma de tu elecci\u00f3n y seguir la dulce voz de nuestra gu\u00eda! Las historias y la gu\u00eda se activan&hellip;","og_url":"https:\/\/www.lyoncitytour.fr\/es\/rewind-audioguide-sur-smartphone\/","og_site_name":"Lyon City Tour","article_modified_time":"2025-06-27T08:00:09+00:00","og_image":[{"url":"https:\/\/www.lyoncitytour.fr\/wp-content\/uploads\/Publications_Lyon_City_Tour_-240x300.jpg","type":"","width":"","height":""}],"twitter_card":"summary_large_image","twitter_misc":{"Tiempo de lectura":"2 minutos"},"schema":{"@context":"https:\/\/schema.org","@graph":[{"@type":"WebPage","@id":"https:\/\/www.lyoncitytour.fr\/es\/rewind-audioguide-sur-smartphone\/","url":"https:\/\/www.lyoncitytour.fr\/es\/rewind-audioguide-sur-smartphone\/","name":"Audiogu\u00eda REWIND en el smartphone - Lyon City Tour","isPartOf":{"@id":"https:\/\/www.lyoncitytour.fr\/es\/#website"},"primaryImageOfPage":{"@id":"https:\/\/www.lyoncitytour.fr\/es\/rewind-audioguide-sur-smartphone\/#primaryimage"},"image":{"@id":"https:\/\/www.lyoncitytour.fr\/es\/rewind-audioguide-sur-smartphone\/#primaryimage"},"thumbnailUrl":"https:\/\/www.lyoncitytour.fr\/wp-content\/uploads\/Publications_Lyon_City_Tour_-240x300.jpg","datePublished":"2025-06-27T07:39:00+00:00","dateModified":"2025-06-27T08:00:09+00:00","breadcrumb":{"@id":"https:\/\/www.lyoncitytour.fr\/es\/rewind-audioguide-sur-smartphone\/#breadcrumb"},"inLanguage":"es","potentialAction":[{"@type":"ReadAction","target":["https:\/\/www.lyoncitytour.fr\/es\/rewind-audioguide-sur-smartphone\/"]}]},{"@type":"ImageObject","inLanguage":"es","@id":"https:\/\/www.lyoncitytour.fr\/es\/rewind-audioguide-sur-smartphone\/#primaryimage","url":"https:\/\/www.lyoncitytour.fr\/wp-content\/uploads\/Publications_Lyon_City_Tour_-240x300.jpg","contentUrl":"https:\/\/www.lyoncitytour.fr\/wp-content\/uploads\/Publications_Lyon_City_Tour_-240x300.jpg"},{"@type":"BreadcrumbList","@id":"https:\/\/www.lyoncitytour.fr\/es\/rewind-audioguide-sur-smartphone\/#breadcrumb","itemListElement":[{"@type":"ListItem","position":1,"name":"Accueil","item":"https:\/\/www.lyoncitytour.fr\/es\/accueil\/"},{"@type":"ListItem","position":2,"name":"Audiogu\u00eda REWIND en el smartphone"}]},{"@type":"WebSite","@id":"https:\/\/www.lyoncitytour.fr\/es\/#website","url":"https:\/\/www.lyoncitytour.fr\/es\/","name":"Lyon City Tour","description":"","publisher":{"@id":"https:\/\/www.lyoncitytour.fr\/es\/#organization"},"potentialAction":[{"@type":"SearchAction","target":{"@type":"EntryPoint","urlTemplate":"https:\/\/www.lyoncitytour.fr\/es\/?s={search_term_string}"},"query-input":{"@type":"PropertyValueSpecification","valueRequired":true,"valueName":"search_term_string"}}],"inLanguage":"es"},{"@type":"Organization","@id":"https:\/\/www.lyoncitytour.fr\/es\/#organization","name":"Lyon City Tour","url":"https:\/\/www.lyoncitytour.fr\/es\/","logo":{"@type":"ImageObject","inLanguage":"es","@id":"https:\/\/www.lyoncitytour.fr\/es\/#\/schema\/logo\/image\/","url":"https:\/\/www.lyoncitytour.fr\/wp-content\/uploads\/2019\/03\/logo.png","contentUrl":"https:\/\/www.lyoncitytour.fr\/wp-content\/uploads\/2019\/03\/logo.png","width":572,"height":287,"caption":"Lyon City Tour"},"image":{"@id":"https:\/\/www.lyoncitytour.fr\/es\/#\/schema\/logo\/image\/"}}]}},"_links":{"self":[{"href":"https:\/\/www.lyoncitytour.fr\/es\/wp-json\/wp\/v2\/pages\/25982","targetHints":{"allow":["GET"]}}],"collection":[{"href":"https:\/\/www.lyoncitytour.fr\/es\/wp-json\/wp\/v2\/pages"}],"about":[{"href":"https:\/\/www.lyoncitytour.fr\/es\/wp-json\/wp\/v2\/types\/page"}],"author":[{"embeddable":true,"href":"https:\/\/www.lyoncitytour.fr\/es\/wp-json\/wp\/v2\/users\/5"}],"replies":[{"embeddable":true,"href":"https:\/\/www.lyoncitytour.fr\/es\/wp-json\/wp\/v2\/comments?post=25982"}],"version-history":[{"count":0,"href":"https:\/\/www.lyoncitytour.fr\/es\/wp-json\/wp\/v2\/pages\/25982\/revisions"}],"wp:attachment":[{"href":"https:\/\/www.lyoncitytour.fr\/es\/wp-json\/wp\/v2\/media?parent=25982"}],"curies":[{"name":"wp","href":"https:\/\/api.w.org\/{rel}","templated":true}]}}