{"id":22820,"date":"2023-03-08T10:48:31","date_gmt":"2023-03-08T09:48:31","guid":{"rendered":"https:\/\/www.lyoncitytour.fr\/balades-gourmandes-2\/"},"modified":"2025-02-21T10:48:48","modified_gmt":"2025-02-21T09:48:48","slug":"balades-gourmandes-2","status":"publish","type":"page","link":"https:\/\/www.lyoncitytour.fr\/it\/balades-gourmandes-2\/","title":{"rendered":"Visite gastronomiche"},"content":{"rendered":"\t\t<div data-elementor-type=\"wp-page\" data-elementor-id=\"22820\" class=\"elementor elementor-22820 elementor-16287\" data-elementor-settings=\"{&quot;ha_cmc_init_switcher&quot;:&quot;no&quot;}\" data-elementor-post-type=\"page\">\n\t\t\t\t\t\t<section class=\"elementor-section elementor-top-section elementor-element elementor-element-a58b1f2 elementor-section-boxed elementor-section-height-default elementor-section-height-default\" data-id=\"a58b1f2\" data-element_type=\"section\" data-e-type=\"section\" data-settings=\"{&quot;_ha_eqh_enable&quot;:false}\">\n\t\t\t\t\t\t<div class=\"elementor-container elementor-column-gap-default\">\n\t\t\t\t\t<div class=\"elementor-column elementor-col-100 elementor-top-column elementor-element elementor-element-c80e564\" data-id=\"c80e564\" data-element_type=\"column\" data-e-type=\"column\">\n\t\t\t<div class=\"elementor-widget-wrap elementor-element-populated\">\n\t\t\t\t\t\t<div class=\"elementor-element elementor-element-b52f031 elementor-widget elementor-widget-image\" data-id=\"b52f031\" data-element_type=\"widget\" data-e-type=\"widget\" data-widget_type=\"image.default\">\n\t\t\t\t<div class=\"elementor-widget-container\">\n\t\t\t\t\t\t\t\t\t\t\t\t\t\t\t<img fetchpriority=\"high\" decoding=\"async\" width=\"768\" height=\"447\" src=\"https:\/\/www.lyoncitytour.fr\/wp-content\/uploads\/lyon-city-bus-1-768x447.jpeg\" class=\"attachment-medium_large size-medium_large wp-image-21712\" alt=\"\" srcset=\"https:\/\/www.lyoncitytour.fr\/wp-content\/uploads\/lyon-city-bus-1-768x447.jpeg 768w, https:\/\/www.lyoncitytour.fr\/wp-content\/uploads\/lyon-city-bus-1-300x175.jpeg 300w, https:\/\/www.lyoncitytour.fr\/wp-content\/uploads\/lyon-city-bus-1-1024x596.jpeg 1024w, https:\/\/www.lyoncitytour.fr\/wp-content\/uploads\/lyon-city-bus-1-1536x894.jpeg 1536w, https:\/\/www.lyoncitytour.fr\/wp-content\/uploads\/lyon-city-bus-1-370x215.jpeg 370w, https:\/\/www.lyoncitytour.fr\/wp-content\/uploads\/lyon-city-bus-1-307x180.jpeg 307w, https:\/\/www.lyoncitytour.fr\/wp-content\/uploads\/lyon-city-bus-1-760x443.jpeg 760w, https:\/\/www.lyoncitytour.fr\/wp-content\/uploads\/lyon-city-bus-1.jpeg 2016w\" sizes=\"(max-width: 768px) 100vw, 768px\" \/>\t\t\t\t\t\t\t\t\t\t\t\t\t\t\t<\/div>\n\t\t\t\t<\/div>\n\t\t\t\t\t<\/div>\n\t\t<\/div>\n\t\t\t\t\t<\/div>\n\t\t<\/section>\n\t\t\t\t<section class=\"elementor-section elementor-top-section elementor-element elementor-element-54afbe6 elementor-section-boxed elementor-section-height-default elementor-section-height-default\" data-id=\"54afbe6\" data-element_type=\"section\" data-e-type=\"section\" data-settings=\"{&quot;_ha_eqh_enable&quot;:false}\">\n\t\t\t\t\t\t<div class=\"elementor-container elementor-column-gap-default\">\n\t\t\t\t\t<div class=\"elementor-column elementor-col-100 elementor-top-column elementor-element elementor-element-38bbca6\" data-id=\"38bbca6\" data-element_type=\"column\" data-e-type=\"column\">\n\t\t\t<div class=\"elementor-widget-wrap elementor-element-populated\">\n\t\t\t\t\t\t<div class=\"elementor-element elementor-element-0e2fd8b elementor-widget elementor-widget-heading\" data-id=\"0e2fd8b\" data-element_type=\"widget\" data-e-type=\"widget\" data-widget_type=\"heading.default\">\n\t\t\t\t<div class=\"elementor-widget-container\">\n\t\t\t\t\t<h2 class=\"elementor-heading-title elementor-size-default\">C'\u00e8 molto da scoprire a Lione, soprattutto la gastronomia!<\/h2>\t\t\t\t<\/div>\n\t\t\t\t<\/div>\n\t\t\t\t\t<\/div>\n\t\t<\/div>\n\t\t\t\t\t<\/div>\n\t\t<\/section>\n\t\t\t\t<section class=\"elementor-section elementor-top-section elementor-element elementor-element-69e2da1 elementor-section-boxed elementor-section-height-default elementor-section-height-default\" data-id=\"69e2da1\" data-element_type=\"section\" data-e-type=\"section\" data-settings=\"{&quot;_ha_eqh_enable&quot;:false}\">\n\t\t\t\t\t\t<div class=\"elementor-container elementor-column-gap-default\">\n\t\t\t\t\t<div class=\"elementor-column elementor-col-100 elementor-top-column elementor-element elementor-element-003f148\" data-id=\"003f148\" data-element_type=\"column\" data-e-type=\"column\">\n\t\t\t<div class=\"elementor-widget-wrap elementor-element-populated\">\n\t\t\t\t\t\t<div class=\"elementor-element elementor-element-258e6ad elementor-widget elementor-widget-text-editor\" data-id=\"258e6ad\" data-element_type=\"widget\" data-e-type=\"widget\" data-widget_type=\"text-editor.default\">\n\t\t\t\t<div class=\"elementor-widget-container\">\n\t\t\t\t\t\t\t\t\t<p style=\"text-align: center;\"><strong><span style=\"font-size: 14pt;\">Se Lione \u00e8 la capitale della resistenza, del cinema o anche dei Galli, Lione \u00e8 soprattutto la capitale della gastronomia.<br>Qui non si fanno le cose a met\u00e0, soprattutto quando si tratta di mangiare a tavola! <br>Siamo orgogliosi di offrirvi diverse grandi scoperte gustative a Lione, diverse bellissime esperienze culinarie. <br>Scoprite la ricchezza dei <a href=\"https:\/\/lesbouchonslyonnais.org\/\">Bouchons Lyonnais<\/a>, questi indirizzi tipici dove scoprire le migliori specialit\u00e0 locali e le atmosfere pi\u00f9 calde. <br>Scopri la nostra citt\u00e0 con le visite guidate gastronomiche <a href=\"https:\/\/www.pralineetrosette.fr\/\">di Praline &amp; Rosetta<\/a>. Tour gastronomici all&#8217;altezza del patrimonio di Lione! <br><\/span><\/strong><\/p>\t\t\t\t\t\t\t\t<\/div>\n\t\t\t\t<\/div>\n\t\t\t\t\t<\/div>\n\t\t<\/div>\n\t\t\t\t\t<\/div>\n\t\t<\/section>\n\t\t\t\t<section class=\"elementor-section elementor-top-section elementor-element elementor-element-deeb8e7 elementor-section-boxed elementor-section-height-default elementor-section-height-default\" data-id=\"deeb8e7\" data-element_type=\"section\" data-e-type=\"section\" data-settings=\"{&quot;_ha_eqh_enable&quot;:false}\">\n\t\t\t\t\t\t<div class=\"elementor-container elementor-column-gap-default\">\n\t\t\t\t\t<div class=\"elementor-column elementor-col-100 elementor-top-column elementor-element elementor-element-32d5e09\" data-id=\"32d5e09\" data-element_type=\"column\" data-e-type=\"column\">\n\t\t\t<div class=\"elementor-widget-wrap elementor-element-populated\">\n\t\t\t\t\t\t<div class=\"elementor-element elementor-element-9b5e5af elementor-widget elementor-widget-ha-carousel happy-addon ha-carousel\" data-id=\"9b5e5af\" data-element_type=\"widget\" data-e-type=\"widget\" data-settings=\"{&quot;animation_speed&quot;:300,&quot;autoplay&quot;:&quot;yes&quot;,&quot;autoplay_speed&quot;:3000,&quot;loop&quot;:&quot;yes&quot;,&quot;navigation&quot;:&quot;arrow&quot;,&quot;slides_to_show&quot;:4,&quot;slides_to_show_tablet&quot;:3,&quot;slides_to_show_mobile&quot;:2}\" data-widget_type=\"ha-carousel.default\">\n\t\t\t\t<div class=\"elementor-widget-container\">\n\t\t\t\t\t\n\t\t<div data-ha_rcc_uid=\"\" class=\"hajs-slick ha-slick ha-slick--carousel\">\n\n\t\t\t\n\t\t\t\t<div class=\"ha-slick-slide slick-slide\">\n\t\t\t\t\t<a class=\"ha-slick-item\" href=\"https:\/\/www.lyoncitytour.fr\/it\/event-cloned-1289-2\/\">\n\t\t\t\t\t\t\t\t\t\t\t\t\t<img decoding=\"async\" class=\"ha-slick-img\" src=\"https:\/\/www.lyoncitytour.fr\/wp-content\/uploads\/gueuleton-02_2_1200-500x500.jpg\" alt=\"Passeggiata con Praline e Rosette\">\n\t\t\t\t\t\t\n\t\t\t\t\t\t\t\t\t\t\t\t\t<div class=\"ha-slick-content\">\n\t\t\t\t\t\t\t\t<h2 class=\"ha-slick-title\">Passeggiata con Praline e Rosette<\/h2>\t\t\t\t\t\t\t\t\t\t\t\t\t\t\t<\/div>\n\t\t\t\t\t\t\t\t\t\t\t<\/a>\n\t\t\t\t<\/div>\n\n\t\t\t\n\t\t\t\t<div class=\"ha-slick-slide slick-slide\">\n\t\t\t\t\t<a class=\"ha-slick-item\" href=\"https:\/\/www.lyoncitytour.fr\/it\/notre-selection-lyonnaise-gourmande\/\">\n\t\t\t\t\t\t\t\t\t\t\t\t\t<img decoding=\"async\" class=\"ha-slick-img\" src=\"https:\/\/www.lyoncitytour.fr\/wp-content\/uploads\/Salle-Photos-500x500.jpg\" alt=\"La nostra selezione Lyon &amp; gourmet\">\n\t\t\t\t\t\t\n\t\t\t\t\t\t\t\t\t\t\t\t\t<div class=\"ha-slick-content\">\n\t\t\t\t\t\t\t\t<h2 class=\"ha-slick-title\">La nostra selezione Lyon &amp; gourmet<\/h2>\t\t\t\t\t\t\t\t\t\t\t\t\t\t\t<\/div>\n\t\t\t\t\t\t\t\t\t\t\t<\/a>\n\t\t\t\t<\/div>\n\n\t\t\t\n\t\t<\/div>\n\n\t\t\t\t\t<button type=\"button\" class=\"slick-prev\"><svg aria-hidden=\"true\" class=\"e-font-icon-svg e-fas-chevron-left\" viewBox=\"0 0 320 512\" xmlns=\"http:\/\/www.w3.org\/2000\/svg\"><path d=\"M34.52 239.03L228.87 44.69c9.37-9.37 24.57-9.37 33.94 0l22.67 22.67c9.36 9.36 9.37 24.52.04 33.9L131.49 256l154.02 154.75c9.34 9.38 9.32 24.54-.04 33.9l-22.67 22.67c-9.37 9.37-24.57 9.37-33.94 0L34.52 272.97c-9.37-9.37-9.37-24.57 0-33.94z\"><\/path><\/svg><\/button>\n\t\t\n\t\t\t\t\t<button type=\"button\" class=\"slick-next\"><svg aria-hidden=\"true\" class=\"e-font-icon-svg e-fas-chevron-right\" viewBox=\"0 0 320 512\" xmlns=\"http:\/\/www.w3.org\/2000\/svg\"><path d=\"M285.476 272.971L91.132 467.314c-9.373 9.373-24.569 9.373-33.941 0l-22.667-22.667c-9.357-9.357-9.375-24.522-.04-33.901L188.505 256 34.484 101.255c-9.335-9.379-9.317-24.544.04-33.901l22.667-22.667c9.373-9.373 24.569-9.373 33.941 0L285.475 239.03c9.373 9.372 9.373 24.568.001 33.941z\"><\/path><\/svg><\/button>\n\t\t\n\t\t\t\t\t\t<\/div>\n\t\t\t\t<\/div>\n\t\t\t\t\t<\/div>\n\t\t<\/div>\n\t\t\t\t\t<\/div>\n\t\t<\/section>\n\t\t\t\t<\/div>\n\t\t","protected":false},"excerpt":{"rendered":"<p>C&#8217;\u00e8 molto da scoprire a Lione, soprattutto la gastronomia! Se Lione \u00e8 la capitale della resistenza, del cinema o anche dei Galli, Lione \u00e8 soprattutto la capitale della gastronomia.Qui non si fanno le cose a met\u00e0, soprattutto quando si tratta di mangiare a tavola! Siamo orgogliosi di offrirvi diverse grandi scoperte gustative a Lione, diverse bellissime esperienze culinarie. Scoprite la&hellip;<\/p>\n","protected":false},"author":5,"featured_media":21872,"parent":0,"menu_order":0,"comment_status":"closed","ping_status":"closed","template":"","meta":{"footnotes":""},"class_list":["post-22820","page","type-page","status-publish","has-post-thumbnail","hentry"],"yoast_head":"<!-- This site is optimized with the Yoast SEO plugin v27.4 - https:\/\/yoast.com\/product\/yoast-seo-wordpress\/ -->\n<title>Visite gastronomiche - Lyon City Tour<\/title>\n<meta name=\"description\" content=\"Lyon City Tour \u00e8 lieta di offrirti nuove esperienze a Lione. Scopri Lione, il suo patrimonio, i suoi monumenti e, naturalmente, la sua gastronomia!\" \/>\n<meta name=\"robots\" content=\"index, follow, max-snippet:-1, max-image-preview:large, max-video-preview:-1\" \/>\n<link rel=\"canonical\" href=\"https:\/\/www.lyoncitytour.fr\/it\/balades-gourmandes-2\/\" \/>\n<meta property=\"og:locale\" content=\"it_IT\" \/>\n<meta property=\"og:type\" content=\"article\" \/>\n<meta property=\"og:title\" content=\"Visite gastronomiche - Lyon City Tour\" \/>\n<meta property=\"og:description\" content=\"Lyon City Tour \u00e8 lieta di offrirti nuove esperienze a Lione. Scopri Lione, il suo patrimonio, i suoi monumenti e, naturalmente, la sua gastronomia!\" \/>\n<meta property=\"og:url\" content=\"https:\/\/www.lyoncitytour.fr\/it\/balades-gourmandes-2\/\" \/>\n<meta property=\"og:site_name\" content=\"Lyon City Tour\" \/>\n<meta property=\"article:modified_time\" content=\"2025-02-21T09:48:48+00:00\" \/>\n<meta property=\"og:image\" content=\"https:\/\/www.lyoncitytour.fr\/wp-content\/uploads\/5-1024x1024.png\" \/>\n\t<meta property=\"og:image:width\" content=\"1024\" \/>\n\t<meta property=\"og:image:height\" content=\"1024\" \/>\n\t<meta property=\"og:image:type\" content=\"image\/png\" \/>\n<meta name=\"twitter:card\" content=\"summary_large_image\" \/>\n<meta name=\"twitter:label1\" content=\"Tempo di lettura stimato\" \/>\n\t<meta name=\"twitter:data1\" content=\"1 minuto\" \/>\n<script type=\"application\/ld+json\" class=\"yoast-schema-graph\">{\"@context\":\"https:\\\/\\\/schema.org\",\"@graph\":[{\"@type\":\"WebPage\",\"@id\":\"https:\\\/\\\/www.lyoncitytour.fr\\\/it\\\/balades-gourmandes-2\\\/\",\"url\":\"https:\\\/\\\/www.lyoncitytour.fr\\\/it\\\/balades-gourmandes-2\\\/\",\"name\":\"Visite gastronomiche - Lyon City Tour\",\"isPartOf\":{\"@id\":\"https:\\\/\\\/www.lyoncitytour.fr\\\/it\\\/#website\"},\"primaryImageOfPage\":{\"@id\":\"https:\\\/\\\/www.lyoncitytour.fr\\\/it\\\/balades-gourmandes-2\\\/#primaryimage\"},\"image\":{\"@id\":\"https:\\\/\\\/www.lyoncitytour.fr\\\/it\\\/balades-gourmandes-2\\\/#primaryimage\"},\"thumbnailUrl\":\"https:\\\/\\\/www.lyoncitytour.fr\\\/wp-content\\\/uploads\\\/5.png\",\"datePublished\":\"2023-03-08T09:48:31+00:00\",\"dateModified\":\"2025-02-21T09:48:48+00:00\",\"description\":\"Lyon City Tour \u00e8 lieta di offrirti nuove esperienze a Lione. Scopri Lione, il suo patrimonio, i suoi monumenti e, naturalmente, la sua gastronomia!\",\"breadcrumb\":{\"@id\":\"https:\\\/\\\/www.lyoncitytour.fr\\\/it\\\/balades-gourmandes-2\\\/#breadcrumb\"},\"inLanguage\":\"it-IT\",\"potentialAction\":[{\"@type\":\"ReadAction\",\"target\":[\"https:\\\/\\\/www.lyoncitytour.fr\\\/it\\\/balades-gourmandes-2\\\/\"]}]},{\"@type\":\"ImageObject\",\"inLanguage\":\"it-IT\",\"@id\":\"https:\\\/\\\/www.lyoncitytour.fr\\\/it\\\/balades-gourmandes-2\\\/#primaryimage\",\"url\":\"https:\\\/\\\/www.lyoncitytour.fr\\\/wp-content\\\/uploads\\\/5.png\",\"contentUrl\":\"https:\\\/\\\/www.lyoncitytour.fr\\\/wp-content\\\/uploads\\\/5.png\",\"width\":2380,\"height\":2380},{\"@type\":\"BreadcrumbList\",\"@id\":\"https:\\\/\\\/www.lyoncitytour.fr\\\/it\\\/balades-gourmandes-2\\\/#breadcrumb\",\"itemListElement\":[{\"@type\":\"ListItem\",\"position\":1,\"name\":\"Accueil\",\"item\":\"https:\\\/\\\/www.lyoncitytour.fr\\\/it\\\/accueil\\\/\"},{\"@type\":\"ListItem\",\"position\":2,\"name\":\"Visite gastronomiche\"}]},{\"@type\":\"WebSite\",\"@id\":\"https:\\\/\\\/www.lyoncitytour.fr\\\/it\\\/#website\",\"url\":\"https:\\\/\\\/www.lyoncitytour.fr\\\/it\\\/\",\"name\":\"Lyon City Tour\",\"description\":\"\",\"publisher\":{\"@id\":\"https:\\\/\\\/www.lyoncitytour.fr\\\/it\\\/#organization\"},\"potentialAction\":[{\"@type\":\"SearchAction\",\"target\":{\"@type\":\"EntryPoint\",\"urlTemplate\":\"https:\\\/\\\/www.lyoncitytour.fr\\\/it\\\/?s={search_term_string}\"},\"query-input\":{\"@type\":\"PropertyValueSpecification\",\"valueRequired\":true,\"valueName\":\"search_term_string\"}}],\"inLanguage\":\"it-IT\"},{\"@type\":\"Organization\",\"@id\":\"https:\\\/\\\/www.lyoncitytour.fr\\\/it\\\/#organization\",\"name\":\"Lyon City Tour\",\"url\":\"https:\\\/\\\/www.lyoncitytour.fr\\\/it\\\/\",\"logo\":{\"@type\":\"ImageObject\",\"inLanguage\":\"it-IT\",\"@id\":\"https:\\\/\\\/www.lyoncitytour.fr\\\/it\\\/#\\\/schema\\\/logo\\\/image\\\/\",\"url\":\"https:\\\/\\\/www.lyoncitytour.fr\\\/wp-content\\\/uploads\\\/2019\\\/03\\\/logo.png\",\"contentUrl\":\"https:\\\/\\\/www.lyoncitytour.fr\\\/wp-content\\\/uploads\\\/2019\\\/03\\\/logo.png\",\"width\":572,\"height\":287,\"caption\":\"Lyon City Tour\"},\"image\":{\"@id\":\"https:\\\/\\\/www.lyoncitytour.fr\\\/it\\\/#\\\/schema\\\/logo\\\/image\\\/\"}}]}<\/script>\n<!-- \/ Yoast SEO plugin. -->","yoast_head_json":{"title":"Visite gastronomiche - Lyon City Tour","description":"Lyon City Tour \u00e8 lieta di offrirti nuove esperienze a Lione. Scopri Lione, il suo patrimonio, i suoi monumenti e, naturalmente, la sua gastronomia!","robots":{"index":"index","follow":"follow","max-snippet":"max-snippet:-1","max-image-preview":"max-image-preview:large","max-video-preview":"max-video-preview:-1"},"canonical":"https:\/\/www.lyoncitytour.fr\/it\/balades-gourmandes-2\/","og_locale":"it_IT","og_type":"article","og_title":"Visite gastronomiche - Lyon City Tour","og_description":"Lyon City Tour \u00e8 lieta di offrirti nuove esperienze a Lione. Scopri Lione, il suo patrimonio, i suoi monumenti e, naturalmente, la sua gastronomia!","og_url":"https:\/\/www.lyoncitytour.fr\/it\/balades-gourmandes-2\/","og_site_name":"Lyon City Tour","article_modified_time":"2025-02-21T09:48:48+00:00","og_image":[{"width":1024,"height":1024,"url":"https:\/\/www.lyoncitytour.fr\/wp-content\/uploads\/5-1024x1024.png","type":"image\/png"}],"twitter_card":"summary_large_image","twitter_misc":{"Tempo di lettura stimato":"1 minuto"},"schema":{"@context":"https:\/\/schema.org","@graph":[{"@type":"WebPage","@id":"https:\/\/www.lyoncitytour.fr\/it\/balades-gourmandes-2\/","url":"https:\/\/www.lyoncitytour.fr\/it\/balades-gourmandes-2\/","name":"Visite gastronomiche - Lyon City Tour","isPartOf":{"@id":"https:\/\/www.lyoncitytour.fr\/it\/#website"},"primaryImageOfPage":{"@id":"https:\/\/www.lyoncitytour.fr\/it\/balades-gourmandes-2\/#primaryimage"},"image":{"@id":"https:\/\/www.lyoncitytour.fr\/it\/balades-gourmandes-2\/#primaryimage"},"thumbnailUrl":"https:\/\/www.lyoncitytour.fr\/wp-content\/uploads\/5.png","datePublished":"2023-03-08T09:48:31+00:00","dateModified":"2025-02-21T09:48:48+00:00","description":"Lyon City Tour \u00e8 lieta di offrirti nuove esperienze a Lione. Scopri Lione, il suo patrimonio, i suoi monumenti e, naturalmente, la sua gastronomia!","breadcrumb":{"@id":"https:\/\/www.lyoncitytour.fr\/it\/balades-gourmandes-2\/#breadcrumb"},"inLanguage":"it-IT","potentialAction":[{"@type":"ReadAction","target":["https:\/\/www.lyoncitytour.fr\/it\/balades-gourmandes-2\/"]}]},{"@type":"ImageObject","inLanguage":"it-IT","@id":"https:\/\/www.lyoncitytour.fr\/it\/balades-gourmandes-2\/#primaryimage","url":"https:\/\/www.lyoncitytour.fr\/wp-content\/uploads\/5.png","contentUrl":"https:\/\/www.lyoncitytour.fr\/wp-content\/uploads\/5.png","width":2380,"height":2380},{"@type":"BreadcrumbList","@id":"https:\/\/www.lyoncitytour.fr\/it\/balades-gourmandes-2\/#breadcrumb","itemListElement":[{"@type":"ListItem","position":1,"name":"Accueil","item":"https:\/\/www.lyoncitytour.fr\/it\/accueil\/"},{"@type":"ListItem","position":2,"name":"Visite gastronomiche"}]},{"@type":"WebSite","@id":"https:\/\/www.lyoncitytour.fr\/it\/#website","url":"https:\/\/www.lyoncitytour.fr\/it\/","name":"Lyon City Tour","description":"","publisher":{"@id":"https:\/\/www.lyoncitytour.fr\/it\/#organization"},"potentialAction":[{"@type":"SearchAction","target":{"@type":"EntryPoint","urlTemplate":"https:\/\/www.lyoncitytour.fr\/it\/?s={search_term_string}"},"query-input":{"@type":"PropertyValueSpecification","valueRequired":true,"valueName":"search_term_string"}}],"inLanguage":"it-IT"},{"@type":"Organization","@id":"https:\/\/www.lyoncitytour.fr\/it\/#organization","name":"Lyon City Tour","url":"https:\/\/www.lyoncitytour.fr\/it\/","logo":{"@type":"ImageObject","inLanguage":"it-IT","@id":"https:\/\/www.lyoncitytour.fr\/it\/#\/schema\/logo\/image\/","url":"https:\/\/www.lyoncitytour.fr\/wp-content\/uploads\/2019\/03\/logo.png","contentUrl":"https:\/\/www.lyoncitytour.fr\/wp-content\/uploads\/2019\/03\/logo.png","width":572,"height":287,"caption":"Lyon City Tour"},"image":{"@id":"https:\/\/www.lyoncitytour.fr\/it\/#\/schema\/logo\/image\/"}}]}},"_links":{"self":[{"href":"https:\/\/www.lyoncitytour.fr\/it\/wp-json\/wp\/v2\/pages\/22820","targetHints":{"allow":["GET"]}}],"collection":[{"href":"https:\/\/www.lyoncitytour.fr\/it\/wp-json\/wp\/v2\/pages"}],"about":[{"href":"https:\/\/www.lyoncitytour.fr\/it\/wp-json\/wp\/v2\/types\/page"}],"author":[{"embeddable":true,"href":"https:\/\/www.lyoncitytour.fr\/it\/wp-json\/wp\/v2\/users\/5"}],"replies":[{"embeddable":true,"href":"https:\/\/www.lyoncitytour.fr\/it\/wp-json\/wp\/v2\/comments?post=22820"}],"version-history":[{"count":0,"href":"https:\/\/www.lyoncitytour.fr\/it\/wp-json\/wp\/v2\/pages\/22820\/revisions"}],"wp:featuredmedia":[{"embeddable":true,"href":"https:\/\/www.lyoncitytour.fr\/it\/wp-json\/wp\/v2\/media\/21872"}],"wp:attachment":[{"href":"https:\/\/www.lyoncitytour.fr\/it\/wp-json\/wp\/v2\/media?parent=22820"}],"curies":[{"name":"wp","href":"https:\/\/api.w.org\/{rel}","templated":true}]}}