{"id":23476,"date":"2019-03-06T16:49:06","date_gmt":"2019-03-06T15:49:06","guid":{"rendered":"https:\/\/www.lyoncitytour.fr\/mentions-legales\/"},"modified":"2025-01-29T19:33:51","modified_gmt":"2025-01-29T18:33:51","slug":"mentions-legales","status":"publish","type":"page","link":"https:\/\/www.lyoncitytour.fr\/it\/mentions-legales\/","title":{"rendered":"Legale"},"content":{"rendered":"\t\t<div data-elementor-type=\"wp-page\" data-elementor-id=\"23476\" class=\"elementor elementor-23476 elementor-47\" data-elementor-settings=\"{&quot;ha_cmc_init_switcher&quot;:&quot;no&quot;}\" data-elementor-post-type=\"page\">\n\t\t\t\t<div class=\"elementor-element elementor-element-60df2168 e-flex e-con-boxed e-con e-parent\" data-id=\"60df2168\" data-element_type=\"container\" data-e-type=\"container\" data-settings=\"{&quot;_ha_eqh_enable&quot;:false}\">\n\t\t\t\t\t<div class=\"e-con-inner\">\n\t\t\t\t<div class=\"elementor-element elementor-element-27f808da elementor-widget elementor-widget-text-editor\" data-id=\"27f808da\" data-element_type=\"widget\" data-e-type=\"widget\" data-widget_type=\"text-editor.default\">\n\t\t\t\t<div class=\"elementor-widget-container\">\n\t\t\t\t\t\t\t\t\t\n<p>Editore del sito web:<\/p>\n\n<p>Tour della citt\u00e0 di Lione<br>1 rue de la Martini\u00e8re, 69001 Lione<br>Tel.: 04.78.56.32.39 <\/p>\n\n<p>S.A.R.L. con capitale sociale di 250.000 euro \u2013 R.C.S. Lione 482 488 079<br>Dichiarazione CNIL: Elaborazione NS-048 Gestione dei file dei clienti e dei potenziali clienti.<br>Ricevuta CNIL n\u00b0 1398235<\/p>\n\n<p>Direttore della pubblicazione: Olivier Michel<\/p>\n\n<p>Progettazione e produzione di siti web:<\/p>\n\n<p>TU-P<\/p>\n\n<p>Alloggio:<\/p>\n\n<p>OVH<br>2 rue Kellermann, 59100 Roubaix<\/p>\n\n<p>Diritto d\u2019autore:<\/p>\n\n<p>Il sito www.lyoncitytour.fr \u00e8 una creazione protetta da copyright. I testi, i disegni, le foto, la grafica e gli altri elementi di questo sito web sono protetti da copyright. Qualsiasi copia, adattamento, traduzione, arrangiamento, comunicazione al pubblico, noleggio e altro sfruttamento, modifica di tutti o parte di questi siti in qualsiasi forma e con qualsiasi mezzo, elettronico, meccanico o di altro tipo, \u00e8 severamente vietata senza il previo consenso scritto di Lyon City Tour. Qualsiasi violazione di questi diritti pu\u00f2 comportare un&#8217;azione civile o penale.   <\/p>\n\n<p>Responsabilit\u00e0 per i contenuti:<\/p>\n\n<p>Lyon City Tour pone la massima cura nella creazione e nell&#8217;aggiornamento di questo sito. Tuttavia, Lyon City Tour non pu\u00f2 garantire l&#8217;accuratezza delle informazioni in esso contenute. L&#8217;utente \u00e8 consapevole che le informazioni sono soggette a modifiche senza preavviso. Lyon City Tour declina ogni responsabilit\u00e0 per il contenuto del sito e il suo utilizzo. Questo sito pu\u00f2 fornire link o riferimenti ad altri siti. Lyon City Tour non \u00e8 responsabile per il contenuto di questi altri siti, e non sar\u00e0 ritenuta responsabile per eventuali danni o pregiudizi derivanti da essi. Questi collegamenti esterni sono forniti agli utenti di questo sito esclusivamente per comodit\u00e0.      <\/p>\n\n<p>Modulo di contatto:<\/p>\n\n<p>Ai sensi della legge sulla protezione dei dati (art. 34 della legge sulla protezione dei dati), l&#8217;utente ha il diritto di accedere, rettificare e cancellare i dati che lo riguardano. Per esercitare questo diritto, contattare Lyon City Tour. Le informazioni raccolte dalle persone attraverso i moduli di contatto non possono essere divulgate a persone diverse da Lyon City Tour. Verranno utilizzati solo nel contesto per il quale sono stati raccolti. Tuttavia, le tue risposte sono facoltative e la mancata risposta non comporter\u00e0 alcuna conseguenza particolare. Tuttavia, le tue risposte devono essere sufficienti per consentirci di elaborare le informazioni.     <\/p>\n\n<p><strong>CONDIZIONI GENERALI DI VENDITA<\/strong><\/p>\n\n<p>Condizioni generali di vendita e di utilizzo del sito web www.lyoncitytour.fr<\/p>\n<p>I fornitori di servizi di trasporto sono tenuti a informare i passeggeri sulla quantit\u00e0 di gas serra emessi durante il servizio di trasporto.<br>Questo valore \u00e8 espresso come anidride carbonica equivalente o CO2e<\/p>\n<p>Per il tour della citt\u00e0 di Lione: informazioni sulle emissioni di CO2e = 29,5 g di CO2e per passeggero<\/p>\n\n<p>Lyon le Grand Tour \u2013 Lyon City Tour \u00e8 una societ\u00e0 per azioni semplificata con un capitale di 200.000 euro, la cui sede legale si trova in 1 rue de la Martini\u00e8re, 69001 LIONE, iscritta al Registro del Commercio e delle Societ\u00e0 di Lione con il numero 482 488 039.<br>\u2013 Garanzia finanziaria con Lyonnaise de Banque.<br>\u2013 Assicurazione di responsabilit\u00e0 civile professionale MMA, Hiscox e R\u00e9unir<\/p>\n\n<p>Lyon le Grand Tour \u2013 offre sul sito web www.lyoncitytour.fr (di seguito il &#8220;Sito Web&#8221;) un servizio di biglietteria per servizi turistici.<\/p>\n\n<p>Articolo 1. Definizioni e campo di applicazione <\/p>\n\n<p>1.1 Definizioni<\/p>\n\n<p>Le definizioni che seguono hanno lo stesso significato sia che siano usate al singolare che al plurale.<br>Per &#8220;Utente&#8221; si intende qualsiasi utente del Sito che navighi, legga, prenoti, ordini e\/o acquisti uno o pi\u00f9 Servizi offerti sul Sito.<br>Per &#8220;Partner&#8221; si intendono tutti i fornitori di Servizi.<br>Per &#8220;Servizio&#8221; si intende qualsiasi fornitura di servizi offerti sul Sito.<\/p>\n\n<p>1.2 Campo d&#8217;applicazione<\/p>\n\n<p>Le presenti Condizioni Generali di Vendita e di Utilizzo (&#8220;di seguito le Condizioni Generali&#8221;) disciplinano l&#8217;offerta e la fornitura dei Servizi.<\/p>\n\n<p>L&#8217;ordine dei Servizi \u00e8 riservato ai soli Utenti che abbiano preventivamente letto integralmente le Condizioni Generali e le abbiano accettate senza riserve, barrando l&#8217;apposita casella. Senza questa accettazione, la continuazione del processo di ordinazione \u00e8 tecnicamente impossibile. <\/p>\n\n<p>Le Condizioni Generali possono essere modificate in qualsiasi momento, senza preavviso, fermo restando che tali modifiche non si applicheranno agli ordini di Servizi che sono gi\u00e0 stati accettati da Lyon City Tour in nome e per conto del\/i Partner\/i interessato\/i. \u00c8 quindi imperativo che l&#8217;Utente consulti e accetti le Condizioni Generali al momento dell&#8217;effettuazione dell&#8217;ordine, in particolare al fine di garantire le disposizioni in vigore. <\/p>\n\n<p>Articolo 2. Ordina sul sito web www.lyoncitytour.fr <\/p>\n\n<p>2.1 Capacit\u00e0 \u2013 Utilizzo del Sito<\/p>\n\n<p>La funzione del Sito \u00e8 quella di assistere l&#8217;Utente nella ricerca dei Servizi e di effettuare le opportune prenotazioni. L&#8217;Utente deve avere almeno 18 anni di et\u00e0, essere legalmente in grado di contrattare e utilizzare questo Sito in conformit\u00e0 con i Termini e Condizioni Generali. <\/p>\n\n<p>Salvo il caso di frode, per la quale spetta all&#8217;Utente fornire la prova, l&#8217;Utente \u00e8 finanziariamente responsabile delle sue azioni sul Sito, in particolare dell&#8217;uso che verr\u00e0 fatto del suo indirizzo e-mail e della sua password. Garantisce inoltre la veridicit\u00e0 e l&#8217;accuratezza delle informazioni che lo riguardano fornite sul Sito. <\/p>\n\n<p>Qualsiasi utilizzo del Sito che sia fraudolento, o che contravvenga alle presenti Condizioni Generali, giustificher\u00e0 il rifiuto dell&#8217;Utente, in qualsiasi momento, dell&#8217;accesso ai Servizi offerti dai Partner o ad altre funzionalit\u00e0 del Sito.<\/p>\n\n<p>2.2 Inserimento e annullamento degli ordini<\/p>\n\n<p>L&#8217;Utente pu\u00f2 ordinare tramite il Sito solo dopo aver convalidato le presenti Condizioni Generali e le Condizioni Specifiche dei Partner applicabili.<\/p>\n\n<p>La conferma dell&#8217;ordine, che include gli elementi essenziali, come l&#8217;identificazione del\/i Servizio\/i ordinato\/i e il prezzo, sar\u00e0 inviata all&#8217;Utente via e-mail entro un termine massimo di due giorni dalla data dell&#8217;ordine.<\/p>\n\n<p>Tutte le condizioni di cancellazione, eventuale rettifica degli ordini e\/o rimborsi sono accessibili direttamente sul Sito prima della prenotazione e, se necessario, menzionate nella conferma d&#8217;ordine o nelle Condizioni Specifiche.<\/p>\n\n<p>Qualsiasi cancellazione o richiesta di modifica (fino a 24 ore prima della visita programmata) deve essere inviata via e-mail con avviso di ricevimento al seguente indirizzo: info@lyoncitytour.fr. Per eventuali modifiche apportate dall&#8217;Utente, i biglietti acquistati possono essere utilizzati in un secondo momento e hanno validit\u00e0 di 1 anno. Per qualsiasi richiesta di cancellazione avanzata dall&#8217;Utente, le somme versate dall&#8217;Utente saranno rimborsate entro un termine ragionevole.  <\/p>\n\n<p>Trascorse le 24 ore precedenti la visita programmata, qualsiasi richiesta di cancellazione o modifica non pu\u00f2 essere presa in considerazione.<\/p>\n\n<p>2.3 Pagamento e prova d&#8217;acquisto<\/p>\n\n<p>I prezzi indicati in questo sito sono espressi in euro e, salvo diversa indicazione, sono comprensivi di IVA.<\/p>\n\n<p>Il pagamento deve essere effettuato al momento della prenotazione o dell&#8217;ordine, con carta di credito utilizzando il sistema di pagamento sicuro predisposto sul Sito.<\/p>\n\n<p>Spetta poi all&#8217;Utente stampare sulla propria stampante il voucher che dovr\u00e0 presentare al fornitore del servizio per beneficiare dei servizi acquistati: questo gli verr\u00e0 inviato via email non appena le sue prenotazioni saranno confermate.<\/p>\n\n<p>L&#8217;Utente \u00e8 pertanto tenuto a verificare preventivamente di essere in grado di stampare il voucher o il voucher: in nessun caso la sola ricevuta bancaria potr\u00e0 essere utilizzata come prova d&#8217;acquisto.<\/p>\n\n<p>Articolo 3. Protezione dei dati personali <\/p>\n\n<p>Il Sito \u00e8 stato regolarmente dichiarato alla CNIL: Trattamento NS-048 Gestione dei file dei clienti e dei potenziali clienti. Ricevuta CNIL n\u00b0 1398235. <\/p>\n\n<p>Le informazioni fornite dall&#8217;Utente sul Sito consentono l&#8217;elaborazione e l&#8217;esecuzione dei suoi ordini.<\/p>\n\n<p>Ai sensi dell&#8217;articolo 32 della legge del 6 gennaio 1978 sulla protezione dei dati, modificata dalla legge 2004-801 del 6 agosto 2004, le informazioni essenziali per l&#8217;elaborazione e l&#8217;esecuzione degli ordini sono indicate da un asterisco nelle pagine del Sito.<\/p>\n\n<p>Altre richieste di informazioni che richiedono una risposta facoltativa, o informazioni relative all&#8217;interesse dell&#8217;Utente per le offerte che possono essere rivolte a lui\/lei, hanno lo scopo di conoscerlo meglio e di migliorare i servizi a lui offerti.<\/p>\n\n<p>Articolo 4. Responsabilit\u00e0 <\/p>\n\n<p>I prezzi, stabiliti in base alle condizioni economiche vigenti, cos\u00ec come gli orari, i programmi e le durate dei servizi sono soggetti a variazioni: i prezzi comprendono tutti i servizi indicati nella descrizione di ciascun servizio.<\/p>\n\n<p>L&#8217;imbarco non pu\u00f2 essere garantito se non si arriva 10 minuti prima della partenza.<\/p>\n\n<p>Foto e illustrazioni<\/p>\n\n<p>Si fa del suo meglio per fornire foto e illustrazioni che offrano all&#8217;Utente una panoramica dei Servizi offerti.<\/p>\n\n<p>Articolo 5. Legge applicabile <\/p>\n\n<p>Le Condizioni Generali sono soggette al diritto francese. Qualsiasi controversia relativa alla loro interpretazione e\/o esecuzione sar\u00e0 soggetta ad arbitrato da parte del Tribunale di Lione. <\/p>\n\n<p>Articolo 6. Propriet\u00e0 intellettuale <\/p>\n\n<p>Lyon le Grand Tour \/ Lyon City Tour \u00e8 il proprietario di tutti i diritti di propriet\u00e0 intellettuale per tutti gli elementi che appaiono sul sito. \u00c8 pertanto vietata la riproduzione, la modifica, il trasferimento o lo sfruttamento totale o parziale del sito senza l&#8217;espressa autorizzazione scritta di Lyon le Grand Tour: \u00e8 tuttavia tollerata la riproduzione parziale per scopi strettamente privati. \u00c8 vietato rivendere prodotti o utilizzare il sito per scopi commerciali senza l&#8217;espressa autorizzazione scritta di Lyon City Tour.  <\/p>\n\t\t\t\t\t\t\t\t<\/div>\n\t\t\t\t<\/div>\n\t\t\t\t\t<\/div>\n\t\t\t\t<\/div>\n\t\t\t\t<\/div>\n\t\t","protected":false},"excerpt":{"rendered":"<p>Editore del sito web: Tour della citt\u00e0 di Lione1 rue de la Martini\u00e8re, 69001 LioneTel.: 04.78.56.32.39 S.A.R.L. con capitale sociale di 250.000 euro \u2013 R.C.S. Lione 482 488 079Dichiarazione CNIL: Elaborazione NS-048 Gestione dei file dei clienti e dei potenziali clienti.Ricevuta CNIL n\u00b0 1398235 Direttore della pubblicazione: Olivier Michel Progettazione e produzione di siti web: TU-P Alloggio: OVH2 rue Kellermann,&hellip;<\/p>\n","protected":false},"author":1,"featured_media":0,"parent":0,"menu_order":0,"comment_status":"closed","ping_status":"closed","template":"","meta":{"footnotes":""},"class_list":["post-23476","page","type-page","status-publish","hentry"],"yoast_head":"<!-- This site is optimized with the Yoast SEO plugin v27.4 - https:\/\/yoast.com\/product\/yoast-seo-wordpress\/ -->\n<title>Legale - Lyon City Tour<\/title>\n<meta name=\"description\" content=\"Menzioni speciali riguardanti il tour della citt\u00e0 di Lione. Informazioni sull&#039;azienda.\" \/>\n<meta name=\"robots\" content=\"index, follow, max-snippet:-1, max-image-preview:large, max-video-preview:-1\" \/>\n<link rel=\"canonical\" href=\"https:\/\/www.lyoncitytour.fr\/it\/mentions-legales\/\" \/>\n<meta property=\"og:locale\" content=\"it_IT\" \/>\n<meta property=\"og:type\" content=\"article\" \/>\n<meta property=\"og:title\" content=\"Legale - Lyon City Tour\" \/>\n<meta property=\"og:description\" content=\"Menzioni speciali riguardanti il tour della citt\u00e0 di Lione. Informazioni sull&#039;azienda.\" \/>\n<meta property=\"og:url\" content=\"https:\/\/www.lyoncitytour.fr\/it\/mentions-legales\/\" \/>\n<meta property=\"og:site_name\" content=\"Lyon City Tour\" \/>\n<meta property=\"article:modified_time\" content=\"2025-01-29T18:33:51+00:00\" \/>\n<meta name=\"twitter:card\" content=\"summary_large_image\" \/>\n<meta name=\"twitter:label1\" content=\"Tempo di lettura stimato\" \/>\n\t<meta name=\"twitter:data1\" content=\"7 minuti\" \/>\n<script type=\"application\/ld+json\" class=\"yoast-schema-graph\">{\"@context\":\"https:\\\/\\\/schema.org\",\"@graph\":[{\"@type\":\"WebPage\",\"@id\":\"https:\\\/\\\/www.lyoncitytour.fr\\\/it\\\/mentions-legales\\\/\",\"url\":\"https:\\\/\\\/www.lyoncitytour.fr\\\/it\\\/mentions-legales\\\/\",\"name\":\"Legale - Lyon City Tour\",\"isPartOf\":{\"@id\":\"https:\\\/\\\/www.lyoncitytour.fr\\\/it\\\/#website\"},\"datePublished\":\"2019-03-06T15:49:06+00:00\",\"dateModified\":\"2025-01-29T18:33:51+00:00\",\"description\":\"Menzioni speciali riguardanti il tour della citt\u00e0 di Lione. Informazioni sull'azienda.\",\"breadcrumb\":{\"@id\":\"https:\\\/\\\/www.lyoncitytour.fr\\\/it\\\/mentions-legales\\\/#breadcrumb\"},\"inLanguage\":\"it-IT\",\"potentialAction\":[{\"@type\":\"ReadAction\",\"target\":[\"https:\\\/\\\/www.lyoncitytour.fr\\\/it\\\/mentions-legales\\\/\"]}]},{\"@type\":\"BreadcrumbList\",\"@id\":\"https:\\\/\\\/www.lyoncitytour.fr\\\/it\\\/mentions-legales\\\/#breadcrumb\",\"itemListElement\":[{\"@type\":\"ListItem\",\"position\":1,\"name\":\"Accueil\",\"item\":\"https:\\\/\\\/www.lyoncitytour.fr\\\/it\\\/accueil\\\/\"},{\"@type\":\"ListItem\",\"position\":2,\"name\":\"Legale\"}]},{\"@type\":\"WebSite\",\"@id\":\"https:\\\/\\\/www.lyoncitytour.fr\\\/it\\\/#website\",\"url\":\"https:\\\/\\\/www.lyoncitytour.fr\\\/it\\\/\",\"name\":\"Lyon City Tour\",\"description\":\"\",\"publisher\":{\"@id\":\"https:\\\/\\\/www.lyoncitytour.fr\\\/it\\\/#organization\"},\"potentialAction\":[{\"@type\":\"SearchAction\",\"target\":{\"@type\":\"EntryPoint\",\"urlTemplate\":\"https:\\\/\\\/www.lyoncitytour.fr\\\/it\\\/?s={search_term_string}\"},\"query-input\":{\"@type\":\"PropertyValueSpecification\",\"valueRequired\":true,\"valueName\":\"search_term_string\"}}],\"inLanguage\":\"it-IT\"},{\"@type\":\"Organization\",\"@id\":\"https:\\\/\\\/www.lyoncitytour.fr\\\/it\\\/#organization\",\"name\":\"Lyon City Tour\",\"url\":\"https:\\\/\\\/www.lyoncitytour.fr\\\/it\\\/\",\"logo\":{\"@type\":\"ImageObject\",\"inLanguage\":\"it-IT\",\"@id\":\"https:\\\/\\\/www.lyoncitytour.fr\\\/it\\\/#\\\/schema\\\/logo\\\/image\\\/\",\"url\":\"https:\\\/\\\/www.lyoncitytour.fr\\\/wp-content\\\/uploads\\\/2019\\\/03\\\/logo.png\",\"contentUrl\":\"https:\\\/\\\/www.lyoncitytour.fr\\\/wp-content\\\/uploads\\\/2019\\\/03\\\/logo.png\",\"width\":572,\"height\":287,\"caption\":\"Lyon City Tour\"},\"image\":{\"@id\":\"https:\\\/\\\/www.lyoncitytour.fr\\\/it\\\/#\\\/schema\\\/logo\\\/image\\\/\"}}]}<\/script>\n<!-- \/ Yoast SEO plugin. -->","yoast_head_json":{"title":"Legale - Lyon City Tour","description":"Menzioni speciali riguardanti il tour della citt\u00e0 di Lione. Informazioni sull'azienda.","robots":{"index":"index","follow":"follow","max-snippet":"max-snippet:-1","max-image-preview":"max-image-preview:large","max-video-preview":"max-video-preview:-1"},"canonical":"https:\/\/www.lyoncitytour.fr\/it\/mentions-legales\/","og_locale":"it_IT","og_type":"article","og_title":"Legale - Lyon City Tour","og_description":"Menzioni speciali riguardanti il tour della citt\u00e0 di Lione. Informazioni sull'azienda.","og_url":"https:\/\/www.lyoncitytour.fr\/it\/mentions-legales\/","og_site_name":"Lyon City Tour","article_modified_time":"2025-01-29T18:33:51+00:00","twitter_card":"summary_large_image","twitter_misc":{"Tempo di lettura stimato":"7 minuti"},"schema":{"@context":"https:\/\/schema.org","@graph":[{"@type":"WebPage","@id":"https:\/\/www.lyoncitytour.fr\/it\/mentions-legales\/","url":"https:\/\/www.lyoncitytour.fr\/it\/mentions-legales\/","name":"Legale - Lyon City Tour","isPartOf":{"@id":"https:\/\/www.lyoncitytour.fr\/it\/#website"},"datePublished":"2019-03-06T15:49:06+00:00","dateModified":"2025-01-29T18:33:51+00:00","description":"Menzioni speciali riguardanti il tour della citt\u00e0 di Lione. Informazioni sull'azienda.","breadcrumb":{"@id":"https:\/\/www.lyoncitytour.fr\/it\/mentions-legales\/#breadcrumb"},"inLanguage":"it-IT","potentialAction":[{"@type":"ReadAction","target":["https:\/\/www.lyoncitytour.fr\/it\/mentions-legales\/"]}]},{"@type":"BreadcrumbList","@id":"https:\/\/www.lyoncitytour.fr\/it\/mentions-legales\/#breadcrumb","itemListElement":[{"@type":"ListItem","position":1,"name":"Accueil","item":"https:\/\/www.lyoncitytour.fr\/it\/accueil\/"},{"@type":"ListItem","position":2,"name":"Legale"}]},{"@type":"WebSite","@id":"https:\/\/www.lyoncitytour.fr\/it\/#website","url":"https:\/\/www.lyoncitytour.fr\/it\/","name":"Lyon City Tour","description":"","publisher":{"@id":"https:\/\/www.lyoncitytour.fr\/it\/#organization"},"potentialAction":[{"@type":"SearchAction","target":{"@type":"EntryPoint","urlTemplate":"https:\/\/www.lyoncitytour.fr\/it\/?s={search_term_string}"},"query-input":{"@type":"PropertyValueSpecification","valueRequired":true,"valueName":"search_term_string"}}],"inLanguage":"it-IT"},{"@type":"Organization","@id":"https:\/\/www.lyoncitytour.fr\/it\/#organization","name":"Lyon City Tour","url":"https:\/\/www.lyoncitytour.fr\/it\/","logo":{"@type":"ImageObject","inLanguage":"it-IT","@id":"https:\/\/www.lyoncitytour.fr\/it\/#\/schema\/logo\/image\/","url":"https:\/\/www.lyoncitytour.fr\/wp-content\/uploads\/2019\/03\/logo.png","contentUrl":"https:\/\/www.lyoncitytour.fr\/wp-content\/uploads\/2019\/03\/logo.png","width":572,"height":287,"caption":"Lyon City Tour"},"image":{"@id":"https:\/\/www.lyoncitytour.fr\/it\/#\/schema\/logo\/image\/"}}]}},"_links":{"self":[{"href":"https:\/\/www.lyoncitytour.fr\/it\/wp-json\/wp\/v2\/pages\/23476","targetHints":{"allow":["GET"]}}],"collection":[{"href":"https:\/\/www.lyoncitytour.fr\/it\/wp-json\/wp\/v2\/pages"}],"about":[{"href":"https:\/\/www.lyoncitytour.fr\/it\/wp-json\/wp\/v2\/types\/page"}],"author":[{"embeddable":true,"href":"https:\/\/www.lyoncitytour.fr\/it\/wp-json\/wp\/v2\/users\/1"}],"replies":[{"embeddable":true,"href":"https:\/\/www.lyoncitytour.fr\/it\/wp-json\/wp\/v2\/comments?post=23476"}],"version-history":[{"count":0,"href":"https:\/\/www.lyoncitytour.fr\/it\/wp-json\/wp\/v2\/pages\/23476\/revisions"}],"wp:attachment":[{"href":"https:\/\/www.lyoncitytour.fr\/it\/wp-json\/wp\/v2\/media?parent=23476"}],"curies":[{"name":"wp","href":"https:\/\/api.w.org\/{rel}","templated":true}]}}